{"id":330,"date":"2016-04-09T18:19:26","date_gmt":"2016-04-09T18:19:26","guid":{"rendered":"http:\/\/ingycort.com.ar\/?page_id=330"},"modified":"2024-05-17T10:47:46","modified_gmt":"2024-05-17T13:47:46","slug":"services","status":"publish","type":"page","link":"https:\/\/ingycort.com.ar\/?page_id=330","title":{"rendered":"OBRAS REALIZADAS"},"content":{"rendered":"<h3><\/h3>\n<ul>\n<li>\n<h4><a href=\"http:\/\/ingycort.com.ar\/?page_id=460\">AUTOMOTRIZ<\/a><\/h4>\n<\/li>\n<li>\n<h4><a href=\"http:\/\/ingycort.com.ar\/?page_id=462\">AUTOPARTISTA (NACIONAL)<\/a><\/h4>\n<\/li>\n<li>\n<h4><a href=\"http:\/\/ingycort.com.ar\/?page_id=464\">AUTOPARTISTA (EXPORTACI\u00d3N)<\/a><\/h4>\n<\/li>\n<li>\n<h4><a href=\"http:\/\/ingycort.com.ar\/?page_id=469\">PLANTAS DE TRATAMIENTO DE AGUA (DEGREMONT ARG. S.A.)<\/a><\/h4>\n<\/li>\n<li>\n<h4><a href=\"http:\/\/ingycort.com.ar\/?page_id=473\">AGRO- ALIMENTICIO<\/a><\/h4>\n<\/li>\n<li>\n<h4><a href=\"http:\/\/ingycort.com.ar\/?page_id=475\">INDUSTRIA DEL PAPEL Y MADERA<\/a><\/h4>\n<\/li>\n<li>\n<h4><a href=\"http:\/\/ingycort.com.ar\/?page_id=477\">GAS, PETROLEO Y QU\u00cdMICOS<\/a><\/h4>\n<\/li>\n<li>\n<h4><a href=\"http:\/\/ingycort.com.ar\/?page_id=479\">HORMIG\u00d3N Y CER\u00c1MICA<\/a><\/h4>\n<\/li>\n<li>\n<h4><a href=\"http:\/\/ingycort.com.ar\/?page_id=481\">MANTENIMIENTO GENERAL DE PLANTAS INDUSTRIALES (OUTSOURSING)<\/a><\/h4>\n<\/li>\n<li>\n<h4><a href=\"http:\/\/ingycort.com.ar\/?page_id=483\">EDIFICIOS INTELIGENTES, SISTEMAS DE CONTROL CORPORATIVOS<\/a><\/h4>\n<\/li>\n<li>\n<h4><a href=\"http:\/\/ingycort.com.ar\/?page_id=486\">APLICACIONES VARIAS.<\/a><\/h4>\n<\/li>\n<\/ul>\n<p>RECIENTES<\/p>\n<ul>\n<li>\n<h4><a href=\"http:\/\/ingycort.com.ar\/?page_id=1126\">AEROPUERTO INTERNACIONAL DE ROSARIO.<\/a><\/h4>\n<\/li>\n<li>\n<h4><a href=\"http:\/\/ingycort.com.ar\/?page_id=467\">PLANTAS DE TRATAMIENTO DE AGUA (AYSA)<\/a><\/h4>\n<\/li>\n<\/ul>\n","protected":false},"excerpt":{"rendered":"<p>AUTOMOTRIZ AUTOPARTISTA (NACIONAL) AUTOPARTISTA (EXPORTACI\u00d3N) PLANTAS DE TRATAMIENTO DE AGUA (DEGREMONT ARG. S.A.) AGRO- ALIMENTICIO INDUSTRIA DEL PAPEL Y MADERA GAS, PETROLEO Y QU\u00cdMICOS HORMIG\u00d3N Y CER\u00c1MICA MANTENIMIENTO GENERAL DE PLANTAS INDUSTRIALES (OUTSOURSING) EDIFICIOS INTELIGENTES, SISTEMAS DE CONTROL CORPORATIVOS APLICACIONES VARIAS. RECIENTES AEROPUERTO INTERNACIONAL DE ROSARIO. PLANTAS DE TRATAMIENTO DE AGUA (AYSA)<\/p>\n","protected":false},"author":1,"featured_media":0,"parent":0,"menu_order":0,"comment_status":"closed","ping_status":"closed","template":"","meta":[],"_links":{"self":[{"href":"https:\/\/ingycort.com.ar\/index.php?rest_route=\/wp\/v2\/pages\/330"}],"collection":[{"href":"https:\/\/ingycort.com.ar\/index.php?rest_route=\/wp\/v2\/pages"}],"about":[{"href":"https:\/\/ingycort.com.ar\/index.php?rest_route=\/wp\/v2\/types\/page"}],"author":[{"embeddable":true,"href":"https:\/\/ingycort.com.ar\/index.php?rest_route=\/wp\/v2\/users\/1"}],"replies":[{"embeddable":true,"href":"https:\/\/ingycort.com.ar\/index.php?rest_route=%2Fwp%2Fv2%2Fcomments&post=330"}],"version-history":[{"count":21,"href":"https:\/\/ingycort.com.ar\/index.php?rest_route=\/wp\/v2\/pages\/330\/revisions"}],"predecessor-version":[{"id":1226,"href":"https:\/\/ingycort.com.ar\/index.php?rest_route=\/wp\/v2\/pages\/330\/revisions\/1226"}],"wp:attachment":[{"href":"https:\/\/ingycort.com.ar\/index.php?rest_route=%2Fwp%2Fv2%2Fmedia&parent=330"}],"curies":[{"name":"wp","href":"https:\/\/api.w.org\/{rel}","templated":true}]}}