{"id":325,"date":"2016-04-09T18:17:26","date_gmt":"2016-04-09T18:17:26","guid":{"rendered":"http:\/\/ingycort.com.ar\/?page_id=325"},"modified":"2023-06-27T22:45:56","modified_gmt":"2023-06-28T01:45:56","slug":"home-page","status":"publish","type":"page","link":"https:\/\/ingycort.com.ar\/","title":{"rendered":"INGYCORT\u00ae"},"content":{"rendered":"<h1 style=\"text-align: center;\"><span style=\"text-decoration: underline;\">INGENIER\u00cdA Y CONTROL INDUSTRIAL\u00a0<\/span><\/h1>\n<p style=\"text-align: center;\"><img decoding=\"async\" loading=\"lazy\" class=\"alignnone wp-image-908\" src=\"http:\/\/ingycort.com.ar\/wp-content\/uploads\/2016\/04\/fondo2-1-300x108.jpg\" alt=\"fondo2\" width=\"753\" height=\"271\" srcset=\"https:\/\/ingycort.com.ar\/wp-content\/uploads\/2016\/04\/fondo2-1-300x108.jpg 300w, https:\/\/ingycort.com.ar\/wp-content\/uploads\/2016\/04\/fondo2-1.jpg 678w\" sizes=\"(max-width: 753px) 100vw, 753px\" \/><\/p>\n<h1 style=\"text-align: center;\"><\/h1>\n<p style=\"text-align: center;\"><strong>INGYCORT\u00ae cuenta con la solidez y la experiencia <\/strong><strong>suficiente para atender a una amplia gama de servicios en distintos sectores de la actividad <\/strong><strong>industrial, incorporando y capacitando a nuestros profesionales con nuevas tecnologias y aplicaciones.<\/strong><\/p>\n<hr \/>\n<h2 style=\"text-align: center;\"><span style=\"text-decoration: underline;\">ACTIVIDADES QUE SE DESARROLLAN:<\/span><\/h2>\n<ul>\n<li>Ingenieria electrica de baja potencia.<\/li>\n<li>Ingenieria electrica de control.<\/li>\n<li>Ingenieria de comunicaciones.<\/li>\n<li>Conectividad industrial y fibra Optica.<\/li>\n<li>Desarrollos especiales.<\/li>\n<li><a href=\"http:\/\/ingycort.com.ar\/?page_id=446\">SISTEMAS AUTOM\u00c1TICOS.<\/a><\/li>\n<\/ul>\n<h3 style=\"text-align: center;\"><span style=\"text-decoration: underline;\"><strong>SERVICIOS OFRECIDOS:<\/strong><\/span><\/h3>\n<h4><span style=\"text-decoration: underline;\">OUTSOURCING:<\/span><\/h4>\n<p>(Tercerizaci\u00f3n de servicios) en mantenimiento general de plantas industriales, por abono mensual o asistencia programada. El servicio comprende actividades de mantenimiento del sector:<\/p>\n<ul>\n<li>Mec\u00e1nico<\/li>\n<li>Neum\u00e1tico<\/li>\n<li>Hidr\u00e1ulico<\/li>\n<li>El\u00e9ctrico<\/li>\n<li>Edilicio<\/li>\n<\/ul>\n<h4><span style=\"text-decoration: underline;\">AUTOMATIZACI\u00d3N:<\/span><\/h4>\n<p>De maquinas y\/o procesos con la incorporaci\u00f3n y programaci\u00f3n de PLC&#8217;s y sistemas SCADAS. En la actualidad operamos con las siguientes marcas y \u00a0modelos:<\/p>\n<ul>\n<li>SCHNEIDER ELECTRIC &#8211; MODICON todos los modelos, incluyendo consolas de dialogo MAGELIS-XBT y modelos de PLC de la serie 7. Redes de comunicaci\u00f3n en UNITELWAY, MODBUS, MODBUS+, FIP-WAY Y TCP\/IP.<\/li>\n<li>SIEMENS, modelos de la serie S5, S7-200 y S7-300, incluyendo consolas de dialogo HMI linea OP. Redes de comunicaci\u00f3n en PROFIBUS y Ethernet industrial.<\/li>\n<li>ALLEN BRADLEY (ROCKWELL), Modelos de la linea MICROLOGIX, SLC500 y PLC 5. Incluyendo paneles de operaci\u00f3n gr\u00e1ficos como PV300 y PV550. Redes de comunicaci\u00f3n en DH+ y REMOTE I\/O.<\/li>\n<li>HITACHI, Toda la linea compacta y serie HC.<\/li>\n<li>MISUBISHI, Toda la linea FX.<\/li>\n<li>KOYO, Toda la linea DIRECT LOGIN 05, 06 y 205.<\/li>\n<li>OMRON, Linea CQM.<\/li>\n<li>IZUMI, Linea FA2 y FA3 y paneles de operaci\u00f3<\/li>\n<\/ul>\n<h5>Sistemas scada:<\/h5>\n<ul>\n<li>Integradores de P-CIM, con licencia de AFCON Inc.<\/li>\n<li>Operadores de WONDERWARE IN-TOUCH con licencia de WONDERWARE E.E.U.U.<\/li>\n<li>Operadores de WIN-CC de SIEMENS.<\/li>\n<li>Operadores de RS VIEW 32 de ROCKWELL.<\/li>\n<li>Operadores de TOPKAPI de AREAL.<\/li>\n<\/ul>\n<h5>Sistemas RTU:<\/h5>\n<ul>\n<li>Programaci\u00f3n y puesta en marcha de sistemas RTU MOSCAD MOTORLA 400 y MOSCAD-L.<\/li>\n<\/ul>\n<h4><span style=\"text-decoration: underline;\">DESARROLLOS ESPECIALES:<\/span><\/h4>\n<p>De maquinas para la industria en general, con inclusi\u00f3n de neum\u00e1tica, hidr\u00e1ulica y accionamientos mec\u00e1nicos. Tambi\u00e9n se han desarrollado prototipos en electr\u00f3nica con Micro-controladores, P.C&#8217;s industriales y placas de adquisici\u00f3n de datos (ADVANTECH).<\/p>\n<h4><span style=\"text-decoration: underline;\">INGENIER\u00cdA:<\/span><\/h4>\n<p>B\u00e1sica y\/o de detalle en el\u00e9ctrica, electr\u00f3nica y de montaje en campo. Instalaciones electromec\u00e1nicas. Generaci\u00f3n de planos en formato AUTOCAD.<\/p>\n<h4><span style=\"text-decoration: underline;\">SERVICE Y REPARACI\u00d3N:<\/span><\/h4>\n<p>De maquinas el\u00e9ctricas y electr\u00f3nicas industriales. Cambio de componentes, reemplazos de partes, ajustes y calibraciones.<\/p>\n<h4 style=\"text-align: center;\"><em><strong>NOTA: Si sus necesidades no se encuentran en esta lista, rogamos <a href=\"http:\/\/ingycort.com.ar\/?page_id=334\">CONSULTAR<\/a>.<\/strong><\/em><\/h4>\n<hr \/>\n","protected":false},"excerpt":{"rendered":"<p>INGENIER\u00cdA Y CONTROL INDUSTRIAL\u00a0 INGYCORT\u00ae cuenta con la solidez y la experiencia suficiente para atender a una amplia gama de servicios en distintos sectores de la actividad industrial, incorporando y capacitando a nuestros profesionales con nuevas tecnologias y aplicaciones. ACTIVIDADES QUE SE DESARROLLAN: Ingenieria electrica de baja potencia. Ingenieria electrica de control. Ingenieria de comunicaciones. <a href=\"https:\/\/ingycort.com.ar\/\" rel=\"nofollow\"><span class=\"sr-only\">Leer m\u00e1sINGYCORT\u00ae<\/span>[&hellip;]<\/a><\/p>\n","protected":false},"author":1,"featured_media":0,"parent":0,"menu_order":0,"comment_status":"closed","ping_status":"closed","template":"","meta":[],"_links":{"self":[{"href":"https:\/\/ingycort.com.ar\/index.php?rest_route=\/wp\/v2\/pages\/325"}],"collection":[{"href":"https:\/\/ingycort.com.ar\/index.php?rest_route=\/wp\/v2\/pages"}],"about":[{"href":"https:\/\/ingycort.com.ar\/index.php?rest_route=\/wp\/v2\/types\/page"}],"author":[{"embeddable":true,"href":"https:\/\/ingycort.com.ar\/index.php?rest_route=\/wp\/v2\/users\/1"}],"replies":[{"embeddable":true,"href":"https:\/\/ingycort.com.ar\/index.php?rest_route=%2Fwp%2Fv2%2Fcomments&post=325"}],"version-history":[{"count":62,"href":"https:\/\/ingycort.com.ar\/index.php?rest_route=\/wp\/v2\/pages\/325\/revisions"}],"predecessor-version":[{"id":1124,"href":"https:\/\/ingycort.com.ar\/index.php?rest_route=\/wp\/v2\/pages\/325\/revisions\/1124"}],"wp:attachment":[{"href":"https:\/\/ingycort.com.ar\/index.php?rest_route=%2Fwp%2Fv2%2Fmedia&parent=325"}],"curies":[{"name":"wp","href":"https:\/\/api.w.org\/{rel}","templated":true}]}}