{"id":992,"date":"2019-09-18T10:19:20","date_gmt":"2019-09-18T13:19:20","guid":{"rendered":"http:\/\/ingycort.com.ar\/?page_id=992"},"modified":"2019-09-18T10:21:17","modified_gmt":"2019-09-18T13:21:17","slug":"gtmh-argentina-sa","status":"publish","type":"page","link":"http:\/\/ingycort.com.ar\/?page_id=992","title":{"rendered":"GTMH ARGENTINA SA"},"content":{"rendered":"<hr \/>\n<h3><span style=\"text-decoration: underline;\">Planta San Mart\u00edn<\/span><\/h3>\n<p><em>Modificaci\u00f3n y ampliaci\u00f3n del centro de control, y monitoreo SCADA de dicha planta para la incorporaci\u00f3n de pantallas y sistema de supervision de datos provenientes del centro de distribuci\u00f3n Pacheco.<\/em><\/p>\n<hr \/>\n<h3><span style=\"text-decoration: underline;\">Planta \u00abBernal II\u00bb<\/span><\/h3>\n<p><em>Automatizaci\u00f3n completa de un sistema de rebombeo a distintas zonas del gran Bs. As. por medio de una planta que controla la impulsion de un sistema de baja presi\u00f3n (5 bombas) y un sistema de alta (5 bombas) con control con caudal y rotaci\u00f3n de cada una de las bombas.<\/em><\/p>\n<p><em>Se programo un PLC TSX-Premium con consola gr\u00e1fica Magelis-XBT, reporte de datos a RTU MOTOROLA MOSCAD, monitoreo de 10 medidores de energ\u00eda \u00abPOWER METER\u00bb de cada una de las bombas y transmisi\u00f3n de informaci\u00f3n a planta \u00abGeneral Belgrano\u00bb para ser monitoreada en sistema SCADA central TOPKAPI y reporte a planta \u00abSan Mart\u00edn\u00bb.<\/em><\/p>\n<hr \/>\n<p style=\"padding-left: 30px; text-align: center;\">\n","protected":false},"excerpt":{"rendered":"<p>Planta San Mart\u00edn Modificaci\u00f3n y ampliaci\u00f3n del centro de control, y monitoreo SCADA de dicha planta para la incorporaci\u00f3n de pantallas y sistema de supervision de datos provenientes del centro de distribuci\u00f3n Pacheco. Planta \u00abBernal II\u00bb Automatizaci\u00f3n completa de un sistema de rebombeo a distintas zonas del gran Bs. As. por medio de una planta <a href=\"http:\/\/ingycort.com.ar\/?page_id=992\" rel=\"nofollow\"><span class=\"sr-only\">Leer m\u00e1sGTMH ARGENTINA SA<\/span>[&hellip;]<\/a><\/p>\n","protected":false},"author":1,"featured_media":0,"parent":0,"menu_order":0,"comment_status":"closed","ping_status":"closed","template":"","meta":[],"_links":{"self":[{"href":"http:\/\/ingycort.com.ar\/index.php?rest_route=\/wp\/v2\/pages\/992"}],"collection":[{"href":"http:\/\/ingycort.com.ar\/index.php?rest_route=\/wp\/v2\/pages"}],"about":[{"href":"http:\/\/ingycort.com.ar\/index.php?rest_route=\/wp\/v2\/types\/page"}],"author":[{"embeddable":true,"href":"http:\/\/ingycort.com.ar\/index.php?rest_route=\/wp\/v2\/users\/1"}],"replies":[{"embeddable":true,"href":"http:\/\/ingycort.com.ar\/index.php?rest_route=%2Fwp%2Fv2%2Fcomments&post=992"}],"version-history":[{"count":2,"href":"http:\/\/ingycort.com.ar\/index.php?rest_route=\/wp\/v2\/pages\/992\/revisions"}],"predecessor-version":[{"id":996,"href":"http:\/\/ingycort.com.ar\/index.php?rest_route=\/wp\/v2\/pages\/992\/revisions\/996"}],"wp:attachment":[{"href":"http:\/\/ingycort.com.ar\/index.php?rest_route=%2Fwp%2Fv2%2Fmedia&parent=992"}],"curies":[{"name":"wp","href":"https:\/\/api.w.org\/{rel}","templated":true}]}}