{"id":901,"date":"2016-11-30T10:14:44","date_gmt":"2016-11-30T13:14:44","guid":{"rendered":"http:\/\/ingycort.com.ar\/?page_id=901"},"modified":"2016-11-30T10:18:22","modified_gmt":"2016-11-30T13:18:22","slug":"martinez-y-de-la-fuente","status":"publish","type":"page","link":"http:\/\/ingycort.com.ar\/?page_id=901","title":{"rendered":"Martinez y de la fuente"},"content":{"rendered":"<h1 style=\"text-align: center;\"><span style=\"text-decoration: underline;\">MARTINEZ Y DE LA FUENTE<\/span><\/h1>\n<h3>1) IMPULSION BERNAL IV (SAP003) En Ejecuci\u00f3n<\/h3>\n<p>Ingenier\u00eda el\u00e9ctrica, de control y comunicaciones para el automatismo de seis (6) c\u00e1maras reguladoras de presi\u00f3n distribuidas en Quilmes (Pcia. De Bs. As.) regi\u00f3n Sudeste<\/p>\n<h3>2) REPOTENCIACION PLANTA \u201c9 DE ABRIL\u201d En Ejecuci\u00f3n<\/h3>\n<p>Ingenier\u00eda de control, de Automatizaci\u00f3n con PLC y su respectivo tablero para la repotenciaci\u00f3n de dicha planta y la intervenci\u00f3n con el sistema de osmosis inversa existente.<\/p>\n","protected":false},"excerpt":{"rendered":"<p>MARTINEZ Y DE LA FUENTE 1) IMPULSION BERNAL IV (SAP003) En Ejecuci\u00f3n Ingenier\u00eda el\u00e9ctrica, de control y comunicaciones para el automatismo de seis (6) c\u00e1maras reguladoras de presi\u00f3n distribuidas en Quilmes (Pcia. De Bs. As.) regi\u00f3n Sudeste 2) REPOTENCIACION PLANTA \u201c9 DE ABRIL\u201d En Ejecuci\u00f3n Ingenier\u00eda de control, de Automatizaci\u00f3n con PLC y su respectivo <a href=\"http:\/\/ingycort.com.ar\/?page_id=901\" rel=\"nofollow\"><span class=\"sr-only\">Leer m\u00e1sMartinez y de la fuente<\/span>[&hellip;]<\/a><\/p>\n","protected":false},"author":1,"featured_media":0,"parent":0,"menu_order":0,"comment_status":"closed","ping_status":"closed","template":"","meta":[],"_links":{"self":[{"href":"http:\/\/ingycort.com.ar\/index.php?rest_route=\/wp\/v2\/pages\/901"}],"collection":[{"href":"http:\/\/ingycort.com.ar\/index.php?rest_route=\/wp\/v2\/pages"}],"about":[{"href":"http:\/\/ingycort.com.ar\/index.php?rest_route=\/wp\/v2\/types\/page"}],"author":[{"embeddable":true,"href":"http:\/\/ingycort.com.ar\/index.php?rest_route=\/wp\/v2\/users\/1"}],"replies":[{"embeddable":true,"href":"http:\/\/ingycort.com.ar\/index.php?rest_route=%2Fwp%2Fv2%2Fcomments&post=901"}],"version-history":[{"count":1,"href":"http:\/\/ingycort.com.ar\/index.php?rest_route=\/wp\/v2\/pages\/901\/revisions"}],"predecessor-version":[{"id":902,"href":"http:\/\/ingycort.com.ar\/index.php?rest_route=\/wp\/v2\/pages\/901\/revisions\/902"}],"wp:attachment":[{"href":"http:\/\/ingycort.com.ar\/index.php?rest_route=%2Fwp%2Fv2%2Fmedia&parent=901"}],"curies":[{"name":"wp","href":"https:\/\/api.w.org\/{rel}","templated":true}]}}