{"id":637,"date":"2016-11-22T13:54:02","date_gmt":"2016-11-22T16:54:02","guid":{"rendered":"http:\/\/ingycort.com.ar\/?page_id=637"},"modified":"2019-09-18T16:00:29","modified_gmt":"2019-09-18T19:00:29","slug":"ilubaires-sala-vieja","status":"publish","type":"page","link":"http:\/\/ingycort.com.ar\/?page_id=637","title":{"rendered":"Ilubaires"},"content":{"rendered":"<hr \/>\n<h1 style=\"text-align: center;\"><span style=\"text-decoration: underline;\">ILUBAIRES SALA VIEJA<\/span><\/h1>\n<p>Automatizaci\u00f3n de ocho (8) bombas elevadoras, con sus respectivos tableros individuales y sistema centralizado con reporte a pantalla gr\u00e1fica HMI local y Topkapi remoto en Planta San Mart\u00edn.<\/p>\n<p style=\"text-align: center;\"><img decoding=\"async\" loading=\"lazy\" class=\"alignnone size-medium wp-image-645\" src=\"http:\/\/ingycort.com.ar\/wp-content\/uploads\/2016\/11\/27122012429-300x225.jpg\" alt=\"27122012429\" width=\"300\" height=\"225\" srcset=\"http:\/\/ingycort.com.ar\/wp-content\/uploads\/2016\/11\/27122012429-300x225.jpg 300w, http:\/\/ingycort.com.ar\/wp-content\/uploads\/2016\/11\/27122012429-768x576.jpg 768w, http:\/\/ingycort.com.ar\/wp-content\/uploads\/2016\/11\/27122012429-1024x768.jpg 1024w, http:\/\/ingycort.com.ar\/wp-content\/uploads\/2016\/11\/27122012429-285x214.jpg 285w, http:\/\/ingycort.com.ar\/wp-content\/uploads\/2016\/11\/27122012429.jpg 1600w\" sizes=\"(max-width: 300px) 100vw, 300px\" \/> <img decoding=\"async\" loading=\"lazy\" class=\"alignnone wp-image-646\" src=\"http:\/\/ingycort.com.ar\/wp-content\/uploads\/2016\/11\/FOTOS-217-300x225.jpg\" alt=\"fotos-217\" width=\"295\" height=\"221\" srcset=\"http:\/\/ingycort.com.ar\/wp-content\/uploads\/2016\/11\/FOTOS-217-300x225.jpg 300w, http:\/\/ingycort.com.ar\/wp-content\/uploads\/2016\/11\/FOTOS-217-768x576.jpg 768w, http:\/\/ingycort.com.ar\/wp-content\/uploads\/2016\/11\/FOTOS-217-1024x768.jpg 1024w, http:\/\/ingycort.com.ar\/wp-content\/uploads\/2016\/11\/FOTOS-217-285x214.jpg 285w, http:\/\/ingycort.com.ar\/wp-content\/uploads\/2016\/11\/FOTOS-217.jpg 1600w\" sizes=\"(max-width: 295px) 100vw, 295px\" \/> <img decoding=\"async\" loading=\"lazy\" class=\"alignnone size-medium wp-image-647\" src=\"http:\/\/ingycort.com.ar\/wp-content\/uploads\/2016\/11\/FOTOS-218-300x225.jpg\" alt=\"fotos-218\" width=\"300\" height=\"225\" srcset=\"http:\/\/ingycort.com.ar\/wp-content\/uploads\/2016\/11\/FOTOS-218-300x225.jpg 300w, http:\/\/ingycort.com.ar\/wp-content\/uploads\/2016\/11\/FOTOS-218-768x576.jpg 768w, http:\/\/ingycort.com.ar\/wp-content\/uploads\/2016\/11\/FOTOS-218-1024x768.jpg 1024w, http:\/\/ingycort.com.ar\/wp-content\/uploads\/2016\/11\/FOTOS-218-285x214.jpg 285w, http:\/\/ingycort.com.ar\/wp-content\/uploads\/2016\/11\/FOTOS-218.jpg 1600w\" sizes=\"(max-width: 300px) 100vw, 300px\" \/> <img decoding=\"async\" loading=\"lazy\" class=\"alignnone wp-image-648\" src=\"http:\/\/ingycort.com.ar\/wp-content\/uploads\/2016\/11\/FOTOS-222-300x225.jpg\" alt=\"fotos-222\" width=\"292\" height=\"219\" srcset=\"http:\/\/ingycort.com.ar\/wp-content\/uploads\/2016\/11\/FOTOS-222-300x225.jpg 300w, http:\/\/ingycort.com.ar\/wp-content\/uploads\/2016\/11\/FOTOS-222-768x576.jpg 768w, http:\/\/ingycort.com.ar\/wp-content\/uploads\/2016\/11\/FOTOS-222-1024x768.jpg 1024w, http:\/\/ingycort.com.ar\/wp-content\/uploads\/2016\/11\/FOTOS-222-285x214.jpg 285w, http:\/\/ingycort.com.ar\/wp-content\/uploads\/2016\/11\/FOTOS-222.jpg 1600w\" sizes=\"(max-width: 292px) 100vw, 292px\" \/> \u00a0<img decoding=\"async\" loading=\"lazy\" class=\"alignnone wp-image-650\" src=\"http:\/\/ingycort.com.ar\/wp-content\/uploads\/2016\/11\/FOTOS-278-1-300x225.jpg\" alt=\"fotos-278\" width=\"292\" height=\"219\" srcset=\"http:\/\/ingycort.com.ar\/wp-content\/uploads\/2016\/11\/FOTOS-278-1-300x225.jpg 300w, http:\/\/ingycort.com.ar\/wp-content\/uploads\/2016\/11\/FOTOS-278-1-768x576.jpg 768w, http:\/\/ingycort.com.ar\/wp-content\/uploads\/2016\/11\/FOTOS-278-1-1024x768.jpg 1024w, http:\/\/ingycort.com.ar\/wp-content\/uploads\/2016\/11\/FOTOS-278-1-285x214.jpg 285w, http:\/\/ingycort.com.ar\/wp-content\/uploads\/2016\/11\/FOTOS-278-1.jpg 1600w\" sizes=\"(max-width: 292px) 100vw, 292px\" \/> \u00a0<img decoding=\"async\" loading=\"lazy\" class=\"alignnone wp-image-652\" src=\"http:\/\/ingycort.com.ar\/wp-content\/uploads\/2016\/11\/FOTOS-280-1-300x225.jpg\" alt=\"fotos-280\" width=\"299\" height=\"224\" srcset=\"http:\/\/ingycort.com.ar\/wp-content\/uploads\/2016\/11\/FOTOS-280-1-300x225.jpg 300w, http:\/\/ingycort.com.ar\/wp-content\/uploads\/2016\/11\/FOTOS-280-1-768x576.jpg 768w, http:\/\/ingycort.com.ar\/wp-content\/uploads\/2016\/11\/FOTOS-280-1-1024x768.jpg 1024w, http:\/\/ingycort.com.ar\/wp-content\/uploads\/2016\/11\/FOTOS-280-1-285x214.jpg 285w, http:\/\/ingycort.com.ar\/wp-content\/uploads\/2016\/11\/FOTOS-280-1.jpg 1600w\" sizes=\"(max-width: 299px) 100vw, 299px\" \/> \u00a0\u00a0\u00a0<img decoding=\"async\" loading=\"lazy\" class=\"alignnone wp-image-656\" src=\"http:\/\/ingycort.com.ar\/wp-content\/uploads\/2016\/11\/IMG-20151005-WA0005-300x169.jpg\" alt=\"img-20151005-wa0005\" width=\"296\" height=\"167\" srcset=\"http:\/\/ingycort.com.ar\/wp-content\/uploads\/2016\/11\/IMG-20151005-WA0005-300x169.jpg 300w, http:\/\/ingycort.com.ar\/wp-content\/uploads\/2016\/11\/IMG-20151005-WA0005-768x432.jpg 768w, http:\/\/ingycort.com.ar\/wp-content\/uploads\/2016\/11\/IMG-20151005-WA0005-1024x576.jpg 1024w, http:\/\/ingycort.com.ar\/wp-content\/uploads\/2016\/11\/IMG-20151005-WA0005.jpg 1600w\" sizes=\"(max-width: 296px) 100vw, 296px\" \/> <img decoding=\"async\" loading=\"lazy\" class=\"alignnone size-medium wp-image-657\" src=\"http:\/\/ingycort.com.ar\/wp-content\/uploads\/2016\/11\/IMG-20151005-WA0006-300x169.jpg\" alt=\"img-20151005-wa0006\" width=\"300\" height=\"169\" srcset=\"http:\/\/ingycort.com.ar\/wp-content\/uploads\/2016\/11\/IMG-20151005-WA0006-300x169.jpg 300w, http:\/\/ingycort.com.ar\/wp-content\/uploads\/2016\/11\/IMG-20151005-WA0006-768x432.jpg 768w, http:\/\/ingycort.com.ar\/wp-content\/uploads\/2016\/11\/IMG-20151005-WA0006-1024x576.jpg 1024w, http:\/\/ingycort.com.ar\/wp-content\/uploads\/2016\/11\/IMG-20151005-WA0006.jpg 1600w\" sizes=\"(max-width: 300px) 100vw, 300px\" \/> <img decoding=\"async\" loading=\"lazy\" class=\"alignnone size-medium wp-image-658\" src=\"http:\/\/ingycort.com.ar\/wp-content\/uploads\/2016\/11\/IMG-20151005-WA0007-300x169.jpg\" alt=\"img-20151005-wa0007\" width=\"300\" height=\"169\" srcset=\"http:\/\/ingycort.com.ar\/wp-content\/uploads\/2016\/11\/IMG-20151005-WA0007-300x169.jpg 300w, http:\/\/ingycort.com.ar\/wp-content\/uploads\/2016\/11\/IMG-20151005-WA0007-768x432.jpg 768w, http:\/\/ingycort.com.ar\/wp-content\/uploads\/2016\/11\/IMG-20151005-WA0007-1024x576.jpg 1024w, http:\/\/ingycort.com.ar\/wp-content\/uploads\/2016\/11\/IMG-20151005-WA0007.jpg 1600w\" sizes=\"(max-width: 300px) 100vw, 300px\" \/> <img decoding=\"async\" loading=\"lazy\" class=\"alignnone size-medium wp-image-659\" src=\"http:\/\/ingycort.com.ar\/wp-content\/uploads\/2016\/11\/IMG-20151007-WA0000-300x169.jpg\" alt=\"img-20151007-wa0000\" width=\"300\" height=\"169\" srcset=\"http:\/\/ingycort.com.ar\/wp-content\/uploads\/2016\/11\/IMG-20151007-WA0000-300x169.jpg 300w, http:\/\/ingycort.com.ar\/wp-content\/uploads\/2016\/11\/IMG-20151007-WA0000-768x432.jpg 768w, http:\/\/ingycort.com.ar\/wp-content\/uploads\/2016\/11\/IMG-20151007-WA0000-1024x576.jpg 1024w, http:\/\/ingycort.com.ar\/wp-content\/uploads\/2016\/11\/IMG-20151007-WA0000.jpg 1600w\" sizes=\"(max-width: 300px) 100vw, 300px\" \/> <img decoding=\"async\" loading=\"lazy\" class=\"alignnone size-medium wp-image-660\" src=\"http:\/\/ingycort.com.ar\/wp-content\/uploads\/2016\/11\/IMG-20151007-WA0001-300x169.jpg\" alt=\"img-20151007-wa0001\" width=\"300\" height=\"169\" srcset=\"http:\/\/ingycort.com.ar\/wp-content\/uploads\/2016\/11\/IMG-20151007-WA0001-300x169.jpg 300w, http:\/\/ingycort.com.ar\/wp-content\/uploads\/2016\/11\/IMG-20151007-WA0001-768x432.jpg 768w, http:\/\/ingycort.com.ar\/wp-content\/uploads\/2016\/11\/IMG-20151007-WA0001-1024x576.jpg 1024w, http:\/\/ingycort.com.ar\/wp-content\/uploads\/2016\/11\/IMG-20151007-WA0001.jpg 1600w\" sizes=\"(max-width: 300px) 100vw, 300px\" \/> <img decoding=\"async\" loading=\"lazy\" class=\"alignnone size-medium wp-image-661\" src=\"http:\/\/ingycort.com.ar\/wp-content\/uploads\/2016\/11\/IMG-20151007-WA0002-300x169.jpg\" alt=\"img-20151007-wa0002\" width=\"300\" height=\"169\" srcset=\"http:\/\/ingycort.com.ar\/wp-content\/uploads\/2016\/11\/IMG-20151007-WA0002-300x169.jpg 300w, http:\/\/ingycort.com.ar\/wp-content\/uploads\/2016\/11\/IMG-20151007-WA0002-768x432.jpg 768w, http:\/\/ingycort.com.ar\/wp-content\/uploads\/2016\/11\/IMG-20151007-WA0002-1024x576.jpg 1024w, http:\/\/ingycort.com.ar\/wp-content\/uploads\/2016\/11\/IMG-20151007-WA0002.jpg 1600w\" sizes=\"(max-width: 300px) 100vw, 300px\" \/> <img decoding=\"async\" loading=\"lazy\" class=\"alignnone size-medium wp-image-662\" src=\"http:\/\/ingycort.com.ar\/wp-content\/uploads\/2016\/11\/IMG-20151007-WA0003-300x169.jpg\" alt=\"img-20151007-wa0003\" width=\"300\" height=\"169\" srcset=\"http:\/\/ingycort.com.ar\/wp-content\/uploads\/2016\/11\/IMG-20151007-WA0003-300x169.jpg 300w, http:\/\/ingycort.com.ar\/wp-content\/uploads\/2016\/11\/IMG-20151007-WA0003-768x432.jpg 768w, http:\/\/ingycort.com.ar\/wp-content\/uploads\/2016\/11\/IMG-20151007-WA0003-1024x576.jpg 1024w, http:\/\/ingycort.com.ar\/wp-content\/uploads\/2016\/11\/IMG-20151007-WA0003.jpg 1600w\" sizes=\"(max-width: 300px) 100vw, 300px\" \/> <img decoding=\"async\" loading=\"lazy\" class=\"alignnone size-medium wp-image-663\" src=\"http:\/\/ingycort.com.ar\/wp-content\/uploads\/2016\/11\/IMG-20151007-WA0004-300x169.jpg\" alt=\"img-20151007-wa0004\" width=\"300\" height=\"169\" srcset=\"http:\/\/ingycort.com.ar\/wp-content\/uploads\/2016\/11\/IMG-20151007-WA0004-300x169.jpg 300w, http:\/\/ingycort.com.ar\/wp-content\/uploads\/2016\/11\/IMG-20151007-WA0004-768x432.jpg 768w, http:\/\/ingycort.com.ar\/wp-content\/uploads\/2016\/11\/IMG-20151007-WA0004-1024x576.jpg 1024w, http:\/\/ingycort.com.ar\/wp-content\/uploads\/2016\/11\/IMG-20151007-WA0004.jpg 1600w\" sizes=\"(max-width: 300px) 100vw, 300px\" \/> <img decoding=\"async\" loading=\"lazy\" class=\"alignnone size-medium wp-image-664\" src=\"http:\/\/ingycort.com.ar\/wp-content\/uploads\/2016\/11\/IMG-20151007-WA0005-300x169.jpg\" alt=\"img-20151007-wa0005\" width=\"300\" height=\"169\" srcset=\"http:\/\/ingycort.com.ar\/wp-content\/uploads\/2016\/11\/IMG-20151007-WA0005-300x169.jpg 300w, http:\/\/ingycort.com.ar\/wp-content\/uploads\/2016\/11\/IMG-20151007-WA0005-768x432.jpg 768w, http:\/\/ingycort.com.ar\/wp-content\/uploads\/2016\/11\/IMG-20151007-WA0005-1024x576.jpg 1024w, http:\/\/ingycort.com.ar\/wp-content\/uploads\/2016\/11\/IMG-20151007-WA0005.jpg 1600w\" sizes=\"(max-width: 300px) 100vw, 300px\" \/> <img decoding=\"async\" loading=\"lazy\" class=\"alignnone size-medium wp-image-665\" src=\"http:\/\/ingycort.com.ar\/wp-content\/uploads\/2016\/11\/IMG_0001-300x225.jpg\" alt=\"img_0001\" width=\"300\" height=\"225\" srcset=\"http:\/\/ingycort.com.ar\/wp-content\/uploads\/2016\/11\/IMG_0001-300x225.jpg 300w, http:\/\/ingycort.com.ar\/wp-content\/uploads\/2016\/11\/IMG_0001-285x214.jpg 285w, http:\/\/ingycort.com.ar\/wp-content\/uploads\/2016\/11\/IMG_0001.jpg 640w\" sizes=\"(max-width: 300px) 100vw, 300px\" \/> <img decoding=\"async\" loading=\"lazy\" class=\"alignnone size-medium wp-image-666\" src=\"http:\/\/ingycort.com.ar\/wp-content\/uploads\/2016\/11\/IMG_0002-300x225.jpg\" alt=\"img_0002\" width=\"300\" height=\"225\" srcset=\"http:\/\/ingycort.com.ar\/wp-content\/uploads\/2016\/11\/IMG_0002-300x225.jpg 300w, http:\/\/ingycort.com.ar\/wp-content\/uploads\/2016\/11\/IMG_0002-285x214.jpg 285w, http:\/\/ingycort.com.ar\/wp-content\/uploads\/2016\/11\/IMG_0002.jpg 640w\" sizes=\"(max-width: 300px) 100vw, 300px\" \/> \u00a0<span style=\"text-decoration: underline;\"><img decoding=\"async\" loading=\"lazy\" class=\"alignnone size-medium wp-image-668\" src=\"http:\/\/ingycort.com.ar\/wp-content\/uploads\/2016\/11\/IMG_0004-300x225.jpg\" alt=\"img_0004\" width=\"300\" height=\"225\" srcset=\"http:\/\/ingycort.com.ar\/wp-content\/uploads\/2016\/11\/IMG_0004-300x225.jpg 300w, http:\/\/ingycort.com.ar\/wp-content\/uploads\/2016\/11\/IMG_0004-285x214.jpg 285w, http:\/\/ingycort.com.ar\/wp-content\/uploads\/2016\/11\/IMG_0004.jpg 640w\" sizes=\"(max-width: 300px) 100vw, 300px\" \/><\/span><\/p>\n<h1 style=\"text-align: center;\"><span style=\"text-decoration: underline;\">OBRA \u00abREPORTE DE CALIDAD\u00bb<\/span><\/h1>\n<p>Sistema descentralizado, distribuido alrededor de la planta San Mart\u00edn, repartido en diez (10) casetas de medici\u00f3n que reportan datos de calidad del agua tratada y estado el\u00e9ctricos de las bombas toma-muestras como ser: Ph, Turbiedad, Analizadores de cloro, entre otras magnitudes y dichos valores se concentran en el PLC principal ubicado en el laboratorio central de planta donde se reportan a un Topkapi local y el de guardia de dicha planta.<br \/>\nLa comunicaci\u00f3n entre las distintas casetas se realiza de manera cableada v\u00eda TCP\/IP o bien v\u00eda Bluetooth.<\/p>\n<h1 style=\"text-align: center;\"><span style=\"text-decoration: underline;\">ILUBAIRES DRENAJE \u00abA\u00bb<\/span><\/h1>\n<p>Automatizaci\u00f3n del sistema de drenaje de filtros, llamado Drenaje \u201cA\u201d en Planta San Mart\u00edn.<\/p>\n<p style=\"text-align: center;\"><img decoding=\"async\" loading=\"lazy\" class=\"alignnone size-medium wp-image-675\" src=\"http:\/\/ingycort.com.ar\/wp-content\/uploads\/2016\/11\/IMG_0041-1-225x300.jpg\" alt=\"img_0041\" width=\"225\" height=\"300\" srcset=\"http:\/\/ingycort.com.ar\/wp-content\/uploads\/2016\/11\/IMG_0041-1-225x300.jpg 225w, http:\/\/ingycort.com.ar\/wp-content\/uploads\/2016\/11\/IMG_0041-1.jpg 480w\" sizes=\"(max-width: 225px) 100vw, 225px\" \/> <img decoding=\"async\" loading=\"lazy\" class=\"alignnone size-medium wp-image-676\" src=\"http:\/\/ingycort.com.ar\/wp-content\/uploads\/2016\/11\/IMG_0042-1-225x300.jpg\" alt=\"img_0042\" width=\"225\" height=\"300\" srcset=\"http:\/\/ingycort.com.ar\/wp-content\/uploads\/2016\/11\/IMG_0042-1-225x300.jpg 225w, http:\/\/ingycort.com.ar\/wp-content\/uploads\/2016\/11\/IMG_0042-1.jpg 480w\" sizes=\"(max-width: 225px) 100vw, 225px\" \/> <img decoding=\"async\" loading=\"lazy\" class=\"alignnone size-medium wp-image-677\" src=\"http:\/\/ingycort.com.ar\/wp-content\/uploads\/2016\/11\/IMG_0043-1-225x300.jpg\" alt=\"img_0043\" width=\"225\" height=\"300\" srcset=\"http:\/\/ingycort.com.ar\/wp-content\/uploads\/2016\/11\/IMG_0043-1-225x300.jpg 225w, http:\/\/ingycort.com.ar\/wp-content\/uploads\/2016\/11\/IMG_0043-1.jpg 480w\" sizes=\"(max-width: 225px) 100vw, 225px\" \/> <img decoding=\"async\" loading=\"lazy\" class=\"alignnone size-medium wp-image-678\" src=\"http:\/\/ingycort.com.ar\/wp-content\/uploads\/2016\/11\/IMG_0044-1-300x225.jpg\" alt=\"img_0044\" width=\"300\" height=\"225\" srcset=\"http:\/\/ingycort.com.ar\/wp-content\/uploads\/2016\/11\/IMG_0044-1-300x225.jpg 300w, http:\/\/ingycort.com.ar\/wp-content\/uploads\/2016\/11\/IMG_0044-1-285x214.jpg 285w, http:\/\/ingycort.com.ar\/wp-content\/uploads\/2016\/11\/IMG_0044-1.jpg 640w\" sizes=\"(max-width: 300px) 100vw, 300px\" \/> <img decoding=\"async\" loading=\"lazy\" class=\"alignnone size-medium wp-image-679\" src=\"http:\/\/ingycort.com.ar\/wp-content\/uploads\/2016\/11\/IMG_0045-1-300x225.jpg\" alt=\"img_0045\" width=\"300\" height=\"225\" srcset=\"http:\/\/ingycort.com.ar\/wp-content\/uploads\/2016\/11\/IMG_0045-1-300x225.jpg 300w, http:\/\/ingycort.com.ar\/wp-content\/uploads\/2016\/11\/IMG_0045-1-285x214.jpg 285w, http:\/\/ingycort.com.ar\/wp-content\/uploads\/2016\/11\/IMG_0045-1.jpg 640w\" sizes=\"(max-width: 300px) 100vw, 300px\" \/><\/p>\n<h1 style=\"text-align: center;\"><\/h1>\n<h1 style=\"text-align: center;\"><span style=\"text-decoration: underline;\">DRENAJE \u00abD\u00bb<\/span><\/h1>\n<p><img decoding=\"async\" loading=\"lazy\" class=\"alignnone size-medium wp-image-693 aligncenter\" src=\"http:\/\/ingycort.com.ar\/wp-content\/uploads\/2016\/11\/IMG_0023-2-300x225.jpg\" alt=\"img_0023\" width=\"300\" height=\"225\" srcset=\"http:\/\/ingycort.com.ar\/wp-content\/uploads\/2016\/11\/IMG_0023-2-300x225.jpg 300w, http:\/\/ingycort.com.ar\/wp-content\/uploads\/2016\/11\/IMG_0023-2-285x214.jpg 285w, http:\/\/ingycort.com.ar\/wp-content\/uploads\/2016\/11\/IMG_0023-2.jpg 640w\" sizes=\"(max-width: 300px) 100vw, 300px\" \/> <img decoding=\"async\" loading=\"lazy\" class=\"alignnone size-medium wp-image-694 aligncenter\" src=\"http:\/\/ingycort.com.ar\/wp-content\/uploads\/2016\/11\/IMG_0024-2-300x225.jpg\" alt=\"img_0024\" width=\"300\" height=\"225\" srcset=\"http:\/\/ingycort.com.ar\/wp-content\/uploads\/2016\/11\/IMG_0024-2-300x225.jpg 300w, http:\/\/ingycort.com.ar\/wp-content\/uploads\/2016\/11\/IMG_0024-2-285x214.jpg 285w, http:\/\/ingycort.com.ar\/wp-content\/uploads\/2016\/11\/IMG_0024-2.jpg 640w\" sizes=\"(max-width: 300px) 100vw, 300px\" \/> <img decoding=\"async\" loading=\"lazy\" class=\"alignnone size-medium wp-image-695 aligncenter\" src=\"http:\/\/ingycort.com.ar\/wp-content\/uploads\/2016\/11\/IMG_0025-2-225x300.jpg\" alt=\"img_0025\" width=\"225\" height=\"300\" srcset=\"http:\/\/ingycort.com.ar\/wp-content\/uploads\/2016\/11\/IMG_0025-2-225x300.jpg 225w, http:\/\/ingycort.com.ar\/wp-content\/uploads\/2016\/11\/IMG_0025-2.jpg 480w\" sizes=\"(max-width: 225px) 100vw, 225px\" \/> <img decoding=\"async\" loading=\"lazy\" class=\"alignnone size-medium wp-image-696 aligncenter\" src=\"http:\/\/ingycort.com.ar\/wp-content\/uploads\/2016\/11\/IMG_0026-2-300x225.jpg\" alt=\"img_0026\" width=\"300\" height=\"225\" srcset=\"http:\/\/ingycort.com.ar\/wp-content\/uploads\/2016\/11\/IMG_0026-2-300x225.jpg 300w, http:\/\/ingycort.com.ar\/wp-content\/uploads\/2016\/11\/IMG_0026-2-285x214.jpg 285w, http:\/\/ingycort.com.ar\/wp-content\/uploads\/2016\/11\/IMG_0026-2.jpg 640w\" sizes=\"(max-width: 300px) 100vw, 300px\" \/> <img decoding=\"async\" loading=\"lazy\" class=\"alignnone size-medium wp-image-697 aligncenter\" src=\"http:\/\/ingycort.com.ar\/wp-content\/uploads\/2016\/11\/IMG_0027-2-300x225.jpg\" alt=\"img_0027\" width=\"300\" height=\"225\" srcset=\"http:\/\/ingycort.com.ar\/wp-content\/uploads\/2016\/11\/IMG_0027-2-300x225.jpg 300w, http:\/\/ingycort.com.ar\/wp-content\/uploads\/2016\/11\/IMG_0027-2-285x214.jpg 285w, http:\/\/ingycort.com.ar\/wp-content\/uploads\/2016\/11\/IMG_0027-2.jpg 640w\" sizes=\"(max-width: 300px) 100vw, 300px\" \/> <img decoding=\"async\" loading=\"lazy\" class=\"alignnone size-medium wp-image-698 aligncenter\" src=\"http:\/\/ingycort.com.ar\/wp-content\/uploads\/2016\/11\/IMG_0028-2-300x225.jpg\" alt=\"img_0028\" width=\"300\" height=\"225\" srcset=\"http:\/\/ingycort.com.ar\/wp-content\/uploads\/2016\/11\/IMG_0028-2-300x225.jpg 300w, http:\/\/ingycort.com.ar\/wp-content\/uploads\/2016\/11\/IMG_0028-2-285x214.jpg 285w, http:\/\/ingycort.com.ar\/wp-content\/uploads\/2016\/11\/IMG_0028-2.jpg 640w\" sizes=\"(max-width: 300px) 100vw, 300px\" \/> <img decoding=\"async\" loading=\"lazy\" class=\"alignnone size-medium wp-image-699 aligncenter\" src=\"http:\/\/ingycort.com.ar\/wp-content\/uploads\/2016\/11\/IMG_0029-1-300x225.jpg\" alt=\"img_0029\" width=\"300\" height=\"225\" srcset=\"http:\/\/ingycort.com.ar\/wp-content\/uploads\/2016\/11\/IMG_0029-1-300x225.jpg 300w, http:\/\/ingycort.com.ar\/wp-content\/uploads\/2016\/11\/IMG_0029-1-285x214.jpg 285w, http:\/\/ingycort.com.ar\/wp-content\/uploads\/2016\/11\/IMG_0029-1.jpg 640w\" sizes=\"(max-width: 300px) 100vw, 300px\" \/> <img decoding=\"async\" loading=\"lazy\" class=\"alignnone size-medium wp-image-700 aligncenter\" src=\"http:\/\/ingycort.com.ar\/wp-content\/uploads\/2016\/11\/IMG_0030-1-300x225.jpg\" alt=\"img_0030\" width=\"300\" height=\"225\" srcset=\"http:\/\/ingycort.com.ar\/wp-content\/uploads\/2016\/11\/IMG_0030-1-300x225.jpg 300w, http:\/\/ingycort.com.ar\/wp-content\/uploads\/2016\/11\/IMG_0030-1-285x214.jpg 285w, http:\/\/ingycort.com.ar\/wp-content\/uploads\/2016\/11\/IMG_0030-1.jpg 640w\" sizes=\"(max-width: 300px) 100vw, 300px\" \/> <img decoding=\"async\" loading=\"lazy\" class=\"alignnone size-medium wp-image-701 aligncenter\" src=\"http:\/\/ingycort.com.ar\/wp-content\/uploads\/2016\/11\/IMG_0031-1-300x225.jpg\" alt=\"img_0031\" width=\"300\" height=\"225\" srcset=\"http:\/\/ingycort.com.ar\/wp-content\/uploads\/2016\/11\/IMG_0031-1-300x225.jpg 300w, http:\/\/ingycort.com.ar\/wp-content\/uploads\/2016\/11\/IMG_0031-1-285x214.jpg 285w, http:\/\/ingycort.com.ar\/wp-content\/uploads\/2016\/11\/IMG_0031-1.jpg 640w\" sizes=\"(max-width: 300px) 100vw, 300px\" \/> <img decoding=\"async\" loading=\"lazy\" class=\"alignnone size-medium wp-image-702 aligncenter\" src=\"http:\/\/ingycort.com.ar\/wp-content\/uploads\/2016\/11\/IMG_0032-1-300x225.jpg\" alt=\"img_0032\" width=\"300\" height=\"225\" srcset=\"http:\/\/ingycort.com.ar\/wp-content\/uploads\/2016\/11\/IMG_0032-1-300x225.jpg 300w, http:\/\/ingycort.com.ar\/wp-content\/uploads\/2016\/11\/IMG_0032-1-285x214.jpg 285w, http:\/\/ingycort.com.ar\/wp-content\/uploads\/2016\/11\/IMG_0032-1.jpg 640w\" sizes=\"(max-width: 300px) 100vw, 300px\" \/><\/p>\n<h1 style=\"text-align: center;\"><span style=\"text-decoration: underline;\">PLANTA DE CLORO VIEJA<\/span><\/h1>\n<p>Reemplazo de tableros y PLC existentes, nueva estructura de comunicaci\u00f3n, reporte a pantalla gr\u00e1fica HMI y Topkapi local en Planta San Mart\u00edn.<br \/>\nTambi\u00e9n se automatizar\u00e1n las bombas de impulsi\u00f3n de agua a la planta de cloro por medio de sus respectivos TGBT y PLC\u00b4s dedicados.<\/p>\n<h1 style=\"text-align: center;\"><span style=\"text-decoration: underline;\">UNIREC<\/span><\/h1>\n<p>Si bien dicha obra NO tiene injerencia en el \u00e1mbito de AYSA SA consideramos muy importante la misma por la magnitud y la importancia que tiene.<br \/>\nDicha obra tiene, a lo largo de la cuenca del Rio Reconquista (Pcia. Buenos Aires) distintas estaciones de bobeo y compuertas de control que regulan tanto las inundaciones locales verti\u00e9ndolas al rio (por bombeo) como el mantenimiento de la cota del nivel del r\u00edo abriendo las compuertas y permitiendo el ingreso de agua a los afluentes locales.<br \/>\nTodo el sistema se controla de manera remota, desde una estaci\u00f3n central en las proximidades de la zona de Bancalari (Zona Norte Pcia. Bs. As.) y cada estaci\u00f3n posee su propio automatismo, donde se puede controlar de manera independiente el\/los nivele\/afluentes de dicha zona. Adem\u00e1s, todo el sistema est\u00e1 interconectado por medio de fibra \u00d3ptica y\/o radio-enlaces que permiten en todo momento el control de cada estaci\u00f3n y por sendas c\u00e1maras (CCTV) instaladas se puede monitorear de manera remota sin necesidad de asistir a cada estaci\u00f3n a excepci\u00f3n de emergencias.<\/p>\n<p style=\"text-align: center;\"><img decoding=\"async\" loading=\"lazy\" class=\"alignnone wp-image-874\" src=\"http:\/\/ingycort.com.ar\/wp-content\/uploads\/2016\/11\/1-9-300x197.png\" alt=\"1\" width=\"500\" height=\"328\" srcset=\"http:\/\/ingycort.com.ar\/wp-content\/uploads\/2016\/11\/1-9-300x197.png 300w, http:\/\/ingycort.com.ar\/wp-content\/uploads\/2016\/11\/1-9-768x503.png 768w, http:\/\/ingycort.com.ar\/wp-content\/uploads\/2016\/11\/1-9-1024x671.png 1024w, http:\/\/ingycort.com.ar\/wp-content\/uploads\/2016\/11\/1-9.png 1128w\" sizes=\"(max-width: 500px) 100vw, 500px\" \/><\/p>\n<p>&nbsp;<\/p>\n","protected":false},"excerpt":{"rendered":"<p>ILUBAIRES SALA VIEJA Automatizaci\u00f3n de ocho (8) bombas elevadoras, con sus respectivos tableros individuales y sistema centralizado con reporte a pantalla gr\u00e1fica HMI local y Topkapi remoto en Planta San Mart\u00edn. \u00a0 \u00a0 \u00a0\u00a0\u00a0 \u00a0 OBRA \u00abREPORTE DE CALIDAD\u00bb Sistema descentralizado, distribuido alrededor de la planta San Mart\u00edn, repartido en diez (10) casetas de medici\u00f3n <a href=\"http:\/\/ingycort.com.ar\/?page_id=637\" rel=\"nofollow\"><span class=\"sr-only\">Leer m\u00e1sIlubaires<\/span>[&hellip;]<\/a><\/p>\n","protected":false},"author":1,"featured_media":0,"parent":0,"menu_order":0,"comment_status":"closed","ping_status":"closed","template":"","meta":[],"_links":{"self":[{"href":"http:\/\/ingycort.com.ar\/index.php?rest_route=\/wp\/v2\/pages\/637"}],"collection":[{"href":"http:\/\/ingycort.com.ar\/index.php?rest_route=\/wp\/v2\/pages"}],"about":[{"href":"http:\/\/ingycort.com.ar\/index.php?rest_route=\/wp\/v2\/types\/page"}],"author":[{"embeddable":true,"href":"http:\/\/ingycort.com.ar\/index.php?rest_route=\/wp\/v2\/users\/1"}],"replies":[{"embeddable":true,"href":"http:\/\/ingycort.com.ar\/index.php?rest_route=%2Fwp%2Fv2%2Fcomments&post=637"}],"version-history":[{"count":3,"href":"http:\/\/ingycort.com.ar\/index.php?rest_route=\/wp\/v2\/pages\/637\/revisions"}],"predecessor-version":[{"id":990,"href":"http:\/\/ingycort.com.ar\/index.php?rest_route=\/wp\/v2\/pages\/637\/revisions\/990"}],"wp:attachment":[{"href":"http:\/\/ingycort.com.ar\/index.php?rest_route=%2Fwp%2Fv2%2Fmedia&parent=637"}],"curies":[{"name":"wp","href":"https:\/\/api.w.org\/{rel}","templated":true}]}}