{"id":486,"date":"2016-11-11T11:38:33","date_gmt":"2016-11-11T14:38:33","guid":{"rendered":"http:\/\/ingycort.com.ar\/?page_id=486"},"modified":"2016-11-25T13:53:50","modified_gmt":"2016-11-25T16:53:50","slug":"aplicaciones-varias","status":"publish","type":"page","link":"http:\/\/ingycort.com.ar\/?page_id=486","title":{"rendered":"aplicaciones varias"},"content":{"rendered":"<h1 style=\"text-align: center;\"><span style=\"text-decoration: underline;\">APLICACIONES VARIAS<\/span><\/h1>\n<p>&nbsp;<\/p>\n<p>&nbsp;<\/p>\n<ul>\n<li>\n<h3>GUILLERMO DECKER S.A.:<\/h3>\n<p>En la misma se han realizado 3 ( tres ) obras:<br \/>\nAutomatizaci\u00f3n equipo de filtrado, con recirculaci\u00f3n autom\u00e1tica, incluyendo<br \/>\nel control de nivel a volumen constante.<br \/>\nAutomatizaci\u00f3n de equipo trefilador de ca\u00f1os no ferrosos.<br \/>\nAmbos con P.L.C. Siemens SIMATIC S-100 U .<br \/>\nColaboraci\u00f3n en la programaci\u00f3n de P.L.C. Siemens SIMATIC S-115 U<br \/>\nPara trefiladora de ca\u00f1os no ferrosos \u00abFENN\u00bb.<\/li>\n<li>\n<h3>METALURGICA CISCA S.A.:<\/h3>\n<p>Ingenier\u00eda, armado y puesta en marcha de tableros control de extrusoras e<br \/>\ninyectoras de poliestireno.<br \/>\nDise\u00f1os a pedido para control de distintos procesos. Ej. control de molinos<br \/>\ntrituradores de pl\u00e1stico y aplicaciones de variadores de velocidad en el llenado<br \/>\nautom\u00e1tico de tolvas inyectoras de pl\u00e1stico.<\/li>\n<li>\n<h3>METALURGICA RUAL S.A.:<\/h3>\n<p>Automatizaci\u00f3n de equipo confeccionador de autopartes, incluyendo programaci\u00f3n<br \/>\nP.L.C. Hitachi serie Compacta &#8211; EB -, Consola de operaci\u00f3n inteligente, y variador<br \/>\nde velocidad de C.A. ( Inverter ).<\/li>\n<li>\n<h3>PERDRIEL S.A.:<\/h3>\n<p>En dicha planta se proyectaron dos obras:<br \/>\nAutomatizaci\u00f3n de prensa neum\u00e1tica con P.L.C. Hitachi L\u00ednea compacta<br \/>\ncon el agregado de regla \u00f3ptica centesimal que permit\u00eda el armado de piezas de<br \/>\nautopartes con control 100 % de tolerancias de c\/u de los subconjuntos.<br \/>\nDispositivo de censado de herramientas en la secuencia de roscado de<br \/>\ncampanas de frenos, contando con sensores fotoel\u00e9ctricos e inductivos para c\/<br \/>\nherramienta y programado c\/P.L.C. Telemecanique compacto.<\/li>\n<li>\n<h3>CRITERIUM S.A.:<\/h3>\n<p>Ingenier\u00eda completa, armado de gabinetes, programaci\u00f3n y puesta en marcha de 4<br \/>\n( cuatro ) equipos centralizados en un P.L.C. Hitachi l\u00ednea modular serie \u00bb H-200 \u00bb<br \/>\ncon consola de di\u00e1logo inteligente, para el proceso de vulcanizado de tubulares de<br \/>\nbicicletas.<\/li>\n<li>\n<h3>CARROSSO S.A.:<\/h3>\n<p>Ex empresa fabricante de maquinas-herramientas y desarrollos especiales.<br \/>\nAutomatizaci\u00f3n de 2 ( dos ) rectificadoras planas, ambas con P.L.C. Texas<br \/>\nTI-335.<\/li>\n<\/ul>\n<p>&nbsp;<\/p>\n<ul>\n<li>\n<h3>EZETA S.A.:<\/h3>\n<\/li>\n<\/ul>\n<p style=\"padding-left: 30px;\">En dicha planta se ejecutaron tres obras :<br \/>\nIngenier\u00eda, armado de gabinete de control, montaje en m\u00e1quina y posterior<br \/>\npuesta en marcha de una m\u00e1quina confeccionadora de herramientas de corte.<br \/>\nLa misma inclu\u00eda un P.L.C. Hitachi serie compacta y variador de velocidad de C.A.<br \/>\nHITACHI J-100, ( Equipo Gefra 3510 ).<br \/>\nIngenier\u00eda, armado de gabinete de control, montaje en m\u00e1quina y posterior<br \/>\npuesta en marcha, de un equipo de soldadura a tope para herramientas de corte<br \/>\nde gran di\u00e1metro.<br \/>\nTal equipo incluye P.L.C. Hitachi compacto y consola de operaci\u00f3n inteligente<br \/>\nmodelo M202-L.<br \/>\nIngenier\u00eda, armado de gabinete de control, montaje en m\u00e1quina y posterior<br \/>\npuesta en marcha, de una modernizaci\u00f3n del tablero el\u00e9ctrico de un torno<br \/>\nautom\u00e1tico con tres cabezales copiadores ( Ex torno copiador \u201cTURRI\u201d ).<br \/>\nEn tal equipo se incorpor\u00f3 un P.L.C. modular Hitachi EM-III, con consola de<br \/>\noperaci\u00f3n Manager ME202.<br \/>\nIngenier\u00eda, armado del tablero de control, automatizaci\u00f3n y puesta en<br \/>\nmarcha de una m\u00e1quina autom\u00e1tica de carga y afilado de mechas.<br \/>\nDicho equipo cuenta con un P.L.C. Hitachi modelo EM-II, con consola de<br \/>\noperaci\u00f3n inteligente.<\/p>\n<h2 style=\"padding-left: 30px; text-align: center;\"><span style=\"text-decoration: underline;\">ARMADO DE TABLEROS ELECTRICOS<\/span><\/h2>\n<ul>\n<li>\n<h3>TECNET S.A.:<\/h3>\n<p>Armado de Tableros el\u00e9ctricos y gabinetes para sus clientes :<br \/>\nDe medici\u00f3n remota para GAS NATURAL BAN. Con<br \/>\nsistema de monitoreo a distancia por telefon\u00eda celular. Cantidad : 52 ( cincuenta y<br \/>\ndos ).<br \/>\nGabinetes de telecontrol para sub-estaci\u00f3n en Rosario, con el<br \/>\nagregado de placas de RTU\u00b4s. Cantidad de tableros : 2 (dos ).<br \/>\nLocalidad : Pcia. de Santa Fe.<\/li>\n<\/ul>\n<p style=\"text-align: center;\"><img decoding=\"async\" loading=\"lazy\" class=\"alignnone size-medium wp-image-868\" src=\"http:\/\/ingycort.com.ar\/wp-content\/uploads\/2016\/11\/1-8-240x300.png\" alt=\"1\" width=\"240\" height=\"300\" srcset=\"http:\/\/ingycort.com.ar\/wp-content\/uploads\/2016\/11\/1-8-240x300.png 240w, http:\/\/ingycort.com.ar\/wp-content\/uploads\/2016\/11\/1-8.png 298w\" sizes=\"(max-width: 240px) 100vw, 240px\" \/> <img decoding=\"async\" loading=\"lazy\" class=\"alignnone size-medium wp-image-869\" src=\"http:\/\/ingycort.com.ar\/wp-content\/uploads\/2016\/11\/2-8-222x300.png\" alt=\"2\" width=\"222\" height=\"300\" srcset=\"http:\/\/ingycort.com.ar\/wp-content\/uploads\/2016\/11\/2-8-222x300.png 222w, http:\/\/ingycort.com.ar\/wp-content\/uploads\/2016\/11\/2-8.png 277w\" sizes=\"(max-width: 222px) 100vw, 222px\" \/> <img decoding=\"async\" loading=\"lazy\" class=\"alignnone size-medium wp-image-870\" src=\"http:\/\/ingycort.com.ar\/wp-content\/uploads\/2016\/11\/3-8-210x300.png\" alt=\"3\" width=\"210\" height=\"300\" srcset=\"http:\/\/ingycort.com.ar\/wp-content\/uploads\/2016\/11\/3-8-210x300.png 210w, http:\/\/ingycort.com.ar\/wp-content\/uploads\/2016\/11\/3-8.png 257w\" sizes=\"(max-width: 210px) 100vw, 210px\" \/><\/p>\n<ul>\n<li>\n<h3>\u00a0ELECTRICIDAD SAN MARTIN S.A.:<\/h3>\n<p>Armado de Tableros el\u00e9ctricos y gabinetes para sus clientes :<br \/>\n8.2.1\u00b0) Construcci\u00f3n, armado y posterior puesta en marcha de tablero de<br \/>\ncompensaci\u00f3n de energ\u00eda reactiva, con corrector autom\u00e1tico.<br \/>\n8.2.2\u00b0) Construcci\u00f3n, armado y posterior puesta en marcha de tablero para<br \/>\nla conmutaci\u00f3n de grupos electr\u00f3genos y seccionado de llaves en CCM.<br \/>\nTablero que fue destinado a la planta \u201cCentro de distribuci\u00f3n T\u00eda\u201d en parque\u00a0industrial TORTUGUITAS, Pcia. de Bs. As.<\/li>\n<\/ul>\n","protected":false},"excerpt":{"rendered":"<p>APLICACIONES VARIAS &nbsp; &nbsp; GUILLERMO DECKER S.A.: En la misma se han realizado 3 ( tres ) obras: Automatizaci\u00f3n equipo de filtrado, con recirculaci\u00f3n autom\u00e1tica, incluyendo el control de nivel a volumen constante. Automatizaci\u00f3n de equipo trefilador de ca\u00f1os no ferrosos. Ambos con P.L.C. Siemens SIMATIC S-100 U . Colaboraci\u00f3n en la programaci\u00f3n de P.L.C. <a href=\"http:\/\/ingycort.com.ar\/?page_id=486\" rel=\"nofollow\"><span class=\"sr-only\">Leer m\u00e1saplicaciones varias<\/span>[&hellip;]<\/a><\/p>\n","protected":false},"author":1,"featured_media":0,"parent":0,"menu_order":0,"comment_status":"closed","ping_status":"closed","template":"","meta":[],"_links":{"self":[{"href":"http:\/\/ingycort.com.ar\/index.php?rest_route=\/wp\/v2\/pages\/486"}],"collection":[{"href":"http:\/\/ingycort.com.ar\/index.php?rest_route=\/wp\/v2\/pages"}],"about":[{"href":"http:\/\/ingycort.com.ar\/index.php?rest_route=\/wp\/v2\/types\/page"}],"author":[{"embeddable":true,"href":"http:\/\/ingycort.com.ar\/index.php?rest_route=\/wp\/v2\/users\/1"}],"replies":[{"embeddable":true,"href":"http:\/\/ingycort.com.ar\/index.php?rest_route=%2Fwp%2Fv2%2Fcomments&post=486"}],"version-history":[{"count":5,"href":"http:\/\/ingycort.com.ar\/index.php?rest_route=\/wp\/v2\/pages\/486\/revisions"}],"predecessor-version":[{"id":1066,"href":"http:\/\/ingycort.com.ar\/index.php?rest_route=\/wp\/v2\/pages\/486\/revisions\/1066"}],"wp:attachment":[{"href":"http:\/\/ingycort.com.ar\/index.php?rest_route=%2Fwp%2Fv2%2Fmedia&parent=486"}],"curies":[{"name":"wp","href":"https:\/\/api.w.org\/{rel}","templated":true}]}}