{"id":483,"date":"2023-06-27T11:37:46","date_gmt":"2023-06-27T14:37:46","guid":{"rendered":"http:\/\/ingycort.com.ar\/?page_id=483"},"modified":"2023-06-27T22:08:32","modified_gmt":"2023-06-28T01:08:32","slug":"edificios-inteligentes-sistemas-de-control-coorporativos","status":"publish","type":"page","link":"http:\/\/ingycort.com.ar\/?page_id=483","title":{"rendered":"edificios inteligentes"},"content":{"rendered":"<h1 style=\"text-align: center;\"><span style=\"text-decoration: underline;\">EDIFICIOS INTELIGENTES-DOMOTICA:<\/span><\/h1>\n<p>&nbsp;<\/p>\n<p>&nbsp;<\/p>\n<ul>\n<li>\n<h3><span style=\"text-decoration: underline;\">Hotel Casino GALA (Chaco):<\/span><\/h3>\n<\/li>\n<\/ul>\n<p style=\"padding-left: 30px;\">Desarrollo, ingenier\u00eda y posterior puesta en marcha de un sistema de control del edificio del HOTEL CASINO GALA (Perteneciente al grupo AMERIAN) donde se automatizo el sistema de iluminaci\u00f3n, aire acondicionado, accionamiento de sistemas de seguridades el\u00e9ctricas y monitorizaci\u00f3n de los estados de energ\u00eda de las Sub-Estaciones por medio de PLC y sistemas SCADA de gran cantidad de variables.<\/p>\n<p style=\"padding-left: 30px;\">La arquitectura se dividi\u00f3 de la siguiente manera:<\/p>\n<ol>\n<li>Un PLC TELEMANIQUE TSX-3722 para las sub-estaci\u00f3n de entrada de media tensi\u00f3n con conmutaci\u00f3n autom\u00e1tica a grupo electr\u00f3geno y accionamiento de interruptores tele comandados.<\/li>\n<li>Otro equipamiento similar en la sala de terrazas para el sistema de control de bombas de incendio, extractores de aire y sistemas de aire acondicionado, tambi\u00e9n tele comandados.<\/li>\n<li>Un PLC de la linea MOMENTUM conectado en modo distribuido por los 8 (ocho) pisos del hotel, que encend\u00eda la iluminaci\u00f3n de palieres, pileta de nataci\u00f3n y control de extractores de aire, entre otros.<\/li>\n<\/ol>\n<p style=\"padding-left: 30px;\">Se completaba el sistema con un software SCADA P-CIM de 800 tag&#8217;s para el monitoreo de todo el hotel, reportes de alarmas, gr\u00e1ficos y tendencias de energ\u00eda y animaci\u00f3n del sistema el\u00e9ctrico.<\/p>\n<p style=\"padding-left: 30px;\">Como detalle, se solicito la generaci\u00f3n de pantallas con eventos programables del sistema de iluminaci\u00f3n y extractores de aire con fecha y hora seleccionables por el operador, con un a\u00f1o de antelaci\u00f3n.<\/p>\n<p style=\"padding-left: 30px;\">Algunas fotograf\u00edas del sistema de control SCADA P-CIM :<\/p>\n<p style=\"padding-left: 30px; text-align: center;\"><img decoding=\"async\" loading=\"lazy\" class=\"alignnone size-medium wp-image-795\" src=\"http:\/\/ingycort.com.ar\/wp-content\/uploads\/2016\/11\/1-5-300x216.png\" alt=\"1\" width=\"300\" height=\"216\" srcset=\"http:\/\/ingycort.com.ar\/wp-content\/uploads\/2016\/11\/1-5-300x216.png 300w, http:\/\/ingycort.com.ar\/wp-content\/uploads\/2016\/11\/1-5.png 658w\" sizes=\"(max-width: 300px) 100vw, 300px\" \/><\/p>\n<p style=\"padding-left: 30px; text-align: left;\">Pantallas generales y monitoreo de emergencia:<\/p>\n<p style=\"padding-left: 30px; text-align: center;\"><img decoding=\"async\" loading=\"lazy\" class=\"alignnone size-medium wp-image-796\" src=\"http:\/\/ingycort.com.ar\/wp-content\/uploads\/2016\/11\/2-5-300x224.png\" alt=\"2\" width=\"300\" height=\"224\" srcset=\"http:\/\/ingycort.com.ar\/wp-content\/uploads\/2016\/11\/2-5-300x224.png 300w, http:\/\/ingycort.com.ar\/wp-content\/uploads\/2016\/11\/2-5-285x214.png 285w, http:\/\/ingycort.com.ar\/wp-content\/uploads\/2016\/11\/2-5.png 429w\" sizes=\"(max-width: 300px) 100vw, 300px\" \/> <img decoding=\"async\" loading=\"lazy\" class=\"alignnone size-medium wp-image-797\" src=\"http:\/\/ingycort.com.ar\/wp-content\/uploads\/2016\/11\/3-5-300x222.png\" alt=\"3\" width=\"300\" height=\"222\" srcset=\"http:\/\/ingycort.com.ar\/wp-content\/uploads\/2016\/11\/3-5-300x222.png 300w, http:\/\/ingycort.com.ar\/wp-content\/uploads\/2016\/11\/3-5.png 432w\" sizes=\"(max-width: 300px) 100vw, 300px\" \/> <img decoding=\"async\" loading=\"lazy\" class=\"alignnone size-medium wp-image-798\" src=\"http:\/\/ingycort.com.ar\/wp-content\/uploads\/2016\/11\/4-4-300x218.png\" alt=\"4\" width=\"300\" height=\"218\" srcset=\"http:\/\/ingycort.com.ar\/wp-content\/uploads\/2016\/11\/4-4-300x218.png 300w, http:\/\/ingycort.com.ar\/wp-content\/uploads\/2016\/11\/4-4.png 428w\" sizes=\"(max-width: 300px) 100vw, 300px\" \/> <img decoding=\"async\" loading=\"lazy\" class=\"alignnone size-medium wp-image-799\" src=\"http:\/\/ingycort.com.ar\/wp-content\/uploads\/2016\/11\/5-3-300x220.png\" alt=\"5\" width=\"300\" height=\"220\" srcset=\"http:\/\/ingycort.com.ar\/wp-content\/uploads\/2016\/11\/5-3-300x220.png 300w, http:\/\/ingycort.com.ar\/wp-content\/uploads\/2016\/11\/5-3.png 429w\" sizes=\"(max-width: 300px) 100vw, 300px\" \/> <img decoding=\"async\" loading=\"lazy\" class=\"alignnone size-medium wp-image-800\" src=\"http:\/\/ingycort.com.ar\/wp-content\/uploads\/2016\/11\/6-3-300x227.png\" alt=\"6\" width=\"300\" height=\"227\" srcset=\"http:\/\/ingycort.com.ar\/wp-content\/uploads\/2016\/11\/6-3-300x227.png 300w, http:\/\/ingycort.com.ar\/wp-content\/uploads\/2016\/11\/6-3.png 430w\" sizes=\"(max-width: 300px) 100vw, 300px\" \/> <img decoding=\"async\" loading=\"lazy\" class=\"alignnone size-medium wp-image-801\" src=\"http:\/\/ingycort.com.ar\/wp-content\/uploads\/2016\/11\/7-2-300x228.png\" alt=\"7\" width=\"300\" height=\"228\" srcset=\"http:\/\/ingycort.com.ar\/wp-content\/uploads\/2016\/11\/7-2-300x228.png 300w, http:\/\/ingycort.com.ar\/wp-content\/uploads\/2016\/11\/7-2.png 430w\" sizes=\"(max-width: 300px) 100vw, 300px\" \/> <img decoding=\"async\" loading=\"lazy\" class=\"alignnone size-medium wp-image-802\" src=\"http:\/\/ingycort.com.ar\/wp-content\/uploads\/2016\/11\/8-2-300x227.png\" alt=\"8\" width=\"300\" height=\"227\" srcset=\"http:\/\/ingycort.com.ar\/wp-content\/uploads\/2016\/11\/8-2-300x227.png 300w, http:\/\/ingycort.com.ar\/wp-content\/uploads\/2016\/11\/8-2.png 428w\" sizes=\"(max-width: 300px) 100vw, 300px\" \/> <img decoding=\"async\" loading=\"lazy\" class=\"alignnone size-medium wp-image-803\" src=\"http:\/\/ingycort.com.ar\/wp-content\/uploads\/2016\/11\/9-1-300x228.png\" alt=\"9\" width=\"300\" height=\"228\" srcset=\"http:\/\/ingycort.com.ar\/wp-content\/uploads\/2016\/11\/9-1-300x228.png 300w, http:\/\/ingycort.com.ar\/wp-content\/uploads\/2016\/11\/9-1.png 428w\" sizes=\"(max-width: 300px) 100vw, 300px\" \/><\/p>\n<p style=\"padding-left: 30px;\">\n<p style=\"padding-left: 30px;\">Pantallas de control de iluminaci\u00f3n y aire acondicionado:<\/p>\n<p style=\"padding-left: 30px; text-align: center;\"><img decoding=\"async\" loading=\"lazy\" class=\"alignnone size-medium wp-image-804\" src=\"http:\/\/ingycort.com.ar\/wp-content\/uploads\/2016\/11\/10-1-300x217.png\" alt=\"10\" width=\"300\" height=\"217\" srcset=\"http:\/\/ingycort.com.ar\/wp-content\/uploads\/2016\/11\/10-1-300x217.png 300w, http:\/\/ingycort.com.ar\/wp-content\/uploads\/2016\/11\/10-1.png 431w\" sizes=\"(max-width: 300px) 100vw, 300px\" \/> <img decoding=\"async\" loading=\"lazy\" class=\"alignnone size-medium wp-image-805\" src=\"http:\/\/ingycort.com.ar\/wp-content\/uploads\/2016\/11\/11-1-300x215.png\" alt=\"11\" width=\"300\" height=\"215\" srcset=\"http:\/\/ingycort.com.ar\/wp-content\/uploads\/2016\/11\/11-1-300x215.png 300w, http:\/\/ingycort.com.ar\/wp-content\/uploads\/2016\/11\/11-1.png 429w\" sizes=\"(max-width: 300px) 100vw, 300px\" \/> <img decoding=\"async\" loading=\"lazy\" class=\"alignnone size-medium wp-image-806\" src=\"http:\/\/ingycort.com.ar\/wp-content\/uploads\/2016\/11\/12-300x222.png\" alt=\"12\" width=\"300\" height=\"222\" srcset=\"http:\/\/ingycort.com.ar\/wp-content\/uploads\/2016\/11\/12-300x222.png 300w, http:\/\/ingycort.com.ar\/wp-content\/uploads\/2016\/11\/12.png 431w\" sizes=\"(max-width: 300px) 100vw, 300px\" \/> <img decoding=\"async\" loading=\"lazy\" class=\"alignnone size-medium wp-image-807\" src=\"http:\/\/ingycort.com.ar\/wp-content\/uploads\/2016\/11\/13-300x223.png\" alt=\"13\" width=\"300\" height=\"223\" srcset=\"http:\/\/ingycort.com.ar\/wp-content\/uploads\/2016\/11\/13-300x223.png 300w, http:\/\/ingycort.com.ar\/wp-content\/uploads\/2016\/11\/13.png 430w\" sizes=\"(max-width: 300px) 100vw, 300px\" \/><\/p>\n<p>Pantalla de telecomandos de interruptores:<\/p>\n<p style=\"text-align: center;\"><img decoding=\"async\" loading=\"lazy\" class=\"alignnone  wp-image-808\" src=\"http:\/\/ingycort.com.ar\/wp-content\/uploads\/2016\/11\/14-300x186.png\" alt=\"14\" width=\"455\" height=\"282\" srcset=\"http:\/\/ingycort.com.ar\/wp-content\/uploads\/2016\/11\/14-300x186.png 300w, http:\/\/ingycort.com.ar\/wp-content\/uploads\/2016\/11\/14-768x475.png 768w, http:\/\/ingycort.com.ar\/wp-content\/uploads\/2016\/11\/14.png 883w\" sizes=\"(max-width: 455px) 100vw, 455px\" \/><\/p>\n<p>&nbsp;<\/p>\n","protected":false},"excerpt":{"rendered":"<p>EDIFICIOS INTELIGENTES-DOMOTICA: &nbsp; &nbsp; Hotel Casino GALA (Chaco): Desarrollo, ingenier\u00eda y posterior puesta en marcha de un sistema de control del edificio del HOTEL CASINO GALA (Perteneciente al grupo AMERIAN) donde se automatizo el sistema de iluminaci\u00f3n, aire acondicionado, accionamiento de sistemas de seguridades el\u00e9ctricas y monitorizaci\u00f3n de los estados de energ\u00eda de las Sub-Estaciones <a href=\"http:\/\/ingycort.com.ar\/?page_id=483\" rel=\"nofollow\"><span class=\"sr-only\">Leer m\u00e1sedificios inteligentes<\/span>[&hellip;]<\/a><\/p>\n","protected":false},"author":1,"featured_media":0,"parent":0,"menu_order":0,"comment_status":"closed","ping_status":"closed","template":"","meta":[],"_links":{"self":[{"href":"http:\/\/ingycort.com.ar\/index.php?rest_route=\/wp\/v2\/pages\/483"}],"collection":[{"href":"http:\/\/ingycort.com.ar\/index.php?rest_route=\/wp\/v2\/pages"}],"about":[{"href":"http:\/\/ingycort.com.ar\/index.php?rest_route=\/wp\/v2\/types\/page"}],"author":[{"embeddable":true,"href":"http:\/\/ingycort.com.ar\/index.php?rest_route=\/wp\/v2\/users\/1"}],"replies":[{"embeddable":true,"href":"http:\/\/ingycort.com.ar\/index.php?rest_route=%2Fwp%2Fv2%2Fcomments&post=483"}],"version-history":[{"count":4,"href":"http:\/\/ingycort.com.ar\/index.php?rest_route=\/wp\/v2\/pages\/483\/revisions"}],"predecessor-version":[{"id":809,"href":"http:\/\/ingycort.com.ar\/index.php?rest_route=\/wp\/v2\/pages\/483\/revisions\/809"}],"wp:attachment":[{"href":"http:\/\/ingycort.com.ar\/index.php?rest_route=%2Fwp%2Fv2%2Fmedia&parent=483"}],"curies":[{"name":"wp","href":"https:\/\/api.w.org\/{rel}","templated":true}]}}