{"id":481,"date":"2016-11-11T11:37:09","date_gmt":"2016-11-11T14:37:09","guid":{"rendered":"http:\/\/ingycort.com.ar\/?page_id=481"},"modified":"2016-11-25T10:52:41","modified_gmt":"2016-11-25T13:52:41","slug":"mantenimiento-general-de-plantas-industriales","status":"publish","type":"page","link":"http:\/\/ingycort.com.ar\/?page_id=481","title":{"rendered":"mantenimiento general de plantas industriales"},"content":{"rendered":"<h1 style=\"text-align: center;\"><span style=\"text-decoration: underline;\">MANTENIMIENTO DE PLANTAS INDUSTRIALES<\/span><\/h1>\n<ul>\n<li>\n<h3><span style=\"text-decoration: underline;\">Koyo Steering ARGENTINA S.A. (Servicio de Outsorsing):<\/span><\/h3>\n<\/li>\n<\/ul>\n<p>Mantenimiento preventivo y correctivo en KOYO STEERING S.A. Desde Julio de 2002, se presta un servicio de abono mensual a la empresa KOYO STEERING S.A. La realizaci\u00f3n del mismo consiste en un mantenimiento preventivo y correctivo de la planta, asistencia en las \u00e1reas de el\u00e9ctrica, electronica, automatismo, neum\u00e1tica, hidr\u00e1ulica y mec\u00e1nica a un plantel de 56 (cincuenta y seis) maquinas de diversas complejidad, desde centros de mecanizado (MAZAK 400) hasta las instalaciones edilicias que la empresa cuenta en la localidad de Barracas, Capital Federal.<\/p>\n<p>El servicio se presta en la modalidad de contrato semestral, contando con personal id\u00f3neo en las \u00e1reas mencionadas distribuidos en 3 (tres) turnos de producci\u00f3n, cumpliendo una asistencia Full-Time y guardias programadas.<\/p>\n<p>Todo el personal cuenta con herramientas y equipos acordes a las tareas a cumplir, como asi tambien \u00a0capacitaci\u00f3n permanente en \u00e1reas de inter\u00e9s para la empresa. Dicha instrucci\u00f3n se brinda en las instalaciones de SOLUMANA S.R.L.<\/p>\n<h4><span style=\"text-decoration: underline;\">Fotograf\u00edas de algunas maquinas de la planta:<\/span><\/h4>\n<p style=\"text-align: center;\"><img decoding=\"async\" loading=\"lazy\" class=\"alignnone size-medium wp-image-789\" src=\"http:\/\/ingycort.com.ar\/wp-content\/uploads\/2016\/11\/1-4-300x226.png\" alt=\"1\" width=\"300\" height=\"226\" srcset=\"http:\/\/ingycort.com.ar\/wp-content\/uploads\/2016\/11\/1-4-300x226.png 300w, http:\/\/ingycort.com.ar\/wp-content\/uploads\/2016\/11\/1-4-285x214.png 285w, http:\/\/ingycort.com.ar\/wp-content\/uploads\/2016\/11\/1-4.png 431w\" sizes=\"(max-width: 300px) 100vw, 300px\" \/> <img decoding=\"async\" loading=\"lazy\" class=\"alignnone size-medium wp-image-790\" src=\"http:\/\/ingycort.com.ar\/wp-content\/uploads\/2016\/11\/2-4-300x226.png\" alt=\"2\" width=\"300\" height=\"226\" srcset=\"http:\/\/ingycort.com.ar\/wp-content\/uploads\/2016\/11\/2-4-300x226.png 300w, http:\/\/ingycort.com.ar\/wp-content\/uploads\/2016\/11\/2-4-285x214.png 285w, http:\/\/ingycort.com.ar\/wp-content\/uploads\/2016\/11\/2-4.png 427w\" sizes=\"(max-width: 300px) 100vw, 300px\" \/> <img decoding=\"async\" loading=\"lazy\" class=\"alignnone size-medium wp-image-791\" src=\"http:\/\/ingycort.com.ar\/wp-content\/uploads\/2016\/11\/3-4-300x228.png\" alt=\"3\" width=\"300\" height=\"228\" srcset=\"http:\/\/ingycort.com.ar\/wp-content\/uploads\/2016\/11\/3-4-300x228.png 300w, http:\/\/ingycort.com.ar\/wp-content\/uploads\/2016\/11\/3-4.png 426w\" sizes=\"(max-width: 300px) 100vw, 300px\" \/> <img decoding=\"async\" loading=\"lazy\" class=\"alignnone size-medium wp-image-792\" src=\"http:\/\/ingycort.com.ar\/wp-content\/uploads\/2016\/11\/4-3-300x228.png\" alt=\"4\" width=\"300\" height=\"228\" srcset=\"http:\/\/ingycort.com.ar\/wp-content\/uploads\/2016\/11\/4-3-300x228.png 300w, http:\/\/ingycort.com.ar\/wp-content\/uploads\/2016\/11\/4-3.png 424w\" sizes=\"(max-width: 300px) 100vw, 300px\" \/><\/p>\n<ul>\n<li>\n<h3><span style=\"text-decoration: underline;\">Techint S.A. :<\/span><\/h3>\n<\/li>\n<\/ul>\n<p style=\"padding-left: 30px;\">Mantenimiento el\u00e9ctrico, preventivo y correctivo de 5ta Nave de COMETARSA<br \/>\nS.A., obra P.P.O. ( Localidad: Campana, Pcia. de Bs. As. ).<br \/>\nEn la misma, se han mantenido equipos de oxicorte de ca\u00f1er\u00edas de gran porte,<br \/>\nprogramables, sistemas autom\u00e1ticos de medici\u00f3n y soldadura.<\/p>\n<ul>\n<li>\n<h3><span style=\"text-decoration: underline;\">Conarco\u00a0Soldaduras\u00a0S.A.:<\/span><\/h3>\n<\/li>\n<\/ul>\n<p style=\"padding-left: 30px;\">Reparaci\u00f3n y mantenimiento equipos de electro-soldadoras el\u00e9ctricas \u201cLincoln\u201d,<br \/>\nmodelos : DC-400 y DC-600.<\/p>\n<ul>\n<li>\n<h3><span style=\"text-decoration: underline; line-height: 1.5;\">Goni S.A. :<\/span><\/h3>\n<\/li>\n<\/ul>\n<p style=\"padding-left: 30px;\">Planta dedicada a la fabricaci\u00f3n de mallas met\u00e1licas y carros de supermercado.<br \/>\nCita en Haedo, Pcia. de Bs. As. En la misma se han realizado las siguientes obras:<br \/>\nMantenimiento general de planta.<br \/>\nInstalaci\u00f3n El\u00e9ctrica completa ( B.T. ).<br \/>\nIluminaci\u00f3n de planta.<br \/>\nAutomatizaci\u00f3n electromec\u00e1nica de soldadoras a tope.<br \/>\nAutomatizaci\u00f3n electromec\u00e1nica de prensa hidr\u00e1ulica de 100 Tn.<br \/>\nCorrecci\u00f3n del consumo reactivo.<\/p>\n<ul>\n<li>\n<h3><span style=\"text-decoration: underline; line-height: 1.5;\">Esitec S.A. :<\/span><\/h3>\n<\/li>\n<\/ul>\n<p style=\"padding-left: 30px;\">Empresa dedicada al mantenimiento y renovaci\u00f3n de tableros de control de<br \/>\nascensores y montacargas.<br \/>\nDesde 1994 se asiste a la misma en la Ingenier\u00eda, programaci\u00f3n y puesta en<br \/>\nmarcha de tableros con P.L.C.&#8217;s para el control de los mismos, con diferentes<br \/>\nmarcas, modelos y con aplicaciones particulares para cada caso.<br \/>\nHasta la fecha se han realizado 10 ( diez ) tableros de control y automatizaciones.<br \/>\nEn todos los casos se ha incluido el armado, cableado y montaje de los mismos.<\/p>\n<p style=\"padding-left: 30px;\">\n","protected":false},"excerpt":{"rendered":"<p>MANTENIMIENTO DE PLANTAS INDUSTRIALES Koyo Steering ARGENTINA S.A. (Servicio de Outsorsing): Mantenimiento preventivo y correctivo en KOYO STEERING S.A. Desde Julio de 2002, se presta un servicio de abono mensual a la empresa KOYO STEERING S.A. La realizaci\u00f3n del mismo consiste en un mantenimiento preventivo y correctivo de la planta, asistencia en las \u00e1reas de <a href=\"http:\/\/ingycort.com.ar\/?page_id=481\" rel=\"nofollow\"><span class=\"sr-only\">Leer m\u00e1smantenimiento general de plantas industriales<\/span>[&hellip;]<\/a><\/p>\n","protected":false},"author":1,"featured_media":0,"parent":0,"menu_order":0,"comment_status":"closed","ping_status":"closed","template":"","meta":[],"_links":{"self":[{"href":"http:\/\/ingycort.com.ar\/index.php?rest_route=\/wp\/v2\/pages\/481"}],"collection":[{"href":"http:\/\/ingycort.com.ar\/index.php?rest_route=\/wp\/v2\/pages"}],"about":[{"href":"http:\/\/ingycort.com.ar\/index.php?rest_route=\/wp\/v2\/types\/page"}],"author":[{"embeddable":true,"href":"http:\/\/ingycort.com.ar\/index.php?rest_route=\/wp\/v2\/users\/1"}],"replies":[{"embeddable":true,"href":"http:\/\/ingycort.com.ar\/index.php?rest_route=%2Fwp%2Fv2%2Fcomments&post=481"}],"version-history":[{"count":5,"href":"http:\/\/ingycort.com.ar\/index.php?rest_route=\/wp\/v2\/pages\/481\/revisions"}],"predecessor-version":[{"id":811,"href":"http:\/\/ingycort.com.ar\/index.php?rest_route=\/wp\/v2\/pages\/481\/revisions\/811"}],"wp:attachment":[{"href":"http:\/\/ingycort.com.ar\/index.php?rest_route=%2Fwp%2Fv2%2Fmedia&parent=481"}],"curies":[{"name":"wp","href":"https:\/\/api.w.org\/{rel}","templated":true}]}}