{"id":479,"date":"2016-11-11T11:36:22","date_gmt":"2016-11-11T14:36:22","guid":{"rendered":"http:\/\/ingycort.com.ar\/?page_id=479"},"modified":"2016-11-15T13:28:02","modified_gmt":"2016-11-15T16:28:02","slug":"sector-hormigon-y-ceramica","status":"publish","type":"page","link":"http:\/\/ingycort.com.ar\/?page_id=479","title":{"rendered":"sector hormigon y ceramica"},"content":{"rendered":"<h1 style=\"text-align: center;\"><span style=\"text-decoration: underline;\">SECTOR HORMIG\u00d3N Y CERAMICA<\/span><\/h1>\n<ul>\n<li>\n<h3><span style=\"text-decoration: underline;\">Losa Olavarria S.A.- Techint :<\/span><\/h3>\n<\/li>\n<\/ul>\n<p>Empresa dedicada al rubro construcci\u00f3n y cer\u00e1mica, ubicada en la localidad de Olavarria, Pcia de Bs. As.<\/p>\n<p>En la misma, se ha colaborado en la asistencia el\u00e9ctrica de campo como supervisor de obra, programaci\u00f3n y puesta en marcha de un equipo de mezclado y moldeado de tejas de hormig\u00f3n (Ingenier\u00eda REDLAND &#8211; ENGLAND ), con un equipo P.L.C SIMATIC S115-U, y software de supervision FIX32.<\/p>\n<ul>\n<li>\n<h3><span style=\"text-decoration: underline;\">Cer\u00e1mica Fanelli S.A. :\u00a0<\/span><\/h3>\n<\/li>\n<\/ul>\n<p>Automatizado de uno de los seis secadores de ladrillos en la localidad de los Hornos (Partido de La Plata).<\/p>\n<p>Para dicho proyecto, se ha utilizado en PLC TELEMANIQUE TSX 3721 y consola MAGELIS XBT.<\/p>\n<p>&nbsp;<\/p>\n","protected":false},"excerpt":{"rendered":"<p>SECTOR HORMIG\u00d3N Y CERAMICA Losa Olavarria S.A.- Techint : Empresa dedicada al rubro construcci\u00f3n y cer\u00e1mica, ubicada en la localidad de Olavarria, Pcia de Bs. As. En la misma, se ha colaborado en la asistencia el\u00e9ctrica de campo como supervisor de obra, programaci\u00f3n y puesta en marcha de un equipo de mezclado y moldeado de <a href=\"http:\/\/ingycort.com.ar\/?page_id=479\" rel=\"nofollow\"><span class=\"sr-only\">Leer m\u00e1ssector hormigon y ceramica<\/span>[&hellip;]<\/a><\/p>\n","protected":false},"author":1,"featured_media":0,"parent":0,"menu_order":0,"comment_status":"closed","ping_status":"closed","template":"","meta":[],"_links":{"self":[{"href":"http:\/\/ingycort.com.ar\/index.php?rest_route=\/wp\/v2\/pages\/479"}],"collection":[{"href":"http:\/\/ingycort.com.ar\/index.php?rest_route=\/wp\/v2\/pages"}],"about":[{"href":"http:\/\/ingycort.com.ar\/index.php?rest_route=\/wp\/v2\/types\/page"}],"author":[{"embeddable":true,"href":"http:\/\/ingycort.com.ar\/index.php?rest_route=\/wp\/v2\/users\/1"}],"replies":[{"embeddable":true,"href":"http:\/\/ingycort.com.ar\/index.php?rest_route=%2Fwp%2Fv2%2Fcomments&post=479"}],"version-history":[{"count":3,"href":"http:\/\/ingycort.com.ar\/index.php?rest_route=\/wp\/v2\/pages\/479\/revisions"}],"predecessor-version":[{"id":507,"href":"http:\/\/ingycort.com.ar\/index.php?rest_route=\/wp\/v2\/pages\/479\/revisions\/507"}],"wp:attachment":[{"href":"http:\/\/ingycort.com.ar\/index.php?rest_route=%2Fwp%2Fv2%2Fmedia&parent=479"}],"curies":[{"name":"wp","href":"https:\/\/api.w.org\/{rel}","templated":true}]}}