{"id":473,"date":"2016-11-11T11:32:14","date_gmt":"2016-11-11T14:32:14","guid":{"rendered":"http:\/\/ingycort.com.ar\/?page_id=473"},"modified":"2016-11-25T12:07:48","modified_gmt":"2016-11-25T15:07:48","slug":"sector-agro-alimenticio","status":"publish","type":"page","link":"http:\/\/ingycort.com.ar\/?page_id=473","title":{"rendered":"sector agro alimenticio"},"content":{"rendered":"<h1 style=\"text-align: center;\"><span style=\"text-decoration: underline;\">SECTOR AGRO-ALIMENTICIO<\/span><\/h1>\n<p>&nbsp;<\/p>\n<p>&nbsp;<\/p>\n<ul>\n<li>\n<h3>Molinos Muscariello Hnos.:<\/h3>\n<\/li>\n<\/ul>\n<p style=\"padding-left: 30px;\">Automatizacion linea de embolse y despacho de harinas con PLC TELEMANIQUE TSX-17-20 y consola XBT-A7. (Localidad: Junin, Pcia. de Bs. As.).<\/p>\n<ul>\n<li>\n<h3>Molinos Delizzotti Hnos. :<\/h3>\n<\/li>\n<\/ul>\n<p style=\"padding-left: 30px;\">\u00cddem anterior, con PLC TELEMANIQUE TSX &#8211; 4720, y software de supervision MONITOR 77 sobre plataforma PC ATx486. Localidad: Parana, Entre Rios<\/p>\n<ul>\n<li>\n<h3>Molinos Junin S.A. :<\/h3>\n<\/li>\n<\/ul>\n<p style=\"padding-left: 30px;\">Silos de acopio, fracciona-dores de harina y molienda, planta ubicada en la ciudad de JUNIN, Pcia de Bs. As.<\/p>\n<p style=\"padding-left: 30px;\">Colaboraci\u00f3n en la modificaci\u00f3n de un PLC HITACHI, modelo EM-300, modular y consola de operaci\u00f3n EXXOR.<\/p>\n<ul>\n<li>\n<h3>Dulcypas S.A. :<\/h3>\n<\/li>\n<\/ul>\n<p style=\"padding-left: 30px;\">Automatizacion del sistema de transporte de salida de hornos y llenadoras, controladas por medio de un PLC IZUMI FA-2J.<\/p>\n<ul>\n<li>\n<h3>Molinos Rio de la Plata S.A. (Planta TRES CRUCES):<\/h3>\n<\/li>\n<\/ul>\n<p style=\"padding-left: 30px;\">Renovaci\u00f3n y automatizaci\u00f3n del sistema de control de 2 (dos) maquinas envasadoras de salchichas de viena (Equipos MUTIVAC).<\/p>\n<p style=\"padding-left: 30px;\">Incluye la ingenier\u00eda de tableros, conexiones de campo, programaci\u00f3n de los PLC&#8217;s S7-200 con consolas de operaci\u00f3n OP7 y puesta en marcha.<\/p>\n<p style=\"padding-left: 30px; text-align: center;\"><img decoding=\"async\" loading=\"lazy\" class=\"alignnone size-medium wp-image-768\" src=\"http:\/\/ingycort.com.ar\/wp-content\/uploads\/2016\/11\/1-2-300x225.png\" alt=\"1\" width=\"300\" height=\"225\" srcset=\"http:\/\/ingycort.com.ar\/wp-content\/uploads\/2016\/11\/1-2-300x225.png 300w, http:\/\/ingycort.com.ar\/wp-content\/uploads\/2016\/11\/1-2-285x214.png 285w, http:\/\/ingycort.com.ar\/wp-content\/uploads\/2016\/11\/1-2.png 429w\" sizes=\"(max-width: 300px) 100vw, 300px\" \/> <img decoding=\"async\" loading=\"lazy\" class=\"alignnone size-medium wp-image-769\" src=\"http:\/\/ingycort.com.ar\/wp-content\/uploads\/2016\/11\/2-2-300x222.png\" alt=\"2\" width=\"300\" height=\"222\" srcset=\"http:\/\/ingycort.com.ar\/wp-content\/uploads\/2016\/11\/2-2-300x222.png 300w, http:\/\/ingycort.com.ar\/wp-content\/uploads\/2016\/11\/2-2.png 430w\" sizes=\"(max-width: 300px) 100vw, 300px\" \/> <img decoding=\"async\" loading=\"lazy\" class=\"alignnone size-medium wp-image-770\" src=\"http:\/\/ingycort.com.ar\/wp-content\/uploads\/2016\/11\/3-2-300x224.png\" alt=\"3\" width=\"300\" height=\"224\" srcset=\"http:\/\/ingycort.com.ar\/wp-content\/uploads\/2016\/11\/3-2-300x224.png 300w, http:\/\/ingycort.com.ar\/wp-content\/uploads\/2016\/11\/3-2-285x214.png 285w, http:\/\/ingycort.com.ar\/wp-content\/uploads\/2016\/11\/3-2.png 428w\" sizes=\"(max-width: 300px) 100vw, 300px\" \/> <img decoding=\"async\" loading=\"lazy\" class=\"alignnone size-medium wp-image-771\" src=\"http:\/\/ingycort.com.ar\/wp-content\/uploads\/2016\/11\/4-1-300x226.png\" alt=\"4\" width=\"300\" height=\"226\" srcset=\"http:\/\/ingycort.com.ar\/wp-content\/uploads\/2016\/11\/4-1-300x226.png 300w, http:\/\/ingycort.com.ar\/wp-content\/uploads\/2016\/11\/4-1-285x214.png 285w, http:\/\/ingycort.com.ar\/wp-content\/uploads\/2016\/11\/4-1.png 427w\" sizes=\"(max-width: 300px) 100vw, 300px\" \/> <img decoding=\"async\" loading=\"lazy\" class=\"alignnone size-medium wp-image-772\" src=\"http:\/\/ingycort.com.ar\/wp-content\/uploads\/2016\/11\/5-1-300x222.png\" alt=\"5\" width=\"300\" height=\"222\" srcset=\"http:\/\/ingycort.com.ar\/wp-content\/uploads\/2016\/11\/5-1-300x222.png 300w, http:\/\/ingycort.com.ar\/wp-content\/uploads\/2016\/11\/5-1.png 429w\" sizes=\"(max-width: 300px) 100vw, 300px\" \/> <img decoding=\"async\" loading=\"lazy\" class=\"alignnone size-medium wp-image-773\" src=\"http:\/\/ingycort.com.ar\/wp-content\/uploads\/2016\/11\/6-1-300x226.png\" alt=\"6\" width=\"300\" height=\"226\" srcset=\"http:\/\/ingycort.com.ar\/wp-content\/uploads\/2016\/11\/6-1-300x226.png 300w, http:\/\/ingycort.com.ar\/wp-content\/uploads\/2016\/11\/6-1-285x214.png 285w, http:\/\/ingycort.com.ar\/wp-content\/uploads\/2016\/11\/6-1.png 429w\" sizes=\"(max-width: 300px) 100vw, 300px\" \/><\/p>\n<p style=\"padding-left: 30px;\">\n","protected":false},"excerpt":{"rendered":"<p>SECTOR AGRO-ALIMENTICIO &nbsp; &nbsp; Molinos Muscariello Hnos.: Automatizacion linea de embolse y despacho de harinas con PLC TELEMANIQUE TSX-17-20 y consola XBT-A7. (Localidad: Junin, Pcia. de Bs. As.). Molinos Delizzotti Hnos. : \u00cddem anterior, con PLC TELEMANIQUE TSX &#8211; 4720, y software de supervision MONITOR 77 sobre plataforma PC ATx486. Localidad: Parana, Entre Rios Molinos <a href=\"http:\/\/ingycort.com.ar\/?page_id=473\" rel=\"nofollow\"><span class=\"sr-only\">Leer m\u00e1ssector agro alimenticio<\/span>[&hellip;]<\/a><\/p>\n","protected":false},"author":1,"featured_media":0,"parent":0,"menu_order":0,"comment_status":"closed","ping_status":"closed","template":"","meta":[],"_links":{"self":[{"href":"http:\/\/ingycort.com.ar\/index.php?rest_route=\/wp\/v2\/pages\/473"}],"collection":[{"href":"http:\/\/ingycort.com.ar\/index.php?rest_route=\/wp\/v2\/pages"}],"about":[{"href":"http:\/\/ingycort.com.ar\/index.php?rest_route=\/wp\/v2\/types\/page"}],"author":[{"embeddable":true,"href":"http:\/\/ingycort.com.ar\/index.php?rest_route=\/wp\/v2\/users\/1"}],"replies":[{"embeddable":true,"href":"http:\/\/ingycort.com.ar\/index.php?rest_route=%2Fwp%2Fv2%2Fcomments&post=473"}],"version-history":[{"count":5,"href":"http:\/\/ingycort.com.ar\/index.php?rest_route=\/wp\/v2\/pages\/473\/revisions"}],"predecessor-version":[{"id":832,"href":"http:\/\/ingycort.com.ar\/index.php?rest_route=\/wp\/v2\/pages\/473\/revisions\/832"}],"wp:attachment":[{"href":"http:\/\/ingycort.com.ar\/index.php?rest_route=%2Fwp%2Fv2%2Fmedia&parent=473"}],"curies":[{"name":"wp","href":"https:\/\/api.w.org\/{rel}","templated":true}]}}