{"id":469,"date":"2016-11-11T11:30:35","date_gmt":"2016-11-11T14:30:35","guid":{"rendered":"http:\/\/ingycort.com.ar\/?page_id=469"},"modified":"2016-11-25T11:57:07","modified_gmt":"2016-11-25T14:57:07","slug":"sector-de-tratamiento-de-agua-degremont","status":"publish","type":"page","link":"http:\/\/ingycort.com.ar\/?page_id=469","title":{"rendered":"sector de tratamiento de agua degremont"},"content":{"rendered":"<h1 style=\"text-align: center;\"><span style=\"text-decoration: underline;\">TRATAMIENTO DE AGUAS <\/span><\/h1>\n<h1 style=\"text-align: center;\"><span style=\"text-decoration: underline;\">(DEGREMONT S.A.)<\/span><\/h1>\n<ul>\n<li>\n<h3><span style=\"text-decoration: underline;\">Degremont argentina S.A.:<\/span><\/h3>\n<\/li>\n<\/ul>\n<p style=\"padding-left: 30px;\">Automatizaci\u00f3n completa de las obras de la planta potabilizadora de agua en \u00bb<br \/>\nAguas Provinciales de Santa Fe \u00bb A.P.S.F. en la ciudad de Rosario, Pcia. de Santa<br \/>\nFe.<br \/>\nObra de ampliaci\u00f3n de la planta potabilizadora, automatizada con 3 ( tres ) P.L.C.&#8217;s<br \/>\nmodelo y marcas TELEMECANIQUE, l\u00ednea PL7-3, modelos TSX-47\/455, TSX-<br \/>\n67\/455, TSX-87\/455, conectado en modo link entre ellos y 5 ( cinco ) P.L.C.&#8217;s<br \/>\nTELEMECANIQUE TSX-17\/20 interconectados en red, v\u00eda Unitelway,<br \/>\ncorrespondientes a cada filtro REGULAZUR, con lazos P.I.D., en cada uno de<br \/>\nellos, entradas, salidas anal\u00f3gicas y software de supervisi\u00f3n en PC&#8217;s bajo<br \/>\nWindows 3.11 \u00bb TOPKAPI \u00ab.<br \/>\nLa totalidad de la obra comprend\u00eda tres partes principales a saber:<br \/>\nSecci\u00f3n \u00bb M\u00f3dulo \u00bb : Edificio principal, con su sala de control, tablero de<br \/>\ncomando, computadora conectada con el sistema SCADA y comando centralizado<br \/>\nde los filtros \u201cRegulazur\u201d.<\/p>\n<p style=\"padding-left: 30px;\">Secci\u00f3n \u00bb Reactivos \u00bb : Edificio correspondiente al control de la inyecci\u00f3n de<br \/>\nagentes qu\u00edmicos potabilizadores.<br \/>\nCuenta con un segundo tablero de control con P.L.C., interconectado por red<br \/>\n\u201cFipway\u201d y monitoreado por un sistema SCADA de similares caracter\u00edsticas al<br \/>\nanterior.<br \/>\nSecci\u00f3n \u00bb Cloro y Cal \u00bb : Edificio correspondiente al control y dosificaci\u00f3n de los<br \/>\nmismos.<\/p>\n<ul>\n<li>\n<h3><span style=\"text-decoration: underline;\">Carnes Pampeanas S.A. :<\/span><\/h3>\n<\/li>\n<\/ul>\n<p style=\"padding-left: 30px;\">Automatizaci\u00f3n de un P.L.C. TELEMECANIQUE TSX-37 para el control de una<br \/>\nplanta de residuos org\u00e1nicos, efluentes industriales y aguas servidas del frigor\u00edfico<br \/>\nen cuesti\u00f3n.<br \/>\nPlanta ubicada en la ciudad de Santa Rosa, Pcia. de la PAMPA.<\/p>\n<p style=\"padding-left: 30px; text-align: center;\"><img decoding=\"async\" loading=\"lazy\" class=\"alignnone size-medium wp-image-813\" src=\"http:\/\/ingycort.com.ar\/wp-content\/uploads\/2016\/11\/1-6-300x223.png\" alt=\"1\" width=\"300\" height=\"223\" srcset=\"http:\/\/ingycort.com.ar\/wp-content\/uploads\/2016\/11\/1-6-300x223.png 300w, http:\/\/ingycort.com.ar\/wp-content\/uploads\/2016\/11\/1-6.png 434w\" sizes=\"(max-width: 300px) 100vw, 300px\" \/> <img decoding=\"async\" loading=\"lazy\" class=\"alignnone size-medium wp-image-814\" src=\"http:\/\/ingycort.com.ar\/wp-content\/uploads\/2016\/11\/2-6-300x226.png\" alt=\"2\" width=\"300\" height=\"226\" srcset=\"http:\/\/ingycort.com.ar\/wp-content\/uploads\/2016\/11\/2-6-300x226.png 300w, http:\/\/ingycort.com.ar\/wp-content\/uploads\/2016\/11\/2-6-285x214.png 285w, http:\/\/ingycort.com.ar\/wp-content\/uploads\/2016\/11\/2-6.png 432w\" sizes=\"(max-width: 300px) 100vw, 300px\" \/><\/p>\n<p>&nbsp;<\/p>\n<ul>\n<li>\n<h3><span style=\"text-decoration: underline;\">Supermercado UNIMARC &#8211; Belgrano y Quilmes :<\/span><\/h3>\n<\/li>\n<\/ul>\n<p style=\"padding-left: 30px;\">Automatizaci\u00f3n de la planta de efluentes del shopping, equipada con P.L.C.<br \/>\nTELEMECANIQUE TSX-3721 y consola MAGELIS &#8211; XBT para intercambio de<br \/>\npar\u00e1metros.<\/p>\n<ul>\n<li>\n<h3><span style=\"text-decoration: underline;\">Aguas Provinciales de Santa Fe :<\/span><\/h3>\n<\/li>\n<\/ul>\n<p style=\"padding-left: 30px;\">Automatizaci\u00f3n de la planta de tratamiento de agua potable y lavado de filtros de<br \/>\npurificaci\u00f3n, ( Tipo REGULAZUR ).<br \/>\nCantidad de filtros : cuatro (4), controlados con un P.L.C. TELEMECANIQUE,<br \/>\nmodelo TSX-3722 + Consola de intercambio de par\u00e1metros XBT &#8211; MAGELIS.<br \/>\nLocalizaci\u00f3n de la planta : Ciudad de Reconquista ( Centro ), Pcia. de Santa Fe.<\/p>\n<ul>\n<li>\n<h3><span style=\"text-decoration: underline;\">Aguas Provinciales de Santa Fe (Puerto):<\/span><\/h3>\n<\/li>\n<\/ul>\n<p style=\"padding-left: 30px;\">modular ( \u201cPlanta Cristal\u201d ), realizada con un P.L.C. TELEMECANIQUE, MICRO<br \/>\nTSX \u2013 3722 y consola XBT-MAGELIS.<br \/>\nCaudal procesado de planta : 9 m3\/h.<br \/>\nDicha planta se encuentra en el puerto de la ciudad de Reconquista ( en la toma<br \/>\nde agua cruda general ), Pcia. de Santa Fe.<\/p>\n<ul>\n<li>\n<h3><span style=\"text-decoration: underline;\">Hartmann -PPM- :\u00a0<\/span><\/h3>\n<\/li>\n<\/ul>\n<p style=\"padding-left: 30px;\">Automatizaci\u00f3n de planta de efluentes industriales, provenientes de pre<br \/>\nmoldeados<br \/>\nde papel y cart\u00f3n reciclado.<br \/>\nPlanta de \u00faltima generaci\u00f3n, controlada por un P.L.C. TELEMECANIQUE, modelo<br \/>\nTSX &#8211; PREMIUM, y sistema de supervisi\u00f3n SCADA ( P-CIM ) instalado en dos (2)<br \/>\nP.C.\u00b4s industriales. Una de ellas ubicadas en la sala de control y la segunda<br \/>\nestaci\u00f3n remota, en el laboratorio de la planta.<br \/>\nCaudal de proceso : 600 m3\/h.<br \/>\nLocalizaci\u00f3n de la planta : Ciudad de Cipoletti, Pcia. de R\u00edo Negro.<br \/>\nFotograf\u00edas varias de la obra :<\/p>\n<p style=\"padding-left: 30px; text-align: center;\"><img decoding=\"async\" loading=\"lazy\" class=\"alignnone size-medium wp-image-815\" src=\"http:\/\/ingycort.com.ar\/wp-content\/uploads\/2016\/11\/3-6-300x206.png\" alt=\"3\" width=\"300\" height=\"206\" srcset=\"http:\/\/ingycort.com.ar\/wp-content\/uploads\/2016\/11\/3-6-300x206.png 300w, http:\/\/ingycort.com.ar\/wp-content\/uploads\/2016\/11\/3-6.png 432w\" sizes=\"(max-width: 300px) 100vw, 300px\" \/> <img decoding=\"async\" loading=\"lazy\" class=\"alignnone size-medium wp-image-816\" src=\"http:\/\/ingycort.com.ar\/wp-content\/uploads\/2016\/11\/4-5-300x205.png\" alt=\"4\" width=\"300\" height=\"205\" srcset=\"http:\/\/ingycort.com.ar\/wp-content\/uploads\/2016\/11\/4-5-300x205.png 300w, http:\/\/ingycort.com.ar\/wp-content\/uploads\/2016\/11\/4-5.png 422w\" sizes=\"(max-width: 300px) 100vw, 300px\" \/> <img decoding=\"async\" loading=\"lazy\" class=\"alignnone size-medium wp-image-817\" src=\"http:\/\/ingycort.com.ar\/wp-content\/uploads\/2016\/11\/5-4-300x246.png\" alt=\"5\" width=\"300\" height=\"246\" srcset=\"http:\/\/ingycort.com.ar\/wp-content\/uploads\/2016\/11\/5-4-300x246.png 300w, http:\/\/ingycort.com.ar\/wp-content\/uploads\/2016\/11\/5-4.png 430w\" sizes=\"(max-width: 300px) 100vw, 300px\" \/> <img decoding=\"async\" loading=\"lazy\" class=\"alignnone size-medium wp-image-818\" src=\"http:\/\/ingycort.com.ar\/wp-content\/uploads\/2016\/11\/6-4-300x251.png\" alt=\"6\" width=\"300\" height=\"251\" srcset=\"http:\/\/ingycort.com.ar\/wp-content\/uploads\/2016\/11\/6-4-300x251.png 300w, http:\/\/ingycort.com.ar\/wp-content\/uploads\/2016\/11\/6-4.png 429w\" sizes=\"(max-width: 300px) 100vw, 300px\" \/><\/p>\n<p>Sistema SCADA utilizado:<\/p>\n<p style=\"text-align: center;\"><img decoding=\"async\" loading=\"lazy\" class=\"alignnone size-medium wp-image-819\" src=\"http:\/\/ingycort.com.ar\/wp-content\/uploads\/2016\/11\/7-3-300x239.png\" alt=\"7\" width=\"300\" height=\"239\" srcset=\"http:\/\/ingycort.com.ar\/wp-content\/uploads\/2016\/11\/7-3-300x239.png 300w, http:\/\/ingycort.com.ar\/wp-content\/uploads\/2016\/11\/7-3.png 429w\" sizes=\"(max-width: 300px) 100vw, 300px\" \/> <img decoding=\"async\" loading=\"lazy\" class=\"alignnone size-medium wp-image-820\" src=\"http:\/\/ingycort.com.ar\/wp-content\/uploads\/2016\/11\/8-3-300x238.png\" alt=\"8\" width=\"300\" height=\"238\" srcset=\"http:\/\/ingycort.com.ar\/wp-content\/uploads\/2016\/11\/8-3-300x238.png 300w, http:\/\/ingycort.com.ar\/wp-content\/uploads\/2016\/11\/8-3.png 433w\" sizes=\"(max-width: 300px) 100vw, 300px\" \/> <img decoding=\"async\" loading=\"lazy\" class=\"alignnone size-medium wp-image-821\" src=\"http:\/\/ingycort.com.ar\/wp-content\/uploads\/2016\/11\/9-2-300x224.png\" alt=\"9\" width=\"300\" height=\"224\" srcset=\"http:\/\/ingycort.com.ar\/wp-content\/uploads\/2016\/11\/9-2-300x224.png 300w, http:\/\/ingycort.com.ar\/wp-content\/uploads\/2016\/11\/9-2-285x214.png 285w, http:\/\/ingycort.com.ar\/wp-content\/uploads\/2016\/11\/9-2.png 432w\" sizes=\"(max-width: 300px) 100vw, 300px\" \/> <img decoding=\"async\" loading=\"lazy\" class=\"alignnone size-medium wp-image-822\" src=\"http:\/\/ingycort.com.ar\/wp-content\/uploads\/2016\/11\/10-2-300x219.png\" alt=\"10\" width=\"300\" height=\"219\" srcset=\"http:\/\/ingycort.com.ar\/wp-content\/uploads\/2016\/11\/10-2-300x219.png 300w, http:\/\/ingycort.com.ar\/wp-content\/uploads\/2016\/11\/10-2.png 431w\" sizes=\"(max-width: 300px) 100vw, 300px\" \/> <img decoding=\"async\" loading=\"lazy\" class=\"alignnone size-medium wp-image-823\" src=\"http:\/\/ingycort.com.ar\/wp-content\/uploads\/2016\/11\/11-2-300x230.png\" alt=\"11\" width=\"300\" height=\"230\" srcset=\"http:\/\/ingycort.com.ar\/wp-content\/uploads\/2016\/11\/11-2-300x230.png 300w, http:\/\/ingycort.com.ar\/wp-content\/uploads\/2016\/11\/11-2.png 452w\" sizes=\"(max-width: 300px) 100vw, 300px\" \/> <img decoding=\"async\" loading=\"lazy\" class=\"alignnone size-medium wp-image-824\" src=\"http:\/\/ingycort.com.ar\/wp-content\/uploads\/2016\/11\/12-1-300x246.png\" alt=\"12\" width=\"300\" height=\"246\" srcset=\"http:\/\/ingycort.com.ar\/wp-content\/uploads\/2016\/11\/12-1-300x246.png 300w, http:\/\/ingycort.com.ar\/wp-content\/uploads\/2016\/11\/12-1.png 412w\" sizes=\"(max-width: 300px) 100vw, 300px\" \/><\/p>\n<h3><\/h3>\n<ul>\n<li>\n<h3><span style=\"text-decoration: underline;\">Bayer ARG S.A. :<\/span><\/h3>\n<\/li>\n<\/ul>\n<p style=\"padding-left: 30px;\">Automatizaci\u00f3n y puesta en marcha de una planta de aguas industriales y<br \/>\ncloacales ubicada en el parque industrial pilar, Pcia. de Bs. As.<br \/>\nDicha planta, recientemente inaugurada, cuenta con el control de un P.L.C.<br \/>\nSIEMENS \u2013 SIMATIC 95, con consola de mensajes y par\u00e1metros, adicion\u00e1ndole<br \/>\nun m\u00f3dulo con el cual se establec\u00eda una comunicaci\u00f3n en protocolo MODBUS<br \/>\nhacia un sistema SCADA de la propia planta.<br \/>\nCaudal procesado de la planta : 40 m3\/d\u00eda.<\/p>\n<ul>\n<li>\n<h3><span style=\"text-decoration: underline;\">Givarduan &#8211; Roure S.A. :<\/span><\/h3>\n<\/li>\n<\/ul>\n<p style=\"padding-left: 30px;\">cloacales ubicada en la localidad de MUNRO, Pcia. de Buenos Aires.<br \/>\nDicha planta, cuenta con el control de un P.L.C. SIEMENS \u2013 SIMATIC S7-200,<br \/>\ncompacto.<br \/>\nCaudal procesado de la planta : 70 m3\/d\u00eda.<\/p>\n<ul>\n<li>\n<h3><span style=\"text-decoration: underline;\">Snanprogetti\u00a0\u2013 Techint ( PLANTA PROFERTIL S.A.) :<\/span><\/h3>\n<\/li>\n<\/ul>\n<p style=\"padding-left: 30px;\">Automatizaci\u00f3n y puesta en marcha de una planta de aguas cloacales, ubicada en<br \/>\nel parque industrial de Bah\u00eda Blanca, Pcia. de Bs. As.<br \/>\nDicha planta, recientemente inaugurada, cuenta con el control de un P.L.C.<br \/>\nSIEMENS \u2013 SIMATIC 95.<br \/>\nCaudal procesado de la planta : 50 m3\/d\u00eda.<\/p>\n<p style=\"padding-left: 30px; text-align: center;\"><img decoding=\"async\" loading=\"lazy\" class=\"alignnone size-medium wp-image-827\" src=\"http:\/\/ingycort.com.ar\/wp-content\/uploads\/2016\/11\/13-2-227x300.png\" alt=\"13\" width=\"227\" height=\"300\" srcset=\"http:\/\/ingycort.com.ar\/wp-content\/uploads\/2016\/11\/13-2-227x300.png 227w, http:\/\/ingycort.com.ar\/wp-content\/uploads\/2016\/11\/13-2.png 290w\" sizes=\"(max-width: 227px) 100vw, 227px\" \/> <img decoding=\"async\" loading=\"lazy\" class=\"alignnone size-medium wp-image-828\" src=\"http:\/\/ingycort.com.ar\/wp-content\/uploads\/2016\/11\/14-2-300x205.png\" alt=\"14\" width=\"300\" height=\"205\" srcset=\"http:\/\/ingycort.com.ar\/wp-content\/uploads\/2016\/11\/14-2-300x205.png 300w, http:\/\/ingycort.com.ar\/wp-content\/uploads\/2016\/11\/14-2.png 555w\" sizes=\"(max-width: 300px) 100vw, 300px\" \/><\/p>\n<p>&nbsp;<\/p>\n<p>&nbsp;<\/p>\n","protected":false},"excerpt":{"rendered":"<p>TRATAMIENTO DE AGUAS (DEGREMONT S.A.) Degremont argentina S.A.: Automatizaci\u00f3n completa de las obras de la planta potabilizadora de agua en \u00bb Aguas Provinciales de Santa Fe \u00bb A.P.S.F. en la ciudad de Rosario, Pcia. de Santa Fe. Obra de ampliaci\u00f3n de la planta potabilizadora, automatizada con 3 ( tres ) P.L.C.&#8217;s modelo y marcas TELEMECANIQUE, <a href=\"http:\/\/ingycort.com.ar\/?page_id=469\" rel=\"nofollow\"><span class=\"sr-only\">Leer m\u00e1ssector de tratamiento de agua degremont<\/span>[&hellip;]<\/a><\/p>\n","protected":false},"author":1,"featured_media":0,"parent":0,"menu_order":0,"comment_status":"closed","ping_status":"closed","template":"","meta":[],"_links":{"self":[{"href":"http:\/\/ingycort.com.ar\/index.php?rest_route=\/wp\/v2\/pages\/469"}],"collection":[{"href":"http:\/\/ingycort.com.ar\/index.php?rest_route=\/wp\/v2\/pages"}],"about":[{"href":"http:\/\/ingycort.com.ar\/index.php?rest_route=\/wp\/v2\/types\/page"}],"author":[{"embeddable":true,"href":"http:\/\/ingycort.com.ar\/index.php?rest_route=\/wp\/v2\/users\/1"}],"replies":[{"embeddable":true,"href":"http:\/\/ingycort.com.ar\/index.php?rest_route=%2Fwp%2Fv2%2Fcomments&post=469"}],"version-history":[{"count":4,"href":"http:\/\/ingycort.com.ar\/index.php?rest_route=\/wp\/v2\/pages\/469\/revisions"}],"predecessor-version":[{"id":830,"href":"http:\/\/ingycort.com.ar\/index.php?rest_route=\/wp\/v2\/pages\/469\/revisions\/830"}],"wp:attachment":[{"href":"http:\/\/ingycort.com.ar\/index.php?rest_route=%2Fwp%2Fv2%2Fmedia&parent=469"}],"curies":[{"name":"wp","href":"https:\/\/api.w.org\/{rel}","templated":true}]}}