{"id":467,"date":"2016-11-11T11:29:29","date_gmt":"2016-11-11T14:29:29","guid":{"rendered":"http:\/\/ingycort.com.ar\/?page_id=467"},"modified":"2024-05-17T11:47:12","modified_gmt":"2024-05-17T14:47:12","slug":"sector-plantas-de-tratamiento-de-agua-argentinas","status":"publish","type":"page","link":"http:\/\/ingycort.com.ar\/?page_id=467","title":{"rendered":"PLANTAS DE TRATAMIENTOS DE AGUA"},"content":{"rendered":"<hr \/>\n<h2 style=\"text-align: center;\"><span style=\"color: #0000ff;\">OBRA: \u00abACUEDUCTO WICHI\u00bb\u00a0<\/span><\/h2>\n<h4><img decoding=\"async\" loading=\"lazy\" class=\"alignnone  wp-image-1157\" src=\"http:\/\/ingycort.com.ar\/wp-content\/uploads\/2024\/05\/2.jpeg\" alt=\"\" width=\"296\" height=\"184\" \/><img decoding=\"async\" loading=\"lazy\" class=\"alignnone  wp-image-1156\" src=\"http:\/\/ingycort.com.ar\/wp-content\/uploads\/2024\/05\/1-300x186.webp\" alt=\"\" width=\"295\" height=\"183\" srcset=\"http:\/\/ingycort.com.ar\/wp-content\/uploads\/2024\/05\/1-300x186.webp 300w, http:\/\/ingycort.com.ar\/wp-content\/uploads\/2024\/05\/1-1024x634.webp 1024w, http:\/\/ingycort.com.ar\/wp-content\/uploads\/2024\/05\/1-768x476.webp 768w, http:\/\/ingycort.com.ar\/wp-content\/uploads\/2024\/05\/1.webp 1070w\" sizes=\"(max-width: 295px) 100vw, 295px\" \/><img decoding=\"async\" loading=\"lazy\" class=\"alignnone  wp-image-1158\" src=\"http:\/\/ingycort.com.ar\/wp-content\/uploads\/2024\/05\/3-300x235.png\" alt=\"\" width=\"232\" height=\"182\" srcset=\"http:\/\/ingycort.com.ar\/wp-content\/uploads\/2024\/05\/3-300x235.png 300w, http:\/\/ingycort.com.ar\/wp-content\/uploads\/2024\/05\/3.png 575w\" sizes=\"(max-width: 232px) 100vw, 232px\" \/><\/h4>\n<p><!--more--><\/p>\n<h4><strong><span style=\"text-decoration: underline;\">MARTINEZ y DE LA FUENTE SA &#8211; C&amp;E &#8211; CONSTRUCCIONES SA &#8211; SUPERCEMENTO SA &#8211; WICHI &#8211; UTE<\/span><\/strong><\/h4>\n<p><em><strong>En esta oportunidad estamos en proceso de la obra<\/strong> \u00abABASTECIMIENTO DE AGUA POTABLE A LAS LOCALIDADES DE WICHI COMO:\u00bb EL SAUZAL, MISI\u00d3N NUEVA POMPEYA, Y FUERTE ESPERANZA\u00bb &#8211; el cual se encuentra ubicado en la provincia del C<\/em><em>haco.<\/em><\/p>\n<ul>\n<li><span style=\"text-decoration: underline;\"><b><u>DEFINICI\u00d3N\u00a0DEL SISTEMA<\/u><\/b><\/span><\/li>\n<\/ul>\n<p><em>El sistema global abarcar\u00e1 sistemas de automatismo en cada estaci\u00f3n. Cada uno de estos estar\u00e1 basado en un PLC (Controlador l\u00f3gico programable), que junto a uno o m\u00e1s paneles de control conformar\u00e1n la parte de control.\u00a0<\/em><em>La parte de medici\u00f3n incluir\u00e1 principalmente sensores de diferentes tipos; transmisores de temperatura, caudal, etc.; contactos auxiliares en elementos de los tableros de potencia de las diferentes bombas; llaves selectoras y pulsadores en las puertas de tableros.\u00a0<\/em><em>La parte operativa del sistema estar\u00e1 compuesta por contactores, variadores de frecuencia, arrancadores suaves, electro v\u00e1lvulas, indicadores luminosos en tableros, etc. Los PLC\u2019s de las diferentes estaciones estar\u00e1n enlazados por un sistema de radioenlace.<\/em><\/p>\n<p style=\"text-align: center;\"><span style=\"text-decoration: underline; color: #0000ff;\"><strong>ARQUITECTURA DE PLC PLANTA : \u201cEL PINTADO\u201d<\/strong><\/span><\/p>\n<p><img decoding=\"async\" loading=\"lazy\" class=\"wp-image-1002 alignleft\" src=\"http:\/\/ingycort.com.ar\/wp-content\/uploads\/2019\/09\/ARQUITECTURA-EL-PINTADO-300x163.png\" alt=\"\" width=\"424\" height=\"230\" srcset=\"http:\/\/ingycort.com.ar\/wp-content\/uploads\/2019\/09\/ARQUITECTURA-EL-PINTADO-300x163.png 300w, http:\/\/ingycort.com.ar\/wp-content\/uploads\/2019\/09\/ARQUITECTURA-EL-PINTADO.png 712w\" sizes=\"(max-width: 424px) 100vw, 424px\" \/><img decoding=\"async\" loading=\"lazy\" class=\"wp-image-1003 alignnone\" style=\"font-size: 16px;\" src=\"http:\/\/ingycort.com.ar\/wp-content\/uploads\/2019\/09\/ARQUI-EL-PINTADO-300x236.png\" alt=\"\" width=\"297\" height=\"233\" srcset=\"http:\/\/ingycort.com.ar\/wp-content\/uploads\/2019\/09\/ARQUI-EL-PINTADO-300x236.png 300w, http:\/\/ingycort.com.ar\/wp-content\/uploads\/2019\/09\/ARQUI-EL-PINTADO.png 424w\" sizes=\"(max-width: 297px) 100vw, 297px\" \/><!--more--><\/p>\n<h4 style=\"text-align: center;\"><span style=\"color: #0000ff;\"><strong><span style=\"text-decoration: underline;\">AUTOMATIZACI\u00d3N PLANTA POTABILIZADORA Y ESTACI\u00d3N DE BOMBEO EN WICH\u00cd<\/span><\/strong><\/span><\/h4>\n<ul>\n<li><span style=\"text-decoration: underline;\"><strong>Descripci\u00f3n funcional de la instalaci\u00f3n<\/strong><\/span><\/li>\n<\/ul>\n<p><em>El agua pre-sedimentada proveniente de El Pintado llegar\u00e1 a un m\u00faltiple de donde tomar\u00e1n dos electrobombas centr\u00edfugas de 63,00 m\u00b3\/h para impulsar al tratamiento en la propia planta de Wichi, uno en funcionamiento y otro en reserva. Y otras dos bombas centr\u00edfugas de 540,00 m\u00b3\/h para impulsi\u00f3n a Misi\u00f3n Nueva Pompeya. <\/em><em>El agua bombeada a potabilizaci\u00f3n entrar\u00e1 a una c\u00e1mara de carga, previa a dos floculadores de tipo hidr\u00e1ulico.\u00a0\u00a0<\/em><em>El agua decantada se conduce a un canal central que desemboca en una c\u00e1mara colectora, que conduce y distribuye el agua a los filtros lentos. Estos<\/em><em>\u00a0consistir\u00e1n en cuatro unidades. Se limpiar\u00e1n por rastrillado, envi\u00e1ndose los lodos tambi\u00e9n por canales a la playa de secado..<\/em><em>\u00a0<\/em><\/p>\n<p><img decoding=\"async\" loading=\"lazy\" class=\"wp-image-1004 aligncenter\" src=\"http:\/\/ingycort.com.ar\/wp-content\/uploads\/2019\/09\/ARQUI-WICHI-300x151.png\" alt=\"\" width=\"463\" height=\"233\" srcset=\"http:\/\/ingycort.com.ar\/wp-content\/uploads\/2019\/09\/ARQUI-WICHI-300x151.png 300w, http:\/\/ingycort.com.ar\/wp-content\/uploads\/2019\/09\/ARQUI-WICHI-768x386.png 768w, http:\/\/ingycort.com.ar\/wp-content\/uploads\/2019\/09\/ARQUI-WICHI-600x300.png 600w, http:\/\/ingycort.com.ar\/wp-content\/uploads\/2019\/09\/ARQUI-WICHI-400x200.png 400w, http:\/\/ingycort.com.ar\/wp-content\/uploads\/2019\/09\/ARQUI-WICHI.png 844w\" sizes=\"(max-width: 463px) 100vw, 463px\" \/><br \/>\n<img decoding=\"async\" loading=\"lazy\" class=\"wp-image-1005 aligncenter\" style=\"font-size: 16px;\" src=\"http:\/\/ingycort.com.ar\/wp-content\/uploads\/2019\/09\/ARQUITECTURA-WICHI-300x170.png\" alt=\"\" width=\"452\" height=\"256\" srcset=\"http:\/\/ingycort.com.ar\/wp-content\/uploads\/2019\/09\/ARQUITECTURA-WICHI-300x170.png 300w, http:\/\/ingycort.com.ar\/wp-content\/uploads\/2019\/09\/ARQUITECTURA-WICHI.png 671w\" sizes=\"(max-width: 452px) 100vw, 452px\" \/><\/p>\n<h4 style=\"text-align: center;\"><span style=\"color: #0000ff;\"><strong><span style=\"text-decoration: underline;\">AUTOMATIZACI\u00d3N PLANTA POTABILIZADORA Y ESTACION DE BOMBEO EN NUEVA POMPEYA<\/span><\/strong><\/span><\/h4>\n<p><em>El ingreso se realiza en la c\u00e1mara de carga donde el agua pre-sedimentada llega por bombeo desde Wichi, pero debido a las pendientes, en caso de detener la bomba, seguir\u00e1 habiendo un cierto caudal a gravedad. <\/em><em>Desde la c\u00e1mara de carga, el agua pasar\u00e1 a los decantadores din\u00e1micos de manto de lodos con afinado por medio de sedimentaci\u00f3n acelerada.\u00a0<\/em><em>El agua filtrada se almacenar\u00e1 en una cisterna, con dos bombas de 54 kW\u00a0 se bombear\u00e1 a Torre tanque de Nueva Pompeya comandadas por dos arrancadores suaves.\u00a0<\/em><\/p>\n<p><em>Habr\u00e1 una casa qu\u00edmica cercana a los decantadores. Desde la misma se dosificar\u00e1 coagulante, alcalinizante e hipoclorito de sodio. El equipamiento de la misma abarca bombas inyectoras y agitadores, cuyos arranques estar\u00e1n en el tablero de dicha casa qu\u00edmica. En el tablero de tratamiento de lodos estar\u00e1n los arranques del puente barredor y mixer de homogenizaci\u00f3n, adem\u00e1s del control de la v\u00e1lvula reguladora de caudal al espesador.<\/em><\/p>\n<p><img decoding=\"async\" loading=\"lazy\" class=\"size-medium wp-image-1009 aligncenter\" src=\"http:\/\/ingycort.com.ar\/wp-content\/uploads\/2019\/09\/NUEVA-300x106.png\" alt=\"\" width=\"300\" height=\"106\" srcset=\"http:\/\/ingycort.com.ar\/wp-content\/uploads\/2019\/09\/NUEVA-300x106.png 300w, http:\/\/ingycort.com.ar\/wp-content\/uploads\/2019\/09\/NUEVA-768x272.png 768w, http:\/\/ingycort.com.ar\/wp-content\/uploads\/2019\/09\/NUEVA-1024x363.png 1024w, http:\/\/ingycort.com.ar\/wp-content\/uploads\/2019\/09\/NUEVA.png 1477w\" sizes=\"(max-width: 300px) 100vw, 300px\" \/> <img decoding=\"async\" loading=\"lazy\" class=\"size-medium wp-image-1010 aligncenter\" src=\"http:\/\/ingycort.com.ar\/wp-content\/uploads\/2019\/09\/POMPE-300x80.png\" alt=\"\" width=\"300\" height=\"80\" srcset=\"http:\/\/ingycort.com.ar\/wp-content\/uploads\/2019\/09\/POMPE-300x80.png 300w, http:\/\/ingycort.com.ar\/wp-content\/uploads\/2019\/09\/POMPE.png 728w\" sizes=\"(max-width: 300px) 100vw, 300px\" \/> <img decoding=\"async\" loading=\"lazy\" class=\"size-medium wp-image-1011 aligncenter\" src=\"http:\/\/ingycort.com.ar\/wp-content\/uploads\/2019\/09\/YA-300x103.png\" alt=\"\" width=\"300\" height=\"103\" srcset=\"http:\/\/ingycort.com.ar\/wp-content\/uploads\/2019\/09\/YA-300x103.png 300w, http:\/\/ingycort.com.ar\/wp-content\/uploads\/2019\/09\/YA.png 640w\" sizes=\"(max-width: 300px) 100vw, 300px\" \/><\/p>\n<p><img decoding=\"async\" loading=\"lazy\" class=\"size-medium wp-image-1012 aligncenter\" src=\"http:\/\/ingycort.com.ar\/wp-content\/uploads\/2019\/09\/ARQUI-TANKE-ELEVADO-300x251.png\" alt=\"\" width=\"300\" height=\"251\" srcset=\"http:\/\/ingycort.com.ar\/wp-content\/uploads\/2019\/09\/ARQUI-TANKE-ELEVADO-300x251.png 300w, http:\/\/ingycort.com.ar\/wp-content\/uploads\/2019\/09\/ARQUI-TANKE-ELEVADO.png 534w\" sizes=\"(max-width: 300px) 100vw, 300px\" \/><\/p>\n<h4 style=\"text-align: center;\"><span style=\"color: #0000ff;\"><strong><span style=\"text-decoration: underline;\">AUTOMATIZACION PLANTA ESTACION DE BOMBEO A TANQUE ELEVADO EN EL SAUZAL<\/span><\/strong><\/span><\/h4>\n<ul>\n<li><span style=\"text-decoration: underline;\"><strong>Descripci\u00f3n funcional de la instalaci\u00f3n<\/strong><\/span><\/li>\n<\/ul>\n<p>Habr\u00e1 una cisterna, que recibir\u00e1 el agua potable bombeada desde Wichi. En esta se medir\u00e1 el nivel a fin de conocer la cantidad de reservas. Se medir\u00e1n los niveles m\u00e1ximos y m\u00ednimos del Tanque elevado, mediante sensor de nivel del tipo de flotante. De acuerdo a los mismos actuar\u00e1n las bombas de elevaci\u00f3n al Tanque (una a la vez, la otra quedar\u00e1 de reserva), que se instalar\u00e1n sobre una c\u00e1mara de aspiraci\u00f3n lindera a la cisterna. Tambi\u00e9n se medir\u00e1n los par\u00e1metros el\u00e9ctricos de los comandos de las bombas.<\/p>\n<p><img decoding=\"async\" loading=\"lazy\" class=\" wp-image-1014 aligncenter\" src=\"http:\/\/ingycort.com.ar\/wp-content\/uploads\/2019\/09\/EL-SAUZAL-300x222.png\" alt=\"\" width=\"378\" height=\"280\" srcset=\"http:\/\/ingycort.com.ar\/wp-content\/uploads\/2019\/09\/EL-SAUZAL-300x222.png 300w, http:\/\/ingycort.com.ar\/wp-content\/uploads\/2019\/09\/EL-SAUZAL.png 616w\" sizes=\"(max-width: 378px) 100vw, 378px\" \/><\/p>\n<h1 style=\"text-align: left;\"><span style=\"color: #0000ff;\">TABLEROS DE TGBT\u00a0 DE 3 CUERPOS\u00a0<\/span><\/h1>\n<blockquote>\n<p style=\"text-align: left;\"><em><strong>\u00abColumna 1\u00bb<\/strong><\/em><\/p>\n<\/blockquote>\n<p><img decoding=\"async\" loading=\"lazy\" class=\"alignnone  wp-image-1176\" src=\"http:\/\/ingycort.com.ar\/wp-content\/uploads\/2024\/05\/1-TABLEROS-225x300.jpg\" alt=\"\" width=\"296\" height=\"395\" srcset=\"http:\/\/ingycort.com.ar\/wp-content\/uploads\/2024\/05\/1-TABLEROS-225x300.jpg 225w, http:\/\/ingycort.com.ar\/wp-content\/uploads\/2024\/05\/1-TABLEROS-768x1024.jpg 768w, http:\/\/ingycort.com.ar\/wp-content\/uploads\/2024\/05\/1-TABLEROS-1152x1536.jpg 1152w, http:\/\/ingycort.com.ar\/wp-content\/uploads\/2024\/05\/1-TABLEROS.jpg 1200w\" sizes=\"(max-width: 296px) 100vw, 296px\" \/><img decoding=\"async\" loading=\"lazy\" class=\"alignnone  wp-image-1177\" src=\"http:\/\/ingycort.com.ar\/wp-content\/uploads\/2024\/05\/1-1-TABLEROS-225x300.jpg\" alt=\"\" width=\"296\" height=\"395\" srcset=\"http:\/\/ingycort.com.ar\/wp-content\/uploads\/2024\/05\/1-1-TABLEROS-225x300.jpg 225w, http:\/\/ingycort.com.ar\/wp-content\/uploads\/2024\/05\/1-1-TABLEROS-768x1024.jpg 768w, http:\/\/ingycort.com.ar\/wp-content\/uploads\/2024\/05\/1-1-TABLEROS-1152x1536.jpg 1152w, http:\/\/ingycort.com.ar\/wp-content\/uploads\/2024\/05\/1-1-TABLEROS.jpg 1200w\" sizes=\"(max-width: 296px) 100vw, 296px\" \/><\/p>\n<blockquote><p><em><strong>\u00abColumna 2\u00bb<\/strong><\/em><\/p><\/blockquote>\n<p><img decoding=\"async\" loading=\"lazy\" class=\"alignnone  wp-image-1178\" src=\"http:\/\/ingycort.com.ar\/wp-content\/uploads\/2024\/05\/2-TABLEROS-225x300.jpg\" alt=\"\" width=\"298\" height=\"397\" srcset=\"http:\/\/ingycort.com.ar\/wp-content\/uploads\/2024\/05\/2-TABLEROS-225x300.jpg 225w, http:\/\/ingycort.com.ar\/wp-content\/uploads\/2024\/05\/2-TABLEROS-768x1024.jpg 768w, http:\/\/ingycort.com.ar\/wp-content\/uploads\/2024\/05\/2-TABLEROS-1152x1536.jpg 1152w, http:\/\/ingycort.com.ar\/wp-content\/uploads\/2024\/05\/2-TABLEROS.jpg 1200w\" sizes=\"(max-width: 298px) 100vw, 298px\" \/><img decoding=\"async\" loading=\"lazy\" class=\"alignnone  wp-image-1179\" src=\"http:\/\/ingycort.com.ar\/wp-content\/uploads\/2024\/05\/2-2-TABLEROS-225x300.jpg\" alt=\"\" width=\"298\" height=\"398\" srcset=\"http:\/\/ingycort.com.ar\/wp-content\/uploads\/2024\/05\/2-2-TABLEROS-225x300.jpg 225w, http:\/\/ingycort.com.ar\/wp-content\/uploads\/2024\/05\/2-2-TABLEROS-768x1024.jpg 768w, http:\/\/ingycort.com.ar\/wp-content\/uploads\/2024\/05\/2-2-TABLEROS-1152x1536.jpg 1152w, http:\/\/ingycort.com.ar\/wp-content\/uploads\/2024\/05\/2-2-TABLEROS.jpg 1200w\" sizes=\"(max-width: 298px) 100vw, 298px\" \/><\/p>\n<blockquote><p><em><strong>\u00abColumna 3\u00bb<\/strong><\/em><\/p><\/blockquote>\n<p><img decoding=\"async\" loading=\"lazy\" class=\"alignnone  wp-image-1182\" src=\"http:\/\/ingycort.com.ar\/wp-content\/uploads\/2024\/05\/3-TABLEROS-225x300.jpg\" alt=\"\" width=\"298\" height=\"398\" srcset=\"http:\/\/ingycort.com.ar\/wp-content\/uploads\/2024\/05\/3-TABLEROS-225x300.jpg 225w, http:\/\/ingycort.com.ar\/wp-content\/uploads\/2024\/05\/3-TABLEROS-768x1024.jpg 768w, http:\/\/ingycort.com.ar\/wp-content\/uploads\/2024\/05\/3-TABLEROS-1152x1536.jpg 1152w, http:\/\/ingycort.com.ar\/wp-content\/uploads\/2024\/05\/3-TABLEROS.jpg 1200w\" sizes=\"(max-width: 298px) 100vw, 298px\" \/><img decoding=\"async\" loading=\"lazy\" class=\"alignnone  wp-image-1183\" src=\"http:\/\/ingycort.com.ar\/wp-content\/uploads\/2024\/05\/3-3-TABLEROS-225x300.jpg\" alt=\"\" width=\"297\" height=\"396\" srcset=\"http:\/\/ingycort.com.ar\/wp-content\/uploads\/2024\/05\/3-3-TABLEROS-225x300.jpg 225w, http:\/\/ingycort.com.ar\/wp-content\/uploads\/2024\/05\/3-3-TABLEROS-768x1024.jpg 768w, http:\/\/ingycort.com.ar\/wp-content\/uploads\/2024\/05\/3-3-TABLEROS-1152x1536.jpg 1152w, http:\/\/ingycort.com.ar\/wp-content\/uploads\/2024\/05\/3-3-TABLEROS.jpg 1200w\" sizes=\"(max-width: 297px) 100vw, 297px\" \/><\/p>\n<h1 style=\"text-align: left;\"><span style=\"color: #0000ff;\">TABLERO AUTOMATISMO\u00a0<\/span><\/h1>\n<p><img decoding=\"async\" loading=\"lazy\" class=\"alignnone  wp-image-1191\" src=\"http:\/\/ingycort.com.ar\/wp-content\/uploads\/2024\/05\/1-AUTOMATISMO-225x300.jpg\" alt=\"\" width=\"313\" height=\"417\" srcset=\"http:\/\/ingycort.com.ar\/wp-content\/uploads\/2024\/05\/1-AUTOMATISMO-225x300.jpg 225w, http:\/\/ingycort.com.ar\/wp-content\/uploads\/2024\/05\/1-AUTOMATISMO-768x1024.jpg 768w, http:\/\/ingycort.com.ar\/wp-content\/uploads\/2024\/05\/1-AUTOMATISMO.jpg 960w\" sizes=\"(max-width: 313px) 100vw, 313px\" \/> <img decoding=\"async\" loading=\"lazy\" class=\"alignnone  wp-image-1192\" src=\"http:\/\/ingycort.com.ar\/wp-content\/uploads\/2024\/05\/2-AUTOMATISMO-225x300.jpg\" alt=\"\" width=\"313\" height=\"417\" srcset=\"http:\/\/ingycort.com.ar\/wp-content\/uploads\/2024\/05\/2-AUTOMATISMO-225x300.jpg 225w, http:\/\/ingycort.com.ar\/wp-content\/uploads\/2024\/05\/2-AUTOMATISMO-768x1024.jpg 768w, http:\/\/ingycort.com.ar\/wp-content\/uploads\/2024\/05\/2-AUTOMATISMO.jpg 960w\" sizes=\"(max-width: 313px) 100vw, 313px\" \/><\/p>\n<hr \/>\n<h3><span style=\"text-decoration: underline;\">AYSA\u00a0S.A<\/span><\/h3>\n<p><em>A continuaci\u00f3n dejaremos un listado con obras varias que se han realizado para diferentes empresas hace un tiempo y otras obras las cuales se est\u00e1n\u00a0llevando a cabo actualmente.:<\/em><\/p>\n<ol>\n<li><a href=\"http:\/\/ingycort.com.ar\/?page_id=515\">ANTARES SA<\/a><\/li>\n<li><a href=\"http:\/\/ingycort.com.ar\/?page_id=889\">PLECAR SA<\/a><\/li>\n<li><a href=\"http:\/\/ingycort.com.ar\/?page_id=892\">SERVICIO TOTAL SA<\/a><\/li>\n<li><a href=\"http:\/\/ingycort.com.ar\/?page_id=901\">MARTINEZ Y DE LA FUENTE SA<\/a><\/li>\n<li><a href=\"http:\/\/ingycort.com.ar\/?page_id=895\">SERVIUR SA<\/a><\/li>\n<li><a href=\"http:\/\/ingycort.com.ar\/?page_id=555\">MONTELECTRO SA<\/a><\/li>\n<li><a href=\"http:\/\/ingycort.com.ar\/?page_id=637\">ILUBAIRES SA<\/a><\/li>\n<li><a href=\"http:\/\/ingycort.com.ar\/?page_id=992\">GTMH ARGENTINA SA<\/a><\/li>\n<\/ol>\n<hr \/>\n<h3><span style=\"text-decoration: underline;\">Planta de cloro en BERNAL:<\/span><\/h3>\n<p><em>Automatizaci\u00f3n y puesta en marcha del sistema de dosificaci\u00f3n de cloro de 8 (ocho) cloradores y evaporadores, en conjunto con bater\u00edas de tanques y tambores, con una autonom\u00eda de 7 (siete) d\u00edas de dosificaci\u00f3n.<\/em><\/p>\n<p><em>Rutinas de intercambio autom\u00e1tico y control de lazos de dosificaci\u00f3n.<\/em><\/p>\n<p><em>El proyecto incluye la programaci\u00f3n de PLC&#8217;s TELEMANIQUE TSX PREMIUM, conectados a la red existente y transmitir los datos necesarios al sistema SCADA<\/em><em>que utilizaba la Ex-Aguas ARGENTINAS.<\/em><\/p>\n<p style=\"padding-left: 30px;\"><img decoding=\"async\" loading=\"lazy\" class=\"alignnone wp-image-737\" src=\"http:\/\/ingycort.com.ar\/wp-content\/uploads\/2016\/11\/bernal2-300x206.png\" alt=\"bernal2\" width=\"403\" height=\"277\" srcset=\"http:\/\/ingycort.com.ar\/wp-content\/uploads\/2016\/11\/bernal2-300x206.png 300w, http:\/\/ingycort.com.ar\/wp-content\/uploads\/2016\/11\/bernal2-768x526.png 768w, http:\/\/ingycort.com.ar\/wp-content\/uploads\/2016\/11\/bernal2.png 934w\" sizes=\"(max-width: 403px) 100vw, 403px\" \/> <img decoding=\"async\" loading=\"lazy\" class=\"alignnone wp-image-738\" src=\"http:\/\/ingycort.com.ar\/wp-content\/uploads\/2016\/11\/bernal-300x274.png\" alt=\"bernal\" width=\"304\" height=\"278\" srcset=\"http:\/\/ingycort.com.ar\/wp-content\/uploads\/2016\/11\/bernal-300x274.png 300w, http:\/\/ingycort.com.ar\/wp-content\/uploads\/2016\/11\/bernal.png 728w\" sizes=\"(max-width: 304px) 100vw, 304px\" \/><\/p>\n<hr \/>\n<h3><span style=\"text-decoration: underline;\">Nueva bomba de agua cruda en planta BERNAL :<\/span><\/h3>\n<p><em>Automatizaci\u00f3n y puesta en marcha de una nueva bomba de agua cruda de 100\u00a0<\/em><em>H.P. para ampliar el caudal de operaci\u00f3n de la planta. Tambi\u00e9n\u00a0s<\/em><em>e incluye la modificaci\u00f3n actual de los PLC\u00b4s existentes ( L\u00ednea TSX-7 ) y control\u00a0<\/em><em>de caudal de bombeo por lazos PID.\u00a0<\/em><em>El proyecto incluye la programaci\u00f3n de PLC\u00b4s conectados a la red existente y\u00a0<\/em><em>transmitir los datos necesarios al sistema SCADA <\/em><em>( Top-Kapi ).<\/em><\/p>\n<hr \/>\n<h3><span style=\"text-decoration: underline;\">Bombas de dosificaci\u00f3n de cal en planta SAN MART\u00cdN<\/span><\/h3>\n<p><em>Automatizaci\u00f3n y puesta en marcha de nuevas bombas de agua de cal de baja\u00a0<\/em><em>potencia para ampliar la dosificaci\u00f3n de la planta.\u00a0<\/em><em>Se incluyen la modificaci\u00f3n actual de los PLC\u00b4s existentes ( L\u00ednea TSX-7 ) y control<\/em><br \/>\n<em> de caudal de dosificaci\u00f3n de agua de cal, a lazo abierto.\u00a0\u00a0<\/em><em>El proyecto incluye la programaci\u00f3n de PLC\u00b4s conectados a la red existente y\u00a0<\/em><em>transmitir los datos necesarios al sistema SCADA ( Top-Kapi ) en todas sus estaciones de operaci\u00f3n.<\/em><\/p>\n<hr \/>\n<h3><span style=\"text-decoration: underline;\"><span style=\"line-height: 1.5;\">\u00abLa Lata\u00bb- Monte Grande<\/span><\/span><\/h3>\n<p><em>Automatizaci\u00f3n completa del sistema de bombeo de pozos remotos y lazo de control de tanque elevado en el distrito de monte grande (Obra: \u00abLa Lata\u00bb). Automatizaci\u00f3n realizada por medio de PLC TSX-Premium y consola de dialogo Magelis-XBT-Gr\u00e1fica, con reporte a TOPKAPI estaci\u00f3n central y comando remoto v\u00eda radio a 10 (diez) estaci\u00f3n de bombeo con equipamiento RTU MOTOROLA-MOSCAD 400.<\/em><\/p>\n<hr \/>\n<h3><span style=\"text-decoration: underline;\">Elevadora Quilmes<\/span><\/h3>\n<p><em> Planta elevadora Quilmes: En dicha planta se construyo e instalo un pupitre con acondicionamientos\u00a0 \u00a0 \u00a0 \u00a0 \u00a0 \u00a0 \u00a0 \u00a0 \u00a0 \u00a0 \u00a0 \u00a0 \u00a0 electromec\u00e1nicos para el comando manual de 10 bombas elevadoras. Dicho tablero reemplaza las acciones\u00a0 \u00a0 \u00a0 \u00a0 \u00a0 \u00a0 \u00a0 \u00a0 del PLC ante un eventual falla de este y permite la operaci\u00f3n normal de la planta.<\/em><\/p>\n<hr \/>\n<h3><span style=\"text-decoration: underline;\">Extracci\u00f3n de Fangos<\/span><\/h3>\n<p><em>\u00a0Modificaci\u00f3n y ampliaci\u00f3n de accionamientos en tablero existente del sector \u00abC\u00bb en planta San Mart\u00edn, para el\u00a0 \u00a0 \u00a0 \u00a0 \u00a0comando de bombas de extracci\u00f3n de fangos en decantadores.<\/em><\/p>\n<hr \/>\n<h3><span style=\"text-decoration: underline;\">Telemetr\u00eda en distrito Pacheco<\/span><\/h3>\n<p><em>Provisi\u00f3n, construcci\u00f3n, montaje en campo (V\u00eda publica) y posterior puesta en marcha de 4 sitios del distrito pacheco (Gran Bs As) para el monitoreo de la presi\u00f3n de linea en c\u00e1maras subterr\u00e1neas y envi\u00f3 de datos por sistema de radio-RTU MOTOROLA MOSCAD a estaci\u00f3n centralizada (Sistema de Telemetria).<\/em><\/p>\n<hr \/>\n<h3><span style=\"text-decoration: underline;\">Planta de agua (rebombeo) en complejo habilitaci\u00f3nal de acceso oeste y Av. Vergara\u00a0<\/span><\/h3>\n<p><em>Automatizaci\u00f3n del sistema de bombeo a edificio de consorcios, controlado a presi\u00f3n constante por medio de un PLC TELEMANIQUE TSX-3722 y velocidad de bomba controlada por variaci\u00f3n de frecuencia.<\/em><\/p>\n<p style=\"padding-left: 30px; text-align: center;\"><img decoding=\"async\" loading=\"lazy\" class=\"alignnone wp-image-749\" src=\"http:\/\/ingycort.com.ar\/wp-content\/uploads\/2016\/11\/1-300x216.png\" alt=\"1\" width=\"322\" height=\"232\" srcset=\"http:\/\/ingycort.com.ar\/wp-content\/uploads\/2016\/11\/1-300x216.png 300w, http:\/\/ingycort.com.ar\/wp-content\/uploads\/2016\/11\/1.png 407w\" sizes=\"(max-width: 322px) 100vw, 322px\" \/> <img decoding=\"async\" loading=\"lazy\" class=\"alignnone wp-image-750\" src=\"http:\/\/ingycort.com.ar\/wp-content\/uploads\/2016\/11\/2-300x200.png\" alt=\"2\" width=\"347\" height=\"231\" srcset=\"http:\/\/ingycort.com.ar\/wp-content\/uploads\/2016\/11\/2-300x200.png 300w, http:\/\/ingycort.com.ar\/wp-content\/uploads\/2016\/11\/2-272x182.png 272w, http:\/\/ingycort.com.ar\/wp-content\/uploads\/2016\/11\/2.png 426w\" sizes=\"(max-width: 347px) 100vw, 347px\" \/><\/p>\n<hr \/>\n","protected":false},"excerpt":{"rendered":"<p>OBRA: \u00abACUEDUCTO WICHI\u00bb\u00a0<\/p>\n","protected":false},"author":1,"featured_media":0,"parent":0,"menu_order":0,"comment_status":"closed","ping_status":"closed","template":"","meta":[],"_links":{"self":[{"href":"http:\/\/ingycort.com.ar\/index.php?rest_route=\/wp\/v2\/pages\/467"}],"collection":[{"href":"http:\/\/ingycort.com.ar\/index.php?rest_route=\/wp\/v2\/pages"}],"about":[{"href":"http:\/\/ingycort.com.ar\/index.php?rest_route=\/wp\/v2\/types\/page"}],"author":[{"embeddable":true,"href":"http:\/\/ingycort.com.ar\/index.php?rest_route=\/wp\/v2\/users\/1"}],"replies":[{"embeddable":true,"href":"http:\/\/ingycort.com.ar\/index.php?rest_route=%2Fwp%2Fv2%2Fcomments&post=467"}],"version-history":[{"count":73,"href":"http:\/\/ingycort.com.ar\/index.php?rest_route=\/wp\/v2\/pages\/467\/revisions"}],"predecessor-version":[{"id":1201,"href":"http:\/\/ingycort.com.ar\/index.php?rest_route=\/wp\/v2\/pages\/467\/revisions\/1201"}],"wp:attachment":[{"href":"http:\/\/ingycort.com.ar\/index.php?rest_route=%2Fwp%2Fv2%2Fmedia&parent=467"}],"curies":[{"name":"wp","href":"https:\/\/api.w.org\/{rel}","templated":true}]}}