{"id":464,"date":"2016-11-11T11:28:17","date_gmt":"2016-11-11T14:28:17","guid":{"rendered":"http:\/\/ingycort.com.ar\/?page_id=464"},"modified":"2016-11-24T09:46:54","modified_gmt":"2016-11-24T12:46:54","slug":"sector-autopratista-exportacion","status":"publish","type":"page","link":"http:\/\/ingycort.com.ar\/?page_id=464","title":{"rendered":"sector autopartista exportacion"},"content":{"rendered":"<h1 style=\"text-align: center;\"><span style=\"text-decoration: underline;\">SECTOR AUTOPARTISTA (Exportaci\u00f3n)<\/span><\/h1>\n<h3><span style=\"text-decoration: underline;\">Terminales automotrices S.A. (T.A.S.A.)<\/span><\/h3>\n<h3><span style=\"text-decoration: underline;\">Planta industrial en CURDINAMARCA-BOGOTA-COLOMBIA<\/span><\/h3>\n<p style=\"padding-left: 30px;\">Planta industrial dedicada a la fabricaci\u00f3n, ensamble y distribuci\u00f3n de auto-partes de suspencion y tren delantero de productos bajo licencia KOYO STEERING y TNK como marca propia. Comercializa en COLOMBIA, VENEZUELA, PANAM\u00c1 Y M\u00c9XICO.<\/p>\n<p style=\"padding-left: 30px;\">A dicha empresa, en el a\u00f1o 2002 se la ha provisto de 2 (dos) maquinas dise\u00f1adas, construidas, ensambladas y automatizadas completamente en nuestras instalaciones para el armado final de cajas de direcci\u00f3n manuales y asistidas de veh\u00edculos de la linea RENAULT.<\/p>\n<p style=\"padding-left: 30px;\">Las mismas realizaban el ensamble de las rotulas exteriores, con control de apriete (torque y angulo) y prueba final de cotas m\u00e1ximas una vez ensambladas por completo. Se utilizo gran cantidad de equipamiento neumatico y desarrollo mec\u00e1nico de precisi\u00f3n. En cuanto al automatismo, se han utilizado PLC&#8217;s de la linea HITACHI.<\/p>\n<p style=\"padding-left: 30px; text-align: center;\"><img decoding=\"async\" loading=\"lazy\" class=\"alignnone size-medium wp-image-740\" src=\"http:\/\/ingycort.com.ar\/wp-content\/uploads\/2016\/11\/autopartista-1-300x195.png\" alt=\"autopartista-1\" width=\"300\" height=\"195\" srcset=\"http:\/\/ingycort.com.ar\/wp-content\/uploads\/2016\/11\/autopartista-1-300x195.png 300w, http:\/\/ingycort.com.ar\/wp-content\/uploads\/2016\/11\/autopartista-1-768x498.png 768w, http:\/\/ingycort.com.ar\/wp-content\/uploads\/2016\/11\/autopartista-1.png 831w\" sizes=\"(max-width: 300px) 100vw, 300px\" \/> <img decoding=\"async\" loading=\"lazy\" class=\"alignnone size-medium wp-image-741\" src=\"http:\/\/ingycort.com.ar\/wp-content\/uploads\/2016\/11\/autopartista-2-300x193.png\" alt=\"autopartista-2\" width=\"300\" height=\"193\" srcset=\"http:\/\/ingycort.com.ar\/wp-content\/uploads\/2016\/11\/autopartista-2-300x193.png 300w, http:\/\/ingycort.com.ar\/wp-content\/uploads\/2016\/11\/autopartista-2-768x495.png 768w, http:\/\/ingycort.com.ar\/wp-content\/uploads\/2016\/11\/autopartista-2.png 823w\" sizes=\"(max-width: 300px) 100vw, 300px\" \/> <img decoding=\"async\" loading=\"lazy\" class=\"alignnone size-medium wp-image-742\" src=\"http:\/\/ingycort.com.ar\/wp-content\/uploads\/2016\/11\/autopartista-3-300x143.png\" alt=\"autopartista-3\" width=\"300\" height=\"143\" srcset=\"http:\/\/ingycort.com.ar\/wp-content\/uploads\/2016\/11\/autopartista-3-300x143.png 300w, http:\/\/ingycort.com.ar\/wp-content\/uploads\/2016\/11\/autopartista-3-768x366.png 768w, http:\/\/ingycort.com.ar\/wp-content\/uploads\/2016\/11\/autopartista-3.png 873w\" sizes=\"(max-width: 300px) 100vw, 300px\" \/> <img decoding=\"async\" loading=\"lazy\" class=\"alignnone size-medium wp-image-743\" src=\"http:\/\/ingycort.com.ar\/wp-content\/uploads\/2016\/11\/autopartista-4-300x160.png\" alt=\"autopartista-4\" width=\"300\" height=\"160\" srcset=\"http:\/\/ingycort.com.ar\/wp-content\/uploads\/2016\/11\/autopartista-4-300x160.png 300w, http:\/\/ingycort.com.ar\/wp-content\/uploads\/2016\/11\/autopartista-4.png 449w\" sizes=\"(max-width: 300px) 100vw, 300px\" \/> <img decoding=\"async\" loading=\"lazy\" class=\"alignnone size-medium wp-image-744\" src=\"http:\/\/ingycort.com.ar\/wp-content\/uploads\/2016\/11\/autopartista-5-300x164.png\" alt=\"autopartista-5\" width=\"300\" height=\"164\" srcset=\"http:\/\/ingycort.com.ar\/wp-content\/uploads\/2016\/11\/autopartista-5-300x164.png 300w, http:\/\/ingycort.com.ar\/wp-content\/uploads\/2016\/11\/autopartista-5.png 443w\" sizes=\"(max-width: 300px) 100vw, 300px\" \/> <img decoding=\"async\" loading=\"lazy\" class=\"alignnone size-medium wp-image-745\" src=\"http:\/\/ingycort.com.ar\/wp-content\/uploads\/2016\/11\/autopartista-6-300x170.png\" alt=\"autopartista-6\" width=\"300\" height=\"170\" srcset=\"http:\/\/ingycort.com.ar\/wp-content\/uploads\/2016\/11\/autopartista-6-300x170.png 300w, http:\/\/ingycort.com.ar\/wp-content\/uploads\/2016\/11\/autopartista-6.png 449w\" sizes=\"(max-width: 300px) 100vw, 300px\" \/> <img decoding=\"async\" loading=\"lazy\" class=\"alignnone size-medium wp-image-746\" src=\"http:\/\/ingycort.com.ar\/wp-content\/uploads\/2016\/11\/autopartista-7-300x166.png\" alt=\"autopartista-7\" width=\"300\" height=\"166\" srcset=\"http:\/\/ingycort.com.ar\/wp-content\/uploads\/2016\/11\/autopartista-7-300x166.png 300w, http:\/\/ingycort.com.ar\/wp-content\/uploads\/2016\/11\/autopartista-7.png 453w\" sizes=\"(max-width: 300px) 100vw, 300px\" \/><\/p>\n<p style=\"padding-left: 30px;\">\n","protected":false},"excerpt":{"rendered":"<p>SECTOR AUTOPARTISTA (Exportaci\u00f3n) Terminales automotrices S.A. (T.A.S.A.) Planta industrial en CURDINAMARCA-BOGOTA-COLOMBIA Planta industrial dedicada a la fabricaci\u00f3n, ensamble y distribuci\u00f3n de auto-partes de suspencion y tren delantero de productos bajo licencia KOYO STEERING y TNK como marca propia. Comercializa en COLOMBIA, VENEZUELA, PANAM\u00c1 Y M\u00c9XICO. A dicha empresa, en el a\u00f1o 2002 se la ha <a href=\"http:\/\/ingycort.com.ar\/?page_id=464\" rel=\"nofollow\"><span class=\"sr-only\">Leer m\u00e1ssector autopartista exportacion<\/span>[&hellip;]<\/a><\/p>\n","protected":false},"author":1,"featured_media":0,"parent":0,"menu_order":0,"comment_status":"closed","ping_status":"closed","template":"","meta":[],"_links":{"self":[{"href":"http:\/\/ingycort.com.ar\/index.php?rest_route=\/wp\/v2\/pages\/464"}],"collection":[{"href":"http:\/\/ingycort.com.ar\/index.php?rest_route=\/wp\/v2\/pages"}],"about":[{"href":"http:\/\/ingycort.com.ar\/index.php?rest_route=\/wp\/v2\/types\/page"}],"author":[{"embeddable":true,"href":"http:\/\/ingycort.com.ar\/index.php?rest_route=\/wp\/v2\/users\/1"}],"replies":[{"embeddable":true,"href":"http:\/\/ingycort.com.ar\/index.php?rest_route=%2Fwp%2Fv2%2Fcomments&post=464"}],"version-history":[{"count":5,"href":"http:\/\/ingycort.com.ar\/index.php?rest_route=\/wp\/v2\/pages\/464\/revisions"}],"predecessor-version":[{"id":747,"href":"http:\/\/ingycort.com.ar\/index.php?rest_route=\/wp\/v2\/pages\/464\/revisions\/747"}],"wp:attachment":[{"href":"http:\/\/ingycort.com.ar\/index.php?rest_route=%2Fwp%2Fv2%2Fmedia&parent=464"}],"curies":[{"name":"wp","href":"https:\/\/api.w.org\/{rel}","templated":true}]}}