{"id":462,"date":"2016-11-11T11:27:42","date_gmt":"2016-11-11T14:27:42","guid":{"rendered":"http:\/\/ingycort.com.ar\/?page_id=462"},"modified":"2016-11-25T13:17:01","modified_gmt":"2016-11-25T16:17:01","slug":"sector-autopartista-nacional","status":"publish","type":"page","link":"http:\/\/ingycort.com.ar\/?page_id=462","title":{"rendered":"sector autopartista nacional"},"content":{"rendered":"<h1 style=\"text-align: center;\"><span style=\"text-decoration: underline;\">SECTOR AUTOPARTISTA (Nacional)<\/span><\/h1>\n<p>&nbsp;<\/p>\n<p>&nbsp;<\/p>\n<ul>\n<li>\n<h3>Deutz Arg. S.A. :<\/h3>\n<\/li>\n<\/ul>\n<p style=\"padding-left: 30px;\">Reconstrucci\u00f3n y cableado del tablero de control de prensa hidr\u00e1ulica de 90 toneladas, incluyendo el proceso de templado por inyecci\u00f3n de aceite a temperatura controlada. Programaci\u00f3n y posterior puesta en marcha con P.L.C. Izumi FA-2J.<\/p>\n<ul>\n<li>\n<h3>Deutz Argentina S.A. :<\/h3>\n<\/li>\n<\/ul>\n<p style=\"padding-left: 30px;\">Renovaci\u00f3n del sistema el\u00e9ctrico y cambio de tablero, incluyendo el montaje el\u00e9ctrico y la automatizaci\u00f3n de una alesadora vertical de 2 cabezas.<\/p>\n<ul>\n<li>\n<h3>Deutz Argentina S.A. :<\/h3>\n<\/li>\n<\/ul>\n<p style=\"padding-left: 30px;\">Automatizaci\u00f3n del sistema de rectificaci\u00f3n y lubricaci\u00f3n de un equipo existente, reutilizando el mismo para el proceso de rectificado de block&#8217;s de motores di\u00e9sel agro-industriales.<\/p>\n<p style=\"padding-left: 30px;\">Ambos equipamientos fueron realizados por P.L.C.&#8217;s Hitachi, modelos compactos.<\/p>\n<ul>\n<li>\n<h3>Ex Deutz Arg. &#8211; Agco S.A. :<\/h3>\n<\/li>\n<\/ul>\n<p style=\"padding-left: 30px;\">Renovaci\u00f3n del sistema el\u00e9ctrico y control de equipo fresador de dos cabezales, reemplazo del tablero el\u00e9ctrico original por un nuevo equipamiento con P.L.C. cableado nuevo, programaci\u00f3n y puesta en marcha.<\/p>\n<p style=\"padding-left: 30px;\">Algunas fotograf\u00edas adjuntas:<\/p>\n<p style=\"padding-left: 30px; text-align: center;\"><img decoding=\"async\" loading=\"lazy\" class=\"alignnone wp-image-835\" src=\"http:\/\/ingycort.com.ar\/wp-content\/uploads\/2016\/11\/1-7-300x200.png\" alt=\"1\" width=\"440\" height=\"293\" srcset=\"http:\/\/ingycort.com.ar\/wp-content\/uploads\/2016\/11\/1-7-300x200.png 300w, http:\/\/ingycort.com.ar\/wp-content\/uploads\/2016\/11\/1-7.png 452w, http:\/\/ingycort.com.ar\/wp-content\/uploads\/2016\/11\/1-7-272x182.png 272w\" sizes=\"(max-width: 440px) 100vw, 440px\" \/> <img decoding=\"async\" loading=\"lazy\" class=\"alignnone wp-image-836\" src=\"http:\/\/ingycort.com.ar\/wp-content\/uploads\/2016\/11\/2-7-227x300.png\" alt=\"2\" width=\"221\" height=\"292\" srcset=\"http:\/\/ingycort.com.ar\/wp-content\/uploads\/2016\/11\/2-7-227x300.png 227w, http:\/\/ingycort.com.ar\/wp-content\/uploads\/2016\/11\/2-7.png 232w\" sizes=\"(max-width: 221px) 100vw, 221px\" \/><\/p>\n<ul>\n<li>\n<h3>Maronese S.A. :<\/h3>\n<\/li>\n<\/ul>\n<p style=\"padding-left: 30px;\">Ingenier\u00eda, armado de tableros, montaje el\u00e9ctrico y automatizaci\u00f3n de 5 (cinco) maquinas de rectificado y mecanizado de auto-partes en subconjunto de motores di\u00e9sel TOYOTA.<\/p>\n<p style=\"padding-left: 30px;\">En todos los casos fueron utilizados P.L.C.&#8217;s TELEMECANIQUE TSX-37.<\/p>\n<p style=\"text-align: center;\"><img decoding=\"async\" loading=\"lazy\" class=\"alignnone size-medium wp-image-837\" src=\"http:\/\/ingycort.com.ar\/wp-content\/uploads\/2016\/11\/3-7-300x210.png\" alt=\"3\" width=\"300\" height=\"210\" srcset=\"http:\/\/ingycort.com.ar\/wp-content\/uploads\/2016\/11\/3-7-300x210.png 300w, http:\/\/ingycort.com.ar\/wp-content\/uploads\/2016\/11\/3-7.png 316w\" sizes=\"(max-width: 300px) 100vw, 300px\" \/> <img decoding=\"async\" loading=\"lazy\" class=\"alignnone wp-image-838\" src=\"http:\/\/ingycort.com.ar\/wp-content\/uploads\/2016\/11\/4-6.png\" alt=\"4\" width=\"244\" height=\"210\" \/> <img decoding=\"async\" loading=\"lazy\" class=\"alignnone size-medium wp-image-839\" src=\"http:\/\/ingycort.com.ar\/wp-content\/uploads\/2016\/11\/5-5.png\" alt=\"5\" width=\"295\" height=\"224\" \/><\/p>\n<ul>\n<li>\n<h3>Sevel S.A. (planta JEPPENER, Brandsen Pcia. de Bs. As.):<\/h3>\n<\/li>\n<\/ul>\n<p style=\"padding-left: 30px;\">Desarrollo, ingeniera, construcci\u00f3n de tablero el\u00e9ctrico, montaje el\u00e9ctrico, programaci\u00f3n de P.L.C. dise\u00f1o y configuraci\u00f3n de sistema SCADA y puesta en marcha de un banco de ensayos de bombas de aceite de motores de autom\u00f3viles.<\/p>\n<p style=\"padding-left: 30px;\">Dicho banco, procesa el 100% de la fabricaci\u00f3n de las bombas, monitoreando el proceso, controlando las secuencias, graficando las curvas de RPM a distintas velocidades de operaci\u00f3n, caudal, temperatura de aceite de ensayo y valores estad\u00edsticos de cada una de ellos.,<\/p>\n<p style=\"padding-left: 30px;\">Cuenta con un tablero el\u00e9ctrico integral que alberga el sistema de control P.L.C y la P.C. con el SCADA.<\/p>\n<p style=\"padding-left: 30px;\">Pantallas del sistema SCADA:<\/p>\n<p style=\"padding-left: 30px; text-align: center;\"><img decoding=\"async\" loading=\"lazy\" class=\"alignnone wp-image-840\" src=\"http:\/\/ingycort.com.ar\/wp-content\/uploads\/2016\/11\/6-5-300x241.png\" alt=\"6\" width=\"284\" height=\"228\" srcset=\"http:\/\/ingycort.com.ar\/wp-content\/uploads\/2016\/11\/6-5-300x241.png 300w, http:\/\/ingycort.com.ar\/wp-content\/uploads\/2016\/11\/6-5.png 417w\" sizes=\"(max-width: 284px) 100vw, 284px\" \/> <img decoding=\"async\" loading=\"lazy\" class=\"alignnone wp-image-841\" src=\"http:\/\/ingycort.com.ar\/wp-content\/uploads\/2016\/11\/7-4-300x225.png\" alt=\"7\" width=\"304\" height=\"228\" srcset=\"http:\/\/ingycort.com.ar\/wp-content\/uploads\/2016\/11\/7-4-300x225.png 300w, http:\/\/ingycort.com.ar\/wp-content\/uploads\/2016\/11\/7-4-285x214.png 285w, http:\/\/ingycort.com.ar\/wp-content\/uploads\/2016\/11\/7-4.png 445w\" sizes=\"(max-width: 304px) 100vw, 304px\" \/><\/p>\n<p style=\"padding-left: 30px; text-align: center;\"><img decoding=\"async\" loading=\"lazy\" class=\"alignnone size-medium wp-image-842\" src=\"http:\/\/ingycort.com.ar\/wp-content\/uploads\/2016\/11\/8-4-300x260.png\" alt=\"8\" width=\"300\" height=\"260\" srcset=\"http:\/\/ingycort.com.ar\/wp-content\/uploads\/2016\/11\/8-4-300x260.png 300w, http:\/\/ingycort.com.ar\/wp-content\/uploads\/2016\/11\/8-4.png 409w\" sizes=\"(max-width: 300px) 100vw, 300px\" \/> <img decoding=\"async\" loading=\"lazy\" class=\"alignnone size-medium wp-image-843\" src=\"http:\/\/ingycort.com.ar\/wp-content\/uploads\/2016\/11\/9-3-300x245.png\" alt=\"9\" width=\"300\" height=\"245\" srcset=\"http:\/\/ingycort.com.ar\/wp-content\/uploads\/2016\/11\/9-3-300x245.png 300w, http:\/\/ingycort.com.ar\/wp-content\/uploads\/2016\/11\/9-3.png 437w\" sizes=\"(max-width: 300px) 100vw, 300px\" \/><\/p>\n<p style=\"padding-left: 30px; text-align: left;\">La maquina en construcci\u00f3n:<\/p>\n<p style=\"padding-left: 30px; text-align: center;\"><img decoding=\"async\" loading=\"lazy\" class=\"alignnone size-medium wp-image-844\" src=\"http:\/\/ingycort.com.ar\/wp-content\/uploads\/2016\/11\/10-3-300x215.png\" alt=\"10\" width=\"300\" height=\"215\" srcset=\"http:\/\/ingycort.com.ar\/wp-content\/uploads\/2016\/11\/10-3-300x215.png 300w, http:\/\/ingycort.com.ar\/wp-content\/uploads\/2016\/11\/10-3.png 436w\" sizes=\"(max-width: 300px) 100vw, 300px\" \/> <img decoding=\"async\" loading=\"lazy\" class=\"alignnone size-medium wp-image-845\" src=\"http:\/\/ingycort.com.ar\/wp-content\/uploads\/2016\/11\/11-3-300x216.png\" alt=\"11\" width=\"300\" height=\"216\" srcset=\"http:\/\/ingycort.com.ar\/wp-content\/uploads\/2016\/11\/11-3-300x216.png 300w, http:\/\/ingycort.com.ar\/wp-content\/uploads\/2016\/11\/11-3.png 433w\" sizes=\"(max-width: 300px) 100vw, 300px\" \/> <img decoding=\"async\" loading=\"lazy\" class=\"alignnone size-medium wp-image-846\" src=\"http:\/\/ingycort.com.ar\/wp-content\/uploads\/2016\/11\/12-2-300x213.png\" alt=\"12\" width=\"300\" height=\"213\" srcset=\"http:\/\/ingycort.com.ar\/wp-content\/uploads\/2016\/11\/12-2-300x213.png 300w, http:\/\/ingycort.com.ar\/wp-content\/uploads\/2016\/11\/12-2.png 451w\" sizes=\"(max-width: 300px) 100vw, 300px\" \/> <img decoding=\"async\" loading=\"lazy\" class=\"alignnone size-medium wp-image-847\" src=\"http:\/\/ingycort.com.ar\/wp-content\/uploads\/2016\/11\/13-3-300x204.png\" alt=\"13\" width=\"300\" height=\"204\" srcset=\"http:\/\/ingycort.com.ar\/wp-content\/uploads\/2016\/11\/13-3-300x204.png 300w, http:\/\/ingycort.com.ar\/wp-content\/uploads\/2016\/11\/13-3.png 465w\" sizes=\"(max-width: 300px) 100vw, 300px\" \/><\/p>\n<ul>\n<li>\n<h3>Pilkington S.A. Ex Santa Lucia Cristal &#8211; Blindex :<\/h3>\n<\/li>\n<\/ul>\n<p style=\"padding-left: 30px;\">Empresa dedicada al rubro autopartista, producci\u00f3n de vidrios templados para parabrisas y lunetas de automotores.<\/p>\n<p style=\"padding-left: 30px;\">Proveedores de servicios, ingenier\u00eda y automatizaci\u00f3n desde el a\u00f1o 2002.<\/p>\n<ul>\n<li>Modificaci\u00f3n y posterior puesta en marcha de una linea de transporte y ensamble de parabrisas en el sector \u00ablaminado\u00bb, programado con un P.L.C. Allen-bradley, modelo SLC500 y drivers de servo-motores para la alineacion de los cristales en rack&#8217;s de transportes.\u00a0Planta ubicada en la localidad de Munro, Pcia de Bs. As.<\/li>\n<li>Modificaci\u00f3n del sistema de acumulaci\u00f3n de vidrios del sector \u00ablaminado\u00bb. Agregado de nuevas secuencias y seguridades en DIC Allen-Bradley modelo SLC500 con entradas\/salidas distribuidas en modo remote I\/O.<\/li>\n<li>Dise\u00f1o, construcci\u00f3n y montaje de instrumentos de control de humedad y temperatura para las salas de serigrafia de la planta. Desarrollos propios con tecnolog\u00eda micro procesada y display de gran tama\u00f1o.<\/li>\n<li>Ingenier\u00eda, construcci\u00f3n de tablero de control, montaje el\u00e9ctrico, automatizaci\u00f3n y posterior puesta en marcha de un sistema de separaci\u00f3n de vidrios del sector \u00abtemplado\u00bb. Automatismo realizado con P.L.C Allen-Bradley modelo SLC500 y panel de control \u00abpanel view 550\u00bb.<\/li>\n<li>Asistencia t\u00e9cnica y service en planta para distintas mejoras de procesos y sistema de control en general.<\/li>\n<li>\n<h3>Koyo Steering S.A. :<\/h3>\n<\/li>\n<\/ul>\n<p style=\"padding-left: 30px;\">Autopartista dedicado a la fabricaci\u00f3n de cajas de direcci\u00f3n asistida para veh\u00edculos de la linea RENAULT.<\/p>\n<ul>\n<li>Desarrollo, ingenier\u00eda, construcci\u00f3n de tablero el\u00e9ctrico, montaje el\u00e9ctrico, programaci\u00f3n de P.L.C dise\u00f1o y configuraci\u00f3n de sistema SCADA y puesta en marcha de un banco de ensayos de cajas de direcciones hidr\u00e1ulicas de autom\u00f3viles.<\/li>\n<\/ul>\n<p style=\"padding-left: 30px;\">Dicho banco, procesa el 100% de la fabricaci\u00f3n de las cajas de direcci\u00f3n, monitoreando el proceso a distintas presiones de trabajo, controlando las secuencias, graficando las curvas de presi\u00f3n y caudales a distintos reg\u00edmenes de operaci\u00f3n<\/p>\n<p style=\"padding-left: 30px;\">Al igual que el equipo anterior, se ha aprovechado la ingenier\u00eda para albergar en un solo tablero el P.L.C. (Hitachi modelo nuevo EH-150) y la P.C. con sistema SCADAS de supervision.<\/p>\n<p style=\"padding-left: 30px;\">Algunas fotos del sistema SCADA:<\/p>\n<p style=\"padding-left: 30px; text-align: center;\"><img decoding=\"async\" loading=\"lazy\" class=\"alignnone size-medium wp-image-848\" src=\"http:\/\/ingycort.com.ar\/wp-content\/uploads\/2016\/11\/14-3-300x238.png\" alt=\"14\" width=\"300\" height=\"238\" srcset=\"http:\/\/ingycort.com.ar\/wp-content\/uploads\/2016\/11\/14-3-300x238.png 300w, http:\/\/ingycort.com.ar\/wp-content\/uploads\/2016\/11\/14-3.png 430w\" sizes=\"(max-width: 300px) 100vw, 300px\" \/> <img decoding=\"async\" loading=\"lazy\" class=\"alignnone size-medium wp-image-849\" src=\"http:\/\/ingycort.com.ar\/wp-content\/uploads\/2016\/11\/15-300x243.png\" alt=\"15\" width=\"300\" height=\"243\" srcset=\"http:\/\/ingycort.com.ar\/wp-content\/uploads\/2016\/11\/15-300x243.png 300w, http:\/\/ingycort.com.ar\/wp-content\/uploads\/2016\/11\/15.png 413w\" sizes=\"(max-width: 300px) 100vw, 300px\" \/> <img decoding=\"async\" loading=\"lazy\" class=\"alignnone size-medium wp-image-850\" src=\"http:\/\/ingycort.com.ar\/wp-content\/uploads\/2016\/11\/16-300x252.png\" alt=\"16\" width=\"300\" height=\"252\" srcset=\"http:\/\/ingycort.com.ar\/wp-content\/uploads\/2016\/11\/16-300x252.png 300w, http:\/\/ingycort.com.ar\/wp-content\/uploads\/2016\/11\/16.png 417w\" sizes=\"(max-width: 300px) 100vw, 300px\" \/> <img decoding=\"async\" loading=\"lazy\" class=\"alignnone size-medium wp-image-851\" src=\"http:\/\/ingycort.com.ar\/wp-content\/uploads\/2016\/11\/17-300x229.png\" alt=\"17\" width=\"300\" height=\"229\" srcset=\"http:\/\/ingycort.com.ar\/wp-content\/uploads\/2016\/11\/17-300x229.png 300w, http:\/\/ingycort.com.ar\/wp-content\/uploads\/2016\/11\/17.png 458w\" sizes=\"(max-width: 300px) 100vw, 300px\" \/><\/p>\n<p style=\"padding-left: 30px; text-align: left;\">maquina en construcci\u00f3n:<\/p>\n<p style=\"padding-left: 30px; text-align: center;\"><img decoding=\"async\" loading=\"lazy\" class=\"alignnone size-medium wp-image-852\" src=\"http:\/\/ingycort.com.ar\/wp-content\/uploads\/2016\/11\/18-300x223.png\" alt=\"18\" width=\"300\" height=\"223\" srcset=\"http:\/\/ingycort.com.ar\/wp-content\/uploads\/2016\/11\/18-300x223.png 300w, http:\/\/ingycort.com.ar\/wp-content\/uploads\/2016\/11\/18.png 542w\" sizes=\"(max-width: 300px) 100vw, 300px\" \/> <img decoding=\"async\" loading=\"lazy\" class=\"alignnone size-medium wp-image-853\" src=\"http:\/\/ingycort.com.ar\/wp-content\/uploads\/2016\/11\/19-230x300.png\" alt=\"19\" width=\"230\" height=\"300\" srcset=\"http:\/\/ingycort.com.ar\/wp-content\/uploads\/2016\/11\/19-230x300.png 230w, http:\/\/ingycort.com.ar\/wp-content\/uploads\/2016\/11\/19.png 308w\" sizes=\"(max-width: 230px) 100vw, 230px\" \/> <img decoding=\"async\" loading=\"lazy\" class=\"alignnone size-medium wp-image-854\" src=\"http:\/\/ingycort.com.ar\/wp-content\/uploads\/2016\/11\/20-300x231.png\" alt=\"20\" width=\"300\" height=\"231\" srcset=\"http:\/\/ingycort.com.ar\/wp-content\/uploads\/2016\/11\/20-300x231.png 300w, http:\/\/ingycort.com.ar\/wp-content\/uploads\/2016\/11\/20.png 537w\" sizes=\"(max-width: 300px) 100vw, 300px\" \/> <img decoding=\"async\" loading=\"lazy\" class=\"alignnone size-medium wp-image-855\" src=\"http:\/\/ingycort.com.ar\/wp-content\/uploads\/2016\/11\/21-220x300.png\" alt=\"21\" width=\"220\" height=\"300\" srcset=\"http:\/\/ingycort.com.ar\/wp-content\/uploads\/2016\/11\/21-220x300.png 220w, http:\/\/ingycort.com.ar\/wp-content\/uploads\/2016\/11\/21.png 308w\" sizes=\"(max-width: 220px) 100vw, 220px\" \/><\/p>\n<h4 style=\"padding-left: 30px;\"><span style=\"text-decoration: underline;\">Otros proyectos para la misma empresa:<\/span><\/h4>\n<ul>\n<li>Dise\u00f1o, construcci\u00f3n, montaje, automatizaci\u00f3n y posterior puesta en marcha de una maquina especial de lavado (pulverizacion de aceite a presi\u00f3n) y montaje de cremallera en c\u00e1rter de cajas de direcci\u00f3n de la linea RENAULT\/PEUGEOT.<\/li>\n<\/ul>\n<p style=\"padding-left: 30px;\">se automatiz\u00f3 dicha maquina por controlador HITACHI ECL60 HRP y diferentes sensores por cada modelo de caja a ensamblar.<\/p>\n<p style=\"padding-left: 30px;\">Algunas fotograf\u00edas:<\/p>\n<p style=\"padding-left: 30px; text-align: center;\"><img decoding=\"async\" loading=\"lazy\" class=\"alignnone size-medium wp-image-856\" src=\"http:\/\/ingycort.com.ar\/wp-content\/uploads\/2016\/11\/22-229x300.png\" alt=\"22\" width=\"229\" height=\"300\" srcset=\"http:\/\/ingycort.com.ar\/wp-content\/uploads\/2016\/11\/22-229x300.png 229w, http:\/\/ingycort.com.ar\/wp-content\/uploads\/2016\/11\/22.png 298w\" sizes=\"(max-width: 229px) 100vw, 229px\" \/> <img decoding=\"async\" loading=\"lazy\" class=\"alignnone size-medium wp-image-857\" src=\"http:\/\/ingycort.com.ar\/wp-content\/uploads\/2016\/11\/23-222x300.png\" alt=\"23\" width=\"222\" height=\"300\" srcset=\"http:\/\/ingycort.com.ar\/wp-content\/uploads\/2016\/11\/23-222x300.png 222w, http:\/\/ingycort.com.ar\/wp-content\/uploads\/2016\/11\/23.png 290w\" sizes=\"(max-width: 222px) 100vw, 222px\" \/> <img decoding=\"async\" loading=\"lazy\" class=\"alignnone size-medium wp-image-858\" src=\"http:\/\/ingycort.com.ar\/wp-content\/uploads\/2016\/11\/24-228x300.png\" alt=\"24\" width=\"228\" height=\"300\" srcset=\"http:\/\/ingycort.com.ar\/wp-content\/uploads\/2016\/11\/24-228x300.png 228w, http:\/\/ingycort.com.ar\/wp-content\/uploads\/2016\/11\/24.png 299w\" sizes=\"(max-width: 228px) 100vw, 228px\" \/><\/p>\n<ul>\n<li>Modificaci\u00f3n y posterior automatizaci\u00f3n de un banco de ensamble de pi\u00f1\u00f3n y reten en cajas de direcci\u00f3n de la linea RENAULT\/PEUGEOT.<\/li>\n<\/ul>\n<p style=\"padding-left: 30px;\">Automatizaci\u00f3n nueva, completa con P.L.C KOYO DIRECT LOGIC 06 (Linea Compacta).<\/p>\n<ul>\n<li>Modificaci\u00f3n, re-ingenier\u00eda, montaje y automatizaci\u00f3n de una maquina de control de esfuerzo de deslizamiento de cajas de direcci\u00f3n de la linea RENAULT\/PEUGEOT (asistencia mensual).<\/li>\n<\/ul>\n<p style=\"padding-left: 30px;\">El sistema se complemento con 2 (dos) celdas de carga axiales, motores trifasicos a los extremos para los desplazamientos de los carros porta-celdas de carga y un motor paso a paso de gran torque parta el movimiento central de la cremalleras, ajuste y control de esfuerzo.<\/p>\n<p style=\"padding-left: 30px;\">Todo el conjunto se controla por lazo cerrado re-alimentando: \u00abajuste Vs esfuerzo en celdas de cargas\u00bb a trav\u00e9s de un PLC marca KOYO modelo DIRECT logic 06 y consola de dialogo Hombre\/Maquina OM420 (tambi\u00e9n de KOYO).<\/p>\n<ul>\n<li>\n<h3>Trinter S.A. :<\/h3>\n<\/li>\n<\/ul>\n<p style=\"padding-left: 30px;\">Autopartista, tambi\u00e9n dedicado a la fabricaci\u00f3n de cajas de direcci\u00f3n manuales y asistidas para veh\u00edculos de la linea FORD, VOLKSWAGEN y el mercado de reposici\u00f3n.<\/p>\n<ul>\n<li>Desarrollo, ingenier\u00eda, construcci\u00f3n de tablero el\u00e9ctrico, montaje el\u00e9ctrico, programaci\u00f3n PLC dise\u00f1o y configuraci\u00f3n de sistema SCADA y puesta en marcha de un banco de ensayos de cajas de direcciones hidr\u00e1ulicas de autom\u00f3viles.<\/li>\n<\/ul>\n<p style=\"padding-left: 30px;\">Dicho banco, procesa el 100% de la fabricaci\u00f3n de las cajas de direcci\u00f3n, monitoreando el proceso a distintas presiones de trabajo, controlando las secuencias, graficando las curvas de presi\u00f3n y caudales a distintos reg\u00edmenes de operaci\u00f3n, control de valores de esfuerzos por medio de celdas de cargas axiales y transductor de torque en el husillo.<\/p>\n<p style=\"padding-left: 30px;\">Aplicaci\u00f3n con motores paso a paso para todos los movimientos del ensayo.<\/p>\n<p style=\"padding-left: 30px;\">Algunas fotograf\u00edas:<\/p>\n<p style=\"padding-left: 30px; text-align: center;\"><img decoding=\"async\" loading=\"lazy\" class=\"alignnone size-medium wp-image-859\" src=\"http:\/\/ingycort.com.ar\/wp-content\/uploads\/2016\/11\/25-300x207.png\" alt=\"25\" width=\"300\" height=\"207\" srcset=\"http:\/\/ingycort.com.ar\/wp-content\/uploads\/2016\/11\/25-300x207.png 300w, http:\/\/ingycort.com.ar\/wp-content\/uploads\/2016\/11\/25.png 445w\" sizes=\"(max-width: 300px) 100vw, 300px\" \/> <img decoding=\"async\" loading=\"lazy\" class=\"alignnone size-medium wp-image-860\" src=\"http:\/\/ingycort.com.ar\/wp-content\/uploads\/2016\/11\/26-300x203.png\" alt=\"26\" width=\"300\" height=\"203\" srcset=\"http:\/\/ingycort.com.ar\/wp-content\/uploads\/2016\/11\/26-300x203.png 300w, http:\/\/ingycort.com.ar\/wp-content\/uploads\/2016\/11\/26.png 448w\" sizes=\"(max-width: 300px) 100vw, 300px\" \/><\/p>\n<p style=\"padding-left: 30px; text-align: left;\">Tablero de control:<\/p>\n<p style=\"padding-left: 30px; text-align: center;\"><img decoding=\"async\" loading=\"lazy\" class=\"alignnone size-medium wp-image-861\" src=\"http:\/\/ingycort.com.ar\/wp-content\/uploads\/2016\/11\/28-217x300.png\" alt=\"28\" width=\"217\" height=\"300\" srcset=\"http:\/\/ingycort.com.ar\/wp-content\/uploads\/2016\/11\/28-217x300.png 217w, http:\/\/ingycort.com.ar\/wp-content\/uploads\/2016\/11\/28.png 379w\" sizes=\"(max-width: 217px) 100vw, 217px\" \/> <img decoding=\"async\" loading=\"lazy\" class=\"alignnone size-medium wp-image-862\" src=\"http:\/\/ingycort.com.ar\/wp-content\/uploads\/2016\/11\/27-209x300.png\" alt=\"27\" width=\"209\" height=\"300\" srcset=\"http:\/\/ingycort.com.ar\/wp-content\/uploads\/2016\/11\/27-209x300.png 209w, http:\/\/ingycort.com.ar\/wp-content\/uploads\/2016\/11\/27.png 369w\" sizes=\"(max-width: 209px) 100vw, 209px\" \/><\/p>\n<ul>\n<li>\n<h3>Aniceto G\u00f3mez S.A. :<\/h3>\n<\/li>\n<\/ul>\n<p style=\"padding-left: 30px;\">Empresa dedicada al rubro de auto-partes en la construcci\u00f3n de resortes de suspensi\u00f3n para automotores nacionales y de exportaci\u00f3n.<\/p>\n<p style=\"padding-left: 30px;\">Armado, construcci\u00f3n y posterior puesta en marcha de un equipo de control para el sistema hidr\u00e1ulico de dicho equipo, controlado por un PLC IZUMI FA-2J.<\/p>\n<ul>\n<li>\n<h3>Master Argentina S.A. :<\/h3>\n<\/li>\n<\/ul>\n<p style=\"padding-left: 30px;\">Automatizaci\u00f3n completa de 2 (dos) hornos de templado continuo de engranajes para la empresa V.W TRANSAX S.A. (planta en la Pcia. de C\u00f3rdoba).<\/p>\n<p style=\"padding-left: 30px;\">Automatizaci\u00f3n realizada con PLC SIEMENNS S7-300 y piro-metros para control de temperatura con gr\u00e1fica de carta circular.<\/p>\n<p>&nbsp;<\/p>\n","protected":false},"excerpt":{"rendered":"<p>SECTOR AUTOPARTISTA (Nacional) &nbsp; &nbsp; Deutz Arg. S.A. : Reconstrucci\u00f3n y cableado del tablero de control de prensa hidr\u00e1ulica de 90 toneladas, incluyendo el proceso de templado por inyecci\u00f3n de aceite a temperatura controlada. Programaci\u00f3n y posterior puesta en marcha con P.L.C. Izumi FA-2J. Deutz Argentina S.A. : Renovaci\u00f3n del sistema el\u00e9ctrico y cambio de <a href=\"http:\/\/ingycort.com.ar\/?page_id=462\" rel=\"nofollow\"><span class=\"sr-only\">Leer m\u00e1ssector autopartista nacional<\/span>[&hellip;]<\/a><\/p>\n","protected":false},"author":1,"featured_media":0,"parent":0,"menu_order":0,"comment_status":"closed","ping_status":"closed","template":"","meta":[],"_links":{"self":[{"href":"http:\/\/ingycort.com.ar\/index.php?rest_route=\/wp\/v2\/pages\/462"}],"collection":[{"href":"http:\/\/ingycort.com.ar\/index.php?rest_route=\/wp\/v2\/pages"}],"about":[{"href":"http:\/\/ingycort.com.ar\/index.php?rest_route=\/wp\/v2\/types\/page"}],"author":[{"embeddable":true,"href":"http:\/\/ingycort.com.ar\/index.php?rest_route=\/wp\/v2\/users\/1"}],"replies":[{"embeddable":true,"href":"http:\/\/ingycort.com.ar\/index.php?rest_route=%2Fwp%2Fv2%2Fcomments&post=462"}],"version-history":[{"count":5,"href":"http:\/\/ingycort.com.ar\/index.php?rest_route=\/wp\/v2\/pages\/462\/revisions"}],"predecessor-version":[{"id":864,"href":"http:\/\/ingycort.com.ar\/index.php?rest_route=\/wp\/v2\/pages\/462\/revisions\/864"}],"wp:attachment":[{"href":"http:\/\/ingycort.com.ar\/index.php?rest_route=%2Fwp%2Fv2%2Fmedia&parent=462"}],"curies":[{"name":"wp","href":"https:\/\/api.w.org\/{rel}","templated":true}]}}