{"id":446,"date":"2016-11-10T13:22:45","date_gmt":"2016-11-10T16:22:45","guid":{"rendered":"http:\/\/ingycort.com.ar\/?page_id=446"},"modified":"2016-11-11T11:16:09","modified_gmt":"2016-11-11T14:16:09","slug":"sistemas-automaticos","status":"publish","type":"page","link":"http:\/\/ingycort.com.ar\/?page_id=446","title":{"rendered":"SISTEMAS AUTOM\u00c1TICOS"},"content":{"rendered":"<h1 style=\"text-align: center;\"><span style=\"text-decoration: underline;\">SISTEMAS AUTOM\u00c1TICOS<\/span>\u00a0en plantas industriales:<\/h1>\n<p style=\"padding-left: 30px;\">En la actualidad, la mayor parte de las industrias y\/o procesos de fabricaci\u00f3n, son automatizados. En los sistemas automatizados, la decisi\u00f3n, la inteligencia que realiza las acciones de fabricaci\u00f3n no las realiza el ser humano. La inteligencia de proceso esta contenida en la unidad de control o ando del sistema de fabricaci\u00f3n.<\/p>\n<p style=\"padding-left: 30px;\">La realizaci\u00f3n tecnol\u00f3gica de esa inteligencia ha adoptado diferentes formas o implementaciones a lo largo de la historia industrial. Desde automatismos puramente mec\u00e1nicos, hasta los aut\u00f3matas programables actuales.<\/p>\n<p style=\"padding-left: 30px;\">Hoy podemos afirmar que la mayor\u00eda de los procesos automatizados est\u00e1n controlados por aut\u00f3matas programables (P.L.C) y en menor medida por computadores de control de procesos y reguladores industriales.<\/p>\n<p style=\"padding-left: 30px;\">La combinaci\u00f3n de la inteligencia de los aut\u00f3matas programables (P.L.C) con los accionadores industriales, as\u00ed como el desarrollo de captadores y accionadores cada d\u00eda mas especializados, permite que se automatice un mayor numero de procesos, liberando al ser humano tanto de tareas de gran complicaci\u00f3n intelectual como de realizar esfuerzos sustituidos por accionadores electromec\u00e1nicos, neum\u00e1ticos, etc.<\/p>\n<p style=\"padding-left: 30px;\">En los \u00faltimos a\u00f1os, el mercado de los productos de automatizaci\u00f3n cambio y se incrementa continuamente tanto en sus gamas de productos, como en nuevos elementos para implantar y configurar en instalaciones automatizadas.<\/p>\n<p style=\"padding-left: 30px;\">La potencia de los aut\u00f3matas programables (P.L.C) ha aumentado considerablemente, dejando de ser unos \u00ablentos elementos de control que solo pueden sustituir a los cuadros de contadores\u00bb a ejecutar complicadas aplicaciones de control con un tiempo de computo m\u00ednimo y con una alta fiabilidad. Aun en las diferentes marcas y modelos de aut\u00f3matas, se han ido incorporando toda una gama de nuevos m\u00f3dulos para funciones especiales, como el control de ejes, el pesaje, la comunicaci\u00f3n, etc.<\/p>\n<p style=\"padding-left: 30px;\">Esto no solo ha sido posible con el desarrollo de la unidad de control(C.P.U) sino que se han invertido grandes esfuerzos e investigaciones en campos como son las redes de comunicaci\u00f3n industrial, los buses de campo, los buses de c\u00e9dula, los identificadores de productos, etc.<\/p>\n<h3 style=\"padding-left: 30px;\">Realizaci\u00f3n tecnol\u00f3gica de control:<\/h3>\n<p style=\"padding-left: 30px;\">Actualmente, peque\u00f1as automatizaciones, cuadros de mando, circuitos marcha\/paro se siguen realizando con las tecnolog\u00edas cableadas, como pueden ser los circuitos de rel\u00e9s y contactores. Pero en la mayor parte de los sistemas industriales automatizados, la \u00abtecnolog\u00eda del control aplicada\u00bb en una tecnolog\u00eda programada.<\/p>\n<p style=\"padding-left: 30px;\">Las herramientas cableadas se caracterizan por una realizaci\u00f3n que requiere \u00fanica, pero necesariamente, el establecimiento de uniones materiales (cableado) seg\u00fan un esquema provisto por la teor\u00eda o por la experiencia.<\/p>\n<p style=\"padding-left: 30px;\">Las imitaciones de las tecnolog\u00edas cableadas son:<\/p>\n<ul>\n<li style=\"padding-left: 30px;\">Espacio que ocupan y gran consumo energ\u00e9tico.<\/li>\n<li style=\"padding-left: 30px;\">Falta de flexibilizad y poca expansi\u00f3n a futuro.<\/li>\n<li style=\"padding-left: 30px;\">Solo aplicables a problemas sencillos y requieren gran intervenci\u00f3n del hombre.<\/li>\n<li style=\"padding-left: 30px;\">El tiempo invertido en la b\u00fasqueda de aver\u00edas y, por lo tanto, en la reparaci\u00f3n.<\/li>\n<li style=\"padding-left: 30px;\">A partir de unos 20 o 30 rel\u00e9s es mas barato aplicar un peque\u00f1o aut\u00f3mata.<\/li>\n<li style=\"padding-left: 30px;\">Tiene nula posibilidad de comunicaci\u00f3n a distancia.<\/li>\n<\/ul>\n<p>Las tecnolog\u00edas que permiten hacer automatismos cableados son:<\/p>\n<ul>\n<li>Rel\u00e9s electromagn\u00e9ticos:<\/li>\n<\/ul>\n<p style=\"padding-left: 90px;\">Compuesto de contactores accionados por una bobina electromagn\u00e9tica. La puesta en tensi\u00f3n de la bobina hace que los contactores conmuten debido a la fuerza electromagn\u00e9tica creada<\/p>\n<ul>\n<li>M\u00f3dulos l\u00f3gicos \u00a0neum\u00e1ticos:<\/li>\n<\/ul>\n<p style=\"padding-left: 90px;\">El fluido utilizado es aire comprimido, que act\u00faa sobre las membranas que accionan las mariposas de conmutaci\u00f3n.<\/p>\n<p style=\"padding-left: 30px;\">Estas tecnolog\u00edas se usaban en el tratamiento y toma de decisiones del sistema automatizado. En la actualidad el tratamiento y el control lo ejercen los aut\u00f3matas programables o computadoras industriales, habiendo reemplazado en gran cantidad de aplicaciones al cableado.<\/p>\n<p style=\"padding-left: 30px;\">Sin embargo, la acci\u00f3n directa sobre las maquinas sigue siendo efectuada mediante elementos de tecnolog\u00eda cableada. Los contactores el\u00e9ctricos dan alimentaci\u00f3n a los accionadores el\u00e9ctricos tales como motores, resistencias de calentamiento, etc. los rel\u00e9s el\u00e9ctricos siguen siendo utilizados aun, en las salidas digitales, relevando al aut\u00f3mata, en potencia.<\/p>\n<h3 style=\"padding-left: 30px;\">Sistemas automatizados:<\/h3>\n<p>Una forma cl\u00e1sica de abordar el estudio de los sistemas automatizados es la divisi\u00f3n en parte de mando y parte operativa.<\/p>\n<ul>\n<li>La parte operativa es la parte que act\u00faa directamente sobre la maquina y\/o proceso. Son los elementos que hacen que la maquina se mueva y realice la operaci\u00f3n. Forman parte de ella los accionadores como son los: motores de corriente continua, motores de corriente alterna, cilindros neum\u00e1ticos, accionadores hidr\u00e1ulicos, compresores, bombas, v\u00e1lvulas, etc.<\/li>\n<li>La parte de mando suele ser aut\u00f3mata programable. En un sistema de fabricaci\u00f3n en el centro del sistema. El aut\u00f3mata programable debe ser capaz de comunicarse con todos los constituyentes del sistema automatizado.<\/li>\n<\/ul>\n<p style=\"padding-left: 30px;\">El aut\u00f3mata elabora las acciones a realizar sobre el sistema de fabricaci\u00f3n o proceso, en base al programa que ha sido introducido en su memoria, en base a las se\u00f1ales de los captadores, y en base a las ordenes que provengan del operador.<\/p>\n<p style=\"padding-left: 30px;\">Los aut\u00f3matas pueden dialogar con el operario, por medio de interfaces de dialogo o computadoras con software especifico, recibiendo consignas y suministrando informaciones. Puede coordinarse con otros procesos comunic\u00e1ndose con los dem\u00e1s aut\u00f3matas de la planta industrial, la linea de producci\u00f3n o con un nivel superior de supervisi\u00f3n.<\/p>\n<h3 style=\"padding-left: 30px;\">Sistemas de supervisi\u00f3n, SCADA:<\/h3>\n<p style=\"padding-left: 30px;\">Los sistemas de supervisi\u00f3n, son por lo general, un software dedicado que se instala sobre una computadora industrial o com\u00fan (siempre de buena calidad), y permite el monitoreo, gr\u00e1fica y reporte de alarmas, en tiempo real, de lo que ocurre en un sistema automatizado por un aut\u00f3mata programable<\/p>\n<p style=\"padding-left: 30px;\">Tiene funciones diferentes al software que esta contenido dentro del P.L.C ya que no realiza l\u00f3gica de control, ni toma decisiones por ingresos de datos o variables del proceso o por el operador de planta, pero su funci\u00f3n es mucho mas amplia y mas din\u00e1mica, ya que permite entre otras cosas lo siguiente:<\/p>\n<ul>\n<li>Animaci\u00f3n en tiempo real del estado de los accionadores y captadores distribuidos a lo largo de la planta y\/o proceso. Lo realiza por medio de cambio de colores o mensaje de acuerdo al estado de los mismos.<\/li>\n<li>Indicaci\u00f3n de magnitudes o variables medidas en campo, como puede ser niveles, caudales, presiones, etc. Provenientes de sus respectivos instrumentos distribuidos en campo.<\/li>\n<li>Ingreso de variables o comandos por parte del operador de planta. Dicha persona ingresara, por medio de un \u00abpassword\u00bb que lo habilite, los comandos que le permitan operar \u00a0la plata a voluntad.<\/li>\n<li>Reportes y mensajes: la mayor\u00eda de los sistemas SCADA, tienen la posibilidad de imprimir reportes y\/o mensajes, en determinados momentos del d\u00eda o a solicitud del operador.<\/li>\n<li>Gr\u00e1ficos e hist\u00f3ricos: permiten graficar, en funci\u00f3n del tiempo, variables de proceso provenientes del campo, como ser magnitudes de caudales, presiones, nivel, etc. Estos gr\u00e1ficos e hist\u00f3ricos tambi\u00e9n podr\u00e1n imprimirse a voluntad del operador.<\/li>\n<li>Mensaje de alarmas: esta funci\u00f3n es una de las mas importantes del sistema, ya que permite indicar, con detalle lo que esta ocurriendo en la planta, para que el operador ejecute la acci\u00f3n reparadora o bien notifique a quien corresponda. Las alarmas siempre se almacenan en un archivo hist\u00f3rico independiente y pueden ser consultadas siempre que se desee para evaluar hist\u00f3ricamente el origen que provoco la falla.<\/li>\n<\/ul>\n<p>&nbsp;<\/p>\n","protected":false},"excerpt":{"rendered":"<p>SISTEMAS AUTOM\u00c1TICOS\u00a0en plantas industriales: En la actualidad, la mayor parte de las industrias y\/o procesos de fabricaci\u00f3n, son automatizados. En los sistemas automatizados, la decisi\u00f3n, la inteligencia que realiza las acciones de fabricaci\u00f3n no las realiza el ser humano. La inteligencia de proceso esta contenida en la unidad de control o ando del sistema de <a href=\"http:\/\/ingycort.com.ar\/?page_id=446\" rel=\"nofollow\"><span class=\"sr-only\">Leer m\u00e1sSISTEMAS AUTOM\u00c1TICOS<\/span>[&hellip;]<\/a><\/p>\n","protected":false},"author":1,"featured_media":0,"parent":0,"menu_order":0,"comment_status":"closed","ping_status":"closed","template":"","meta":[],"_links":{"self":[{"href":"http:\/\/ingycort.com.ar\/index.php?rest_route=\/wp\/v2\/pages\/446"}],"collection":[{"href":"http:\/\/ingycort.com.ar\/index.php?rest_route=\/wp\/v2\/pages"}],"about":[{"href":"http:\/\/ingycort.com.ar\/index.php?rest_route=\/wp\/v2\/types\/page"}],"author":[{"embeddable":true,"href":"http:\/\/ingycort.com.ar\/index.php?rest_route=\/wp\/v2\/users\/1"}],"replies":[{"embeddable":true,"href":"http:\/\/ingycort.com.ar\/index.php?rest_route=%2Fwp%2Fv2%2Fcomments&post=446"}],"version-history":[{"count":7,"href":"http:\/\/ingycort.com.ar\/index.php?rest_route=\/wp\/v2\/pages\/446\/revisions"}],"predecessor-version":[{"id":459,"href":"http:\/\/ingycort.com.ar\/index.php?rest_route=\/wp\/v2\/pages\/446\/revisions\/459"}],"wp:attachment":[{"href":"http:\/\/ingycort.com.ar\/index.php?rest_route=%2Fwp%2Fv2%2Fmedia&parent=446"}],"curies":[{"name":"wp","href":"https:\/\/api.w.org\/{rel}","templated":true}]}}