{"id":1126,"date":"2024-05-14T11:10:33","date_gmt":"2024-05-14T14:10:33","guid":{"rendered":"http:\/\/ingycort.com.ar\/?page_id=1126"},"modified":"2024-05-17T10:45:52","modified_gmt":"2024-05-17T13:45:52","slug":"aeropuerto-internacional-de-rosario-islas-malvinas","status":"publish","type":"page","link":"http:\/\/ingycort.com.ar\/?page_id=1126","title":{"rendered":"AEROPUERTO INTERNACIONAL DE ROSARIO, ISLAS MALVINAS"},"content":{"rendered":"\n<p><strong>SISTEMA DE CONTROL DE BALIZAMIENTO DE PISTA<\/strong><\/p>\n\n\n\n<figure class=\"wp-block-image size-large is-resized\"><a href=\"http:\/\/ingycort.com.ar\/wp-content\/uploads\/2024\/05\/2.jpg\"><img decoding=\"async\" loading=\"lazy\" src=\"http:\/\/ingycort.com.ar\/wp-content\/uploads\/2024\/05\/2-1024x682.jpg\" alt=\"\" class=\"wp-image-1133\" width=\"824\" height=\"548\" srcset=\"http:\/\/ingycort.com.ar\/wp-content\/uploads\/2024\/05\/2-1024x682.jpg 1024w, http:\/\/ingycort.com.ar\/wp-content\/uploads\/2024\/05\/2-300x200.jpg 300w, http:\/\/ingycort.com.ar\/wp-content\/uploads\/2024\/05\/2-768x512.jpg 768w, http:\/\/ingycort.com.ar\/wp-content\/uploads\/2024\/05\/2-750x500.jpg 750w, http:\/\/ingycort.com.ar\/wp-content\/uploads\/2024\/05\/2.jpg 1536w\" sizes=\"(max-width: 824px) 100vw, 824px\" \/><\/a><\/figure>\n\n\n\n<p><\/p>\n\n\n\n<p class=\"has-text-align-left\"><strong><mark style=\"background-color:rgba(0, 0, 0, 0)\" class=\"has-inline-color has-vivid-cyan-blue-color\">CONSTRUCCION DE TABLEROS, <strong><em>DESARROLLO DE LA INTERFAZ \u00abHMI\u00bb<\/em><\/strong> e INSTALACION DE FIBRA OPTICA:<\/mark><\/strong><\/p>\n\n\n\n<p>Previamente a lo mencionado, se ha llevado a cabo el <strong>desarrollo de una ingenier\u00eda<\/strong>, acompa\u00f1ado posteriormente, <strong>la programaci\u00f3n, desarrollo de la interfaz \u00abHMI\u00bb, y  puesta puesta<\/strong> en marcha para controlar el sistema de balizamiento de la pista de aterrizaje, de rodamiento y cabeceras de aterrizaje o decolaje. El sistema permitir\u00e1 el control de encendidos y apagados, niveles de intensidad, y reporte de fallas de los equipos de iluminaci\u00f3n de la pista. <\/p>\n\n\n\n<p>La programaci\u00f3n se llevo a cabo en el lenguaje \u00abLADDER\u00bb, utilizando un PLC <strong><em>(Programmer Logic Controller) M340 &#8211; SCHNEIDER<\/em><\/strong>, ya que el mismo es un\u00a0<strong>controlador de automatizaci\u00f3n programable<\/strong>\u00a0(PAC) y est\u00e1 construido para adaptarse a las necesidades de la industria de procesos y una amplia gama de aplicaciones exigentes de automatizaci\u00f3n. <\/p>\n\n\n\n<blockquote class=\"wp-block-quote\">\n<p>Asi tambien se realizo la comunicacion del controlador a los equipos del AEROPUERTO, mediante el tendido de <strong>FIBRA OPTICA<\/strong>, el cual podremos observar a continuaci\u00f3n:<\/p>\n<\/blockquote>\n\n\n\n<figure class=\"wp-block-image size-large\"><a href=\"http:\/\/ingycort.com.ar\/wp-content\/uploads\/2024\/05\/1-2.jpg\"><img decoding=\"async\" loading=\"lazy\" width=\"1024\" height=\"768\" src=\"http:\/\/ingycort.com.ar\/wp-content\/uploads\/2024\/05\/1-2-1024x768.jpg\" alt=\"\" class=\"wp-image-1209\" srcset=\"http:\/\/ingycort.com.ar\/wp-content\/uploads\/2024\/05\/1-2-1024x768.jpg 1024w, http:\/\/ingycort.com.ar\/wp-content\/uploads\/2024\/05\/1-2-300x225.jpg 300w, http:\/\/ingycort.com.ar\/wp-content\/uploads\/2024\/05\/1-2-768x576.jpg 768w, http:\/\/ingycort.com.ar\/wp-content\/uploads\/2024\/05\/1-2-1536x1152.jpg 1536w, http:\/\/ingycort.com.ar\/wp-content\/uploads\/2024\/05\/1-2-285x214.jpg 285w, http:\/\/ingycort.com.ar\/wp-content\/uploads\/2024\/05\/1-2.jpg 1600w\" sizes=\"(max-width: 1024px) 100vw, 1024px\" \/><\/a><\/figure>\n\n\n\n<p><\/p>\n\n\n\n<p><\/p>\n\n\n\n<p><\/p>\n\n\n\n<figure class=\"wp-block-image size-large\"><a href=\"http:\/\/ingycort.com.ar\/wp-content\/uploads\/2024\/05\/2-1.jpg\"><img decoding=\"async\" loading=\"lazy\" width=\"895\" height=\"1024\" src=\"http:\/\/ingycort.com.ar\/wp-content\/uploads\/2024\/05\/2-1-895x1024.jpg\" alt=\"\" class=\"wp-image-1210\" srcset=\"http:\/\/ingycort.com.ar\/wp-content\/uploads\/2024\/05\/2-1-895x1024.jpg 895w, http:\/\/ingycort.com.ar\/wp-content\/uploads\/2024\/05\/2-1-262x300.jpg 262w, http:\/\/ingycort.com.ar\/wp-content\/uploads\/2024\/05\/2-1-768x879.jpg 768w, http:\/\/ingycort.com.ar\/wp-content\/uploads\/2024\/05\/2-1.jpg 1200w\" sizes=\"(max-width: 895px) 100vw, 895px\" \/><\/a><\/figure>\n\n\n\n<p><\/p>\n\n\n\n<p><\/p>\n\n\n\n<p><\/p>\n\n\n\n<figure class=\"wp-block-image size-large\"><a href=\"http:\/\/ingycort.com.ar\/wp-content\/uploads\/2024\/05\/3-2.jpg\"><img decoding=\"async\" loading=\"lazy\" width=\"1024\" height=\"408\" src=\"http:\/\/ingycort.com.ar\/wp-content\/uploads\/2024\/05\/3-2-1024x408.jpg\" alt=\"\" class=\"wp-image-1211\" srcset=\"http:\/\/ingycort.com.ar\/wp-content\/uploads\/2024\/05\/3-2-1024x408.jpg 1024w, http:\/\/ingycort.com.ar\/wp-content\/uploads\/2024\/05\/3-2-300x119.jpg 300w, http:\/\/ingycort.com.ar\/wp-content\/uploads\/2024\/05\/3-2-768x306.jpg 768w, http:\/\/ingycort.com.ar\/wp-content\/uploads\/2024\/05\/3-2-1536x612.jpg 1536w, http:\/\/ingycort.com.ar\/wp-content\/uploads\/2024\/05\/3-2.jpg 1600w\" sizes=\"(max-width: 1024px) 100vw, 1024px\" \/><\/a><\/figure>\n\n\n\n<p><\/p>\n\n\n\n<p><\/p>\n\n\n\n<p><\/p>\n\n\n\n<figure class=\"wp-block-image size-large is-resized\"><a href=\"http:\/\/ingycort.com.ar\/wp-content\/uploads\/2024\/05\/5.jpg\"><img decoding=\"async\" loading=\"lazy\" src=\"http:\/\/ingycort.com.ar\/wp-content\/uploads\/2024\/05\/5-600x1024.jpg\" alt=\"\" class=\"wp-image-1212\" width=\"837\" height=\"1428\" srcset=\"http:\/\/ingycort.com.ar\/wp-content\/uploads\/2024\/05\/5-600x1024.jpg 600w, http:\/\/ingycort.com.ar\/wp-content\/uploads\/2024\/05\/5-176x300.jpg 176w, http:\/\/ingycort.com.ar\/wp-content\/uploads\/2024\/05\/5-768x1311.jpg 768w, http:\/\/ingycort.com.ar\/wp-content\/uploads\/2024\/05\/5-900x1536.jpg 900w, http:\/\/ingycort.com.ar\/wp-content\/uploads\/2024\/05\/5.jpg 937w\" sizes=\"(max-width: 837px) 100vw, 837px\" \/><\/a><\/figure>\n\n\n\n<p><\/p>\n\n\n\n<p><\/p>\n\n\n\n<blockquote class=\"wp-block-quote\">\n<p>El desarrollo de la INTERFAZ \u00abHMI\u00bb, fue en base a las exigencias y necesidades del aeropuerto, acompa\u00f1ado de nuestras propuesta, a fin de conseguir en conjunto un dise\u00f1o que sea de facil acceso y eficaz a la hora de operar el sistema. Para realizar el dise\u00f1o de la pantalla, utilizamos en el programa: <strong>\u00abEasyBuilder pro\u00bb<\/strong> (<strong>un software potente que simplifica de gran manera la edici\u00f3n de proyectos de visualizaci\u00f3n y soporta m\u00e1s tipos de protocolos de comunicaci\u00f3n: Ethernet\/IP<\/strong>.)<\/p>\n<\/blockquote>\n\n\n\n<figure class=\"wp-block-image size-full\"><a href=\"http:\/\/ingycort.com.ar\/wp-content\/uploads\/2024\/05\/1-1.jpg\"><img decoding=\"async\" loading=\"lazy\" width=\"959\" height=\"535\" src=\"http:\/\/ingycort.com.ar\/wp-content\/uploads\/2024\/05\/1-1.jpg\" alt=\"\" class=\"wp-image-1137\" srcset=\"http:\/\/ingycort.com.ar\/wp-content\/uploads\/2024\/05\/1-1.jpg 959w, http:\/\/ingycort.com.ar\/wp-content\/uploads\/2024\/05\/1-1-300x167.jpg 300w, http:\/\/ingycort.com.ar\/wp-content\/uploads\/2024\/05\/1-1-768x428.jpg 768w\" sizes=\"(max-width: 959px) 100vw, 959px\" \/><\/a><\/figure>\n\n\n<div class=\"wp-block-image\">\n<figure class=\"alignright size-large is-resized\"><a href=\"http:\/\/ingycort.com.ar\/wp-content\/uploads\/2024\/05\/11.jpg\"><img decoding=\"async\" loading=\"lazy\" src=\"http:\/\/ingycort.com.ar\/wp-content\/uploads\/2024\/05\/11-1024x572.jpg\" alt=\"\" class=\"wp-image-1162\" width=\"838\" height=\"460\"\/><\/a><\/figure><\/div>\n\n\n<p><\/p>\n\n\n\n<p><a>Resumen del Sistema de Balizamiento<\/a>:<br>En la mitad inferior de la pantalla, disponemos de un resumen del estado de los circuitos de iluminaci\u00f3n donde adem\u00e1s de visualizar, nos dar\u00e1 acceso a las pantallas individuales de cada equipo. Y a su vez, la selecci\u00f3n de la cabecera que se desea utilizar.<\/p>\n\n\n\n<p><\/p>\n\n\n\n<figure class=\"wp-block-image size-full is-resized\"><a href=\"http:\/\/ingycort.com.ar\/wp-content\/uploads\/2024\/05\/4.png\"><img decoding=\"async\" loading=\"lazy\" src=\"http:\/\/ingycort.com.ar\/wp-content\/uploads\/2024\/05\/4.png\" alt=\"\" class=\"wp-image-1138\" width=\"839\" height=\"202\" srcset=\"http:\/\/ingycort.com.ar\/wp-content\/uploads\/2024\/05\/4.png 738w, http:\/\/ingycort.com.ar\/wp-content\/uploads\/2024\/05\/4-300x72.png 300w\" sizes=\"(max-width: 839px) 100vw, 839px\" \/><\/a><\/figure>\n\n\n\n<p><strong><a>Cabecera 20<\/a>:<br><\/strong>Estando situados en el men\u00fa principal de la pista y pulsando el bot\u00f3n de Cabecera 20 ubicado en el margen inferior derecho, nos dirigir\u00e1 a un panorama general de las luces y una secci\u00f3n de comandos para accionar los sistemas de ALS, Flash, y Umbral 20<strong>.<\/strong><\/p>\n\n\n\n<figure class=\"wp-block-image size-large\"><a href=\"http:\/\/ingycort.com.ar\/wp-content\/uploads\/2024\/05\/5.png\"><img decoding=\"async\" loading=\"lazy\" width=\"1024\" height=\"600\" src=\"http:\/\/ingycort.com.ar\/wp-content\/uploads\/2024\/05\/5-1024x600.png\" alt=\"\" class=\"wp-image-1140\" srcset=\"http:\/\/ingycort.com.ar\/wp-content\/uploads\/2024\/05\/5-1024x600.png 1024w, http:\/\/ingycort.com.ar\/wp-content\/uploads\/2024\/05\/5-300x176.png 300w, http:\/\/ingycort.com.ar\/wp-content\/uploads\/2024\/05\/5-768x450.png 768w, http:\/\/ingycort.com.ar\/wp-content\/uploads\/2024\/05\/5.png 1279w\" sizes=\"(max-width: 1024px) 100vw, 1024px\" \/><\/a><\/figure>\n\n\n\n<p><\/p>\n\n\n\n<blockquote class=\"wp-block-quote\">\n<p><strong><em>CONSTRUCCION DE TABLERO <strong>DE AUTOMATISMO<\/strong>:<\/em><\/strong><\/p>\n<\/blockquote>\n\n\n\n<div class=\"is-layout-flex wp-container-2 wp-block-columns\">\n<div class=\"is-layout-flow wp-block-column\" style=\"flex-basis:100%\"><div class=\"wp-block-image\">\n<figure class=\"aligncenter size-large is-resized\"><a href=\"http:\/\/ingycort.com.ar\/wp-content\/uploads\/2024\/05\/7.jpg\"><img decoding=\"async\" loading=\"lazy\" src=\"http:\/\/ingycort.com.ar\/wp-content\/uploads\/2024\/05\/7-576x1024.jpg\" alt=\"\" class=\"wp-image-1147\" width=\"475\" height=\"844\" srcset=\"http:\/\/ingycort.com.ar\/wp-content\/uploads\/2024\/05\/7-576x1024.jpg 576w, http:\/\/ingycort.com.ar\/wp-content\/uploads\/2024\/05\/7-169x300.jpg 169w, http:\/\/ingycort.com.ar\/wp-content\/uploads\/2024\/05\/7-768x1365.jpg 768w, http:\/\/ingycort.com.ar\/wp-content\/uploads\/2024\/05\/7-864x1536.jpg 864w, http:\/\/ingycort.com.ar\/wp-content\/uploads\/2024\/05\/7.jpg 900w\" sizes=\"(max-width: 475px) 100vw, 475px\" \/><\/a><\/figure><\/div><\/div>\n<\/div>\n\n\n\n<p><\/p>\n\n\n\n<figure class=\"wp-block-image size-large\"><a href=\"http:\/\/ingycort.com.ar\/wp-content\/uploads\/2024\/05\/8.jpg\"><img decoding=\"async\" loading=\"lazy\" width=\"1024\" height=\"576\" src=\"http:\/\/ingycort.com.ar\/wp-content\/uploads\/2024\/05\/8-1024x576.jpg\" alt=\"\" class=\"wp-image-1148\" srcset=\"http:\/\/ingycort.com.ar\/wp-content\/uploads\/2024\/05\/8-1024x576.jpg 1024w, http:\/\/ingycort.com.ar\/wp-content\/uploads\/2024\/05\/8-300x169.jpg 300w, http:\/\/ingycort.com.ar\/wp-content\/uploads\/2024\/05\/8-768x432.jpg 768w, http:\/\/ingycort.com.ar\/wp-content\/uploads\/2024\/05\/8-1536x864.jpg 1536w, http:\/\/ingycort.com.ar\/wp-content\/uploads\/2024\/05\/8.jpg 1600w\" sizes=\"(max-width: 1024px) 100vw, 1024px\" \/><\/a><\/figure>\n\n\n\n<p><\/p>\n\n\n\n<p><\/p>\n\n\n\n<p><\/p>\n\n\n\n<figure class=\"wp-block-image size-large\"><a href=\"http:\/\/ingycort.com.ar\/wp-content\/uploads\/2024\/05\/9.jpg\"><img decoding=\"async\" loading=\"lazy\" width=\"1024\" height=\"576\" src=\"http:\/\/ingycort.com.ar\/wp-content\/uploads\/2024\/05\/9-1024x576.jpg\" alt=\"\" class=\"wp-image-1149\" srcset=\"http:\/\/ingycort.com.ar\/wp-content\/uploads\/2024\/05\/9-1024x576.jpg 1024w, http:\/\/ingycort.com.ar\/wp-content\/uploads\/2024\/05\/9-300x169.jpg 300w, http:\/\/ingycort.com.ar\/wp-content\/uploads\/2024\/05\/9-768x432.jpg 768w, http:\/\/ingycort.com.ar\/wp-content\/uploads\/2024\/05\/9-1536x864.jpg 1536w, http:\/\/ingycort.com.ar\/wp-content\/uploads\/2024\/05\/9.jpg 1600w\" sizes=\"(max-width: 1024px) 100vw, 1024px\" \/><\/a><\/figure>\n\n\n\n<p><\/p>\n\n\n\n<p><\/p>\n\n\n\n<p><\/p>\n\n\n\n<figure class=\"wp-block-image size-large\"><a href=\"http:\/\/ingycort.com.ar\/wp-content\/uploads\/2024\/05\/10.jpg\"><img decoding=\"async\" loading=\"lazy\" width=\"1024\" height=\"576\" src=\"http:\/\/ingycort.com.ar\/wp-content\/uploads\/2024\/05\/10-1024x576.jpg\" alt=\"\" class=\"wp-image-1150\" srcset=\"http:\/\/ingycort.com.ar\/wp-content\/uploads\/2024\/05\/10-1024x576.jpg 1024w, http:\/\/ingycort.com.ar\/wp-content\/uploads\/2024\/05\/10-300x169.jpg 300w, http:\/\/ingycort.com.ar\/wp-content\/uploads\/2024\/05\/10-768x432.jpg 768w, http:\/\/ingycort.com.ar\/wp-content\/uploads\/2024\/05\/10-1536x864.jpg 1536w, http:\/\/ingycort.com.ar\/wp-content\/uploads\/2024\/05\/10.jpg 1600w\" sizes=\"(max-width: 1024px) 100vw, 1024px\" \/><\/a><\/figure>\n\n\n\n<p><\/p>\n\n\n\n<p><\/p>\n\n\n\n<p><\/p>\n\n\n\n<figure class=\"wp-block-image size-large is-resized\"><a href=\"http:\/\/ingycort.com.ar\/wp-content\/uploads\/2024\/05\/20.jpg\"><img decoding=\"async\" loading=\"lazy\" src=\"http:\/\/ingycort.com.ar\/wp-content\/uploads\/2024\/05\/20-789x1024.jpg\" alt=\"\" class=\"wp-image-1203\" width=\"840\" height=\"1090\" srcset=\"http:\/\/ingycort.com.ar\/wp-content\/uploads\/2024\/05\/20-789x1024.jpg 789w, http:\/\/ingycort.com.ar\/wp-content\/uploads\/2024\/05\/20-231x300.jpg 231w, http:\/\/ingycort.com.ar\/wp-content\/uploads\/2024\/05\/20-768x997.jpg 768w, http:\/\/ingycort.com.ar\/wp-content\/uploads\/2024\/05\/20.jpg 1072w\" sizes=\"(max-width: 840px) 100vw, 840px\" \/><\/a><\/figure>\n\n\n\n<p><\/p>\n\n\n\n<p><\/p>\n\n\n\n<p><\/p>\n\n\n\n<figure class=\"wp-block-image size-large is-resized\"><a href=\"http:\/\/ingycort.com.ar\/wp-content\/uploads\/2024\/05\/21.jpg\"><img decoding=\"async\" loading=\"lazy\" src=\"http:\/\/ingycort.com.ar\/wp-content\/uploads\/2024\/05\/21-924x1024.jpg\" alt=\"\" class=\"wp-image-1204\" width=\"840\" height=\"930\" srcset=\"http:\/\/ingycort.com.ar\/wp-content\/uploads\/2024\/05\/21-924x1024.jpg 924w, http:\/\/ingycort.com.ar\/wp-content\/uploads\/2024\/05\/21-271x300.jpg 271w, http:\/\/ingycort.com.ar\/wp-content\/uploads\/2024\/05\/21-768x851.jpg 768w, http:\/\/ingycort.com.ar\/wp-content\/uploads\/2024\/05\/21.jpg 1200w\" sizes=\"(max-width: 840px) 100vw, 840px\" \/><\/a><figcaption class=\"wp-element-caption\"> <\/figcaption><\/figure>\n","protected":false},"excerpt":{"rendered":"<p>SISTEMA DE CONTROL DE BALIZAMIENTO DE PISTA CONSTRUCCION DE TABLEROS, DESARROLLO DE LA INTERFAZ \u00abHMI\u00bb e INSTALACION DE FIBRA OPTICA: Previamente a lo mencionado, se ha llevado a cabo el desarrollo de una ingenier\u00eda, acompa\u00f1ado posteriormente, la programaci\u00f3n, desarrollo de la interfaz \u00abHMI\u00bb, y puesta puesta en marcha para controlar el sistema de balizamiento de <a href=\"http:\/\/ingycort.com.ar\/?page_id=1126\" rel=\"nofollow\"><span class=\"sr-only\">Leer m\u00e1sAEROPUERTO INTERNACIONAL DE ROSARIO, ISLAS MALVINAS<\/span>[&hellip;]<\/a><\/p>\n","protected":false},"author":1,"featured_media":0,"parent":0,"menu_order":0,"comment_status":"closed","ping_status":"closed","template":"","meta":[],"_links":{"self":[{"href":"http:\/\/ingycort.com.ar\/index.php?rest_route=\/wp\/v2\/pages\/1126"}],"collection":[{"href":"http:\/\/ingycort.com.ar\/index.php?rest_route=\/wp\/v2\/pages"}],"about":[{"href":"http:\/\/ingycort.com.ar\/index.php?rest_route=\/wp\/v2\/types\/page"}],"author":[{"embeddable":true,"href":"http:\/\/ingycort.com.ar\/index.php?rest_route=\/wp\/v2\/users\/1"}],"replies":[{"embeddable":true,"href":"http:\/\/ingycort.com.ar\/index.php?rest_route=%2Fwp%2Fv2%2Fcomments&post=1126"}],"version-history":[{"count":37,"href":"http:\/\/ingycort.com.ar\/index.php?rest_route=\/wp\/v2\/pages\/1126\/revisions"}],"predecessor-version":[{"id":1223,"href":"http:\/\/ingycort.com.ar\/index.php?rest_route=\/wp\/v2\/pages\/1126\/revisions\/1223"}],"wp:attachment":[{"href":"http:\/\/ingycort.com.ar\/index.php?rest_route=%2Fwp%2Fv2%2Fmedia&parent=1126"}],"curies":[{"name":"wp","href":"https:\/\/api.w.org\/{rel}","templated":true}]}}